{"id":91,"date":"2017-08-18T07:55:19","date_gmt":"2017-08-18T05:55:19","guid":{"rendered":"http:\/\/eoleenbeuv.cluster023.hosting.ovh.net\/?page_id=91"},"modified":"2026-03-06T06:34:24","modified_gmt":"2026-03-06T05:34:24","slug":"associations","status":"publish","type":"page","link":"https:\/\/www.eoleenbeauce.fr\/vie-municipale\/associations\/","title":{"rendered":"Associations"},"content":{"rendered":"<div class=\"page\">\n<div class=\"hero-title-wrap\">\n<h1 class=\"hero-title\">Annuaire des Associations<\/h1>\n<div class=\"hero-bar\"><\/div>\n<\/p><\/div>\n<p class=\"intro-text\">Notre commune d&rsquo;\u00c9ole-en-Beauce est heureuse de compter de nombreuses associations qui animent notre territoire.<\/p>\n<div class=\"section-label\"><span>Les Associations Principales de la Commune<\/span><\/div>\n<div class=\"asso-grid\">\n<div class=\"asso-card\">\n<div class=\"asso-card-logo\"><\/div>\n<h4><a href=\"https:\/\/www.eoleenbeauce.fr\/vie-locale\/associations\/annuaire-des-associations\/le-comite-des-fetes-de-baignolet\/\">Le Comit\u00e9 des f\u00eates de Baignolet<\/a><\/h4>\n<p>\ud83d\udc64 Pr\u00e9sidente : Virginie BRETHEAU<\/p>\n<p>T\u00e9l. : 02.37.99.17.87<\/p>\n<p>\ud83d\udce7 comitedesfetesdebaignolet@gmail.com<\/p>\n<\/p><\/div>\n<div class=\"asso-card\">\n<div class=\"asso-card-logo\"><img decoding=\"async\" src=\"https:\/\/www.eoleenbeauce.fr\/wp-content\/uploads\/2019\/03\/Logo-FR-Fains-La-Folie-RVB.jpg\" alt=\"Logo Familles Rurales Fains-la-Folie\"\/><\/div>\n<h4><a href=\"https:\/\/www.eoleenbeauce.fr\/vie-locale\/associations\/annuaire-des-associations\/les-familles-rurales-de-fains-la-folie\/\">Les Familles Rurales de Fains-la-Folie<\/a><\/h4>\n<p>\ud83d\udc64 Pr\u00e9sidente : Sophie DILLENSEGER<\/p>\n<p>T\u00e9l. : 06.72.28.23.99<\/p>\n<p>\ud83d\udce7 famillesruralesfainslafolie@gmail.com<\/p>\n<\/p><\/div>\n<div class=\"asso-card\">\n<div class=\"asso-card-logo\"><img decoding=\"async\" src=\"https:\/\/www.eoleenbeauce.fr\/wp-content\/uploads\/2019\/03\/FR-Viabon-RVB.jpg\" alt=\"Logo Familles Rurales Viabon\"\/><\/div>\n<h4><a href=\"https:\/\/www.eoleenbeauce.fr\/vie-locale\/associations\/annuaire-des-associations\/les-familles-rurales-de-viabon\/\">Les Familles Rurales de Viabon<\/a><\/h4>\n<p>\ud83d\udc64 Pr\u00e9sidente : Estrella VANNEAU<\/p>\n<p>T\u00e9l. : 06.89.37.46.30<\/p>\n<p>\ud83d\udce7 famillesruralesviabon28150@gmail.com<\/p>\n<\/p><\/div>\n<div class=\"asso-card\">\n<div class=\"asso-card-logo\"><img decoding=\"async\" src=\"https:\/\/www.eoleenbeauce.fr\/wp-content\/uploads\/2020\/06\/Logo-Vie-La-Joie-300x141.png\" alt=\"Logo Vie La Joie\"\/><\/div>\n<h4><a href=\"https:\/\/www.facebook.com\/asso.vielajoie\" target=\"_blank\">Vie La Joie<\/a><\/h4>\n<p>\ud83d\udc64 Pr\u00e9sidente : V\u00e9ronique HURLOT<\/p>\n<p>T\u00e9l. : 06.61.43.06.26<\/p>\n<p>\ud83d\udce7 asso.vielajoie@outlook.fr<\/p>\n<\/p><\/div>\n<div class=\"asso-card\">\n<div class=\"asso-card-logo\"><\/div>\n<h4>Amicale des Sapeurs-pompiers de Viabon<\/h4>\n<p>\ud83d\udc64 Pr\u00e9sidente : Nathalie DION<\/p>\n<p>T\u00e9l. : 06.21.98.36.86<\/p>\n<p>\ud83d\udce7 rabasa.nat@live.fr<\/p>\n<\/p><\/div>\n<\/p><\/div>\n<hr class=\"divider\"\/>\n<div class=\"section-label\"><span>Liste des Associations de la Commune<\/span><\/div>\n<p class=\"note-text\">Si une association n&rsquo;est pas indiqu\u00e9e, merci de le signaler par mail \u00e0 : <a href=\"mailto:mairieeoleenbeauce@orange.fr\">mairieeoleenbeauce@orange.fr<\/a><\/p>\n<div class=\"asso-grid\">\n<div class=\"asso-card\">\n<h4>4 Ailes des Plaines<\/h4>\n<p>\ud83d\udccd 1 rue de Tandegu\u00e9, Bisseau, 28150 Villeau<\/p>\n<p>\ud83d\udcc5 Cr\u00e9ation : 05\/04\/2011<\/p>\n<p>RNA : W281004794 \u2013 N\u00b0 parution : 20110016<\/p>\n<\/p><\/div>\n<div class=\"asso-card\">\n<h4>Association du CAMPS de Chartres<\/h4>\n<p>\ud83d\udccd 12 rue de la Ville aux Clercs, Bessay, 28150 Villeau<\/p>\n<p>\ud83d\udcc5 Cr\u00e9ation : 01\/12\/2015 \u2013 N\u00b0 parution : 20150050<\/p>\n<p>RNA : W281005658<\/p>\n<\/p><\/div>\n<div class=\"asso-card\">\n<h4>Association Pilgrime<\/h4>\n<p>\ud83d\udccd 11, Toulifaut, 28140 Germignonville<\/p>\n<p>\ud83d\udcc5 Cr\u00e9ation : 23\/07\/2001 \u2013 N\u00b0 parution : 20010033<\/p>\n<\/p><\/div>\n<div class=\"asso-card\">\n<h4>Beauce Auto Sport<\/h4>\n<p>\ud83d\udccd rue de Tandegue, 28150 Villeau<\/p>\n<p>\ud83d\udcc5 Cr\u00e9ation : 20\/11\/2001 \u2013 N\u00b0 parution : 20010050<\/p>\n<\/p><\/div>\n<div class=\"asso-card\">\n<h4>Dauph&rsquo;Club eur\u00e9lien et d\u00e9riv\u00e9es<\/h4>\n<p>\ud83d\udc64 Pr\u00e9sident : Micha\u00ebl DELVOYE<\/p>\n<p>T\u00e9l. : 02.37.99.47.85<\/p>\n<p>\ud83d\udccd 19 rue de la Mairie, 28140 Germignonville<\/p>\n<p>\ud83d\udcc5 Cr\u00e9ation : 11\/08\/2015<\/p>\n<p>RNA : W281005610 \u2013 N\u00b0 parution : 20150034<\/p>\n<\/p><\/div>\n<div class=\"asso-card\">\n<h4>\u00c9du Cat Pat<\/h4>\n<p>\ud83d\udccd 2 rue de la Grande Barre, 28150 Villeau<\/p>\n<p>\ud83d\udcc5 Cr\u00e9ation : 06\/05\/2008<\/p>\n<p>RNA : W281003751 \u2013 N\u00b0 parution : 20080022<\/p>\n<\/p><\/div>\n<div class=\"asso-card\">\n<h4>Groupement d&#8217;employeurs des pentes<\/h4>\n<p>\ud83d\udccd Marasson, 28140 Germignonville<\/p>\n<p>\ud83d\udcc5 Cr\u00e9ation : 15\/01\/2013<\/p>\n<p>RNA : W281005090 \u2013 N\u00b0 parution : 20130005<\/p>\n<\/p><\/div>\n<div class=\"asso-card\">\n<h4>Groupement d&#8217;employeurs ESDL<\/h4>\n<p>\ud83d\udccd \u00c9ranville, 28150 Viabon<\/p>\n<p>\ud83d\udcc5 Cr\u00e9ation : 28\/02\/2014<\/p>\n<p>RNA : W281005329 \u2013 N\u00b0 parution : 20140011<\/p>\n<\/p><\/div>\n<div class=\"asso-card\">\n<h4>Groupement d&#8217;employeurs Pillon<\/h4>\n<p>\ud83d\udccd Cambray, 28140 Germignonville<\/p>\n<p>\ud83d\udcc5 Cr\u00e9ation : 24\/09\/2001 \u2013 N\u00b0 parution : 20010041<\/p>\n<\/p><\/div>\n<div class=\"asso-card\">\n<h4>La Casa<\/h4>\n<p>\ud83d\udccd 5 rue de l&rsquo;\u00e9glise, 28140 Germignonville<\/p>\n<p>\ud83d\udcc5 Cr\u00e9ation : 19\/01\/2004 \u2013 N\u00b0 parution : 20040007<\/p>\n<\/p><\/div>\n<div class=\"asso-card\">\n<h4>Le Club des retrait\u00e9s de Fains-la-Folie<\/h4>\n<p>\ud83d\udc64 Pr\u00e9sidente : Lise-Marie AUBERT<\/p>\n<p>T\u00e9l. : 02.37.99.13.09<\/p>\n<\/p><\/div>\n<div class=\"asso-card\">\n<h4>Les amis du site de Cambray<\/h4>\n<p>\ud83d\udccd Ch\u00e2teau de Cambray, 28140 Germignonville<\/p>\n<p>\ud83d\udcc5 Cr\u00e9ation : 17\/02\/1999 \u2013 N\u00b0 parution : 19990012<\/p>\n<\/p><\/div>\n<div class=\"asso-card\">\n<h4>Les \u00c9ph\u00e9m\u00e8res<\/h4>\n<p>\ud83d\udccd 9 rue de Tandegu\u00e9, Bisseau, 28150 Villeau<\/p>\n<p>\ud83d\udcc5 Cr\u00e9ation : 18\/12\/2013<\/p>\n<p>RNA : W281005291 \u2013 N\u00b0 parution : 20130052<\/p>\n<\/p><\/div>\n<div class=\"asso-card\">\n<h4>Les tandems fous<\/h4>\n<p>\ud83d\udccd Brainville, 28150 Fains-la-Folie<\/p>\n<p>\ud83d\udcc5 Cr\u00e9ation : 04\/07\/2003 \u2013 N\u00b0 parution : 20030032<\/p>\n<\/p><\/div>\n<div class=\"asso-card\">\n<h4><a href=\"https:\/\/www.facebook.com\/lesZellesdeschamps\/\" target=\"_blank\">Les Z&rsquo;Elles des Champs<\/a><\/h4>\n<p>\ud83d\udc64 Pr\u00e9sidente : Edwige TRUBERT<\/p>\n<p>T\u00e9l. : 06.87.16.25.58<\/p>\n<p>\ud83d\udce7 leszellesdeschamps@gmail.com<\/p>\n<p>\ud83d\udccd 1B rue du Ch\u00e2teau d&rsquo;eau de Fains-la-Folie, 28150 \u00c9ole-en-Beauce<\/p>\n<p>\ud83d\udcc5 Cr\u00e9ation : 23\/10\/2018<\/p>\n<p>RNA : W281009365 \u2013 N\u00b0 parution : 20180046<\/p>\n<\/p><\/div>\n<div class=\"asso-card\">\n<h4>Mam&rsquo;be<\/h4>\n<p>\ud83d\udccd 10 rue de la Conie, 28150 Viabon<\/p>\n<p>\ud83d\udcc5 Cr\u00e9ation : 26\/08\/2004 \u2013 N\u00b0 parution : 20040038<\/p>\n<\/p><\/div>\n<div class=\"asso-card\">\n<h4>Organo-Beauce<\/h4>\n<p>\ud83d\udccd 1 rue de Tandegu\u00e9, Bisseau, 28150 Villeau<\/p>\n<p>\ud83d\udcc5 Cr\u00e9ation : 06\/08\/2018<\/p>\n<p>RNA : W281006315 \u2013 N\u00b0 parution : 20180032<\/p>\n<\/p><\/div>\n<div class=\"asso-card\">\n<h4>Ping d&rsquo;Org\u00e8res<\/h4>\n<p>\ud83d\udccd 11 lieudit Saint L\u00e9onard, 28140 Germignonville<\/p>\n<p>\ud83d\udcc5 Cr\u00e9ation : 29\/04\/2005<\/p>\n<p>RNA : W281005090 \u2013 N\u00b0 parution : 20050022<\/p>\n<\/p><\/div>\n<div class=\"asso-card\">\n<h4>Together Production<\/h4>\n<p>\ud83d\udccd 6 rue du Ch\u00e2teau d&rsquo;eau, 28150 Fains-la-Folie<\/p>\n<p>\ud83d\udcc5 Cr\u00e9ation : 30\/04\/1998 \u2013 N\u00b0 parution : 19980022<\/p>\n<\/p><\/div>\n<div class=\"asso-card\">\n<h4>Valnay Historic Racing<\/h4>\n<p>\ud83d\udccd 4 rue du Ch\u00e2teau d&rsquo;eau, 28150 Fains-la-Folie<\/p>\n<p>\ud83d\udcc5 Cr\u00e9ation : 27\/03\/2013<\/p>\n<p>RNA : W281005151 \u2013 N\u00b0 parution : 20130017<\/p>\n<\/p><\/div>\n<\/p><\/div>\n<\/div>\n","protected":false},"excerpt":{"rendered":"<p>Annuaire des Associations Notre commune d&rsquo;\u00c9ole-en-Beauce est heureuse de compter de nombreuses associations qui animent notre territoire. Les Associations Principales [&hellip;]<\/p>\n","protected":false},"author":1,"featured_media":0,"parent":60,"menu_order":7,"comment_status":"closed","ping_status":"closed","template":"","meta":{"site-sidebar-layout":"default","site-content-layout":"","ast-site-content-layout":"default","site-content-style":"default","site-sidebar-style":"default","ast-global-header-display":"","ast-banner-title-visibility":"","ast-main-header-display":"","ast-hfb-above-header-display":"","ast-hfb-below-header-display":"","ast-hfb-mobile-header-display":"","site-post-title":"disabled","ast-breadcrumbs-content":"","ast-featured-img":"","footer-sml-layout":"","ast-disable-related-posts":"","theme-transparent-header-meta":"default","adv-header-id-meta":"","stick-header-meta":"","header-above-stick-meta":"","header-main-stick-meta":"","header-below-stick-meta":"","astra-migrate-meta-layouts":"set","ast-page-background-enabled":"default","ast-page-background-meta":{"desktop":{"background-color":"var(--ast-global-color-5)","background-image":"","background-repeat":"repeat","background-position":"center center","background-size":"auto","background-attachment":"scroll","background-type":"","background-media":"","overlay-type":"","overlay-color":"","overlay-opacity":"","overlay-gradient":""},"tablet":{"background-color":"","background-image":"","background-repeat":"repeat","background-position":"center center","background-size":"auto","background-attachment":"scroll","background-type":"","background-media":"","overlay-type":"","overlay-color":"","overlay-opacity":"","overlay-gradient":""},"mobile":{"background-color":"","background-image":"","background-repeat":"repeat","background-position":"center center","background-size":"auto","background-attachment":"scroll","background-type":"","background-media":"","overlay-type":"","overlay-color":"","overlay-opacity":"","overlay-gradient":""}},"ast-content-background-meta":{"desktop":{"background-color":"var(--ast-global-color-4)","background-image":"","background-repeat":"repeat","background-position":"center center","background-size":"auto","background-attachment":"scroll","background-type":"","background-media":"","overlay-type":"","overlay-color":"","overlay-opacity":"","overlay-gradient":""},"tablet":{"background-color":"var(--ast-global-color-4)","background-image":"","background-repeat":"repeat","background-position":"center center","background-size":"auto","background-attachment":"scroll","background-type":"","background-media":"","overlay-type":"","overlay-color":"","overlay-opacity":"","overlay-gradient":""},"mobile":{"background-color":"var(--ast-global-color-4)","background-image":"","background-repeat":"repeat","background-position":"center center","background-size":"auto","background-attachment":"scroll","background-type":"","background-media":"","overlay-type":"","overlay-color":"","overlay-opacity":"","overlay-gradient":""}},"footnotes":""},"class_list":["post-91","page","type-page","status-publish","hentry"],"_links":{"self":[{"href":"https:\/\/www.eoleenbeauce.fr\/?rest_route=\/wp\/v2\/pages\/91","targetHints":{"allow":["GET"]}}],"collection":[{"href":"https:\/\/www.eoleenbeauce.fr\/?rest_route=\/wp\/v2\/pages"}],"about":[{"href":"https:\/\/www.eoleenbeauce.fr\/?rest_route=\/wp\/v2\/types\/page"}],"author":[{"embeddable":true,"href":"https:\/\/www.eoleenbeauce.fr\/?rest_route=\/wp\/v2\/users\/1"}],"replies":[{"embeddable":true,"href":"https:\/\/www.eoleenbeauce.fr\/?rest_route=%2Fwp%2Fv2%2Fcomments&post=91"}],"version-history":[{"count":49,"href":"https:\/\/www.eoleenbeauce.fr\/?rest_route=\/wp\/v2\/pages\/91\/revisions"}],"predecessor-version":[{"id":3569,"href":"https:\/\/www.eoleenbeauce.fr\/?rest_route=\/wp\/v2\/pages\/91\/revisions\/3569"}],"up":[{"embeddable":true,"href":"https:\/\/www.eoleenbeauce.fr\/?rest_route=\/wp\/v2\/pages\/60"}],"wp:attachment":[{"href":"https:\/\/www.eoleenbeauce.fr\/?rest_route=%2Fwp%2Fv2%2Fmedia&parent=91"}],"curies":[{"name":"wp","href":"https:\/\/api.w.org\/{rel}","templated":true}]}}