{"id":807,"date":"2017-09-10T08:43:18","date_gmt":"2017-09-10T06:43:18","guid":{"rendered":"http:\/\/www.eoleenbeauce.fr\/?page_id=807"},"modified":"2026-02-19T23:08:11","modified_gmt":"2026-02-19T22:08:11","slug":"mentions-legales","status":"publish","type":"page","link":"https:\/\/www.eoleenbeauce.fr\/mentions-legales\/","title":{"rendered":"Mentions l\u00e9gales"},"content":{"rendered":"<h2><\/h2>\n<p>&nbsp;<\/p>\n<h2 class=\"font-claude-response-body break-words whitespace-normal leading-[1.7]\"><span style=\"color: #339966;\"><strong>Mentions l\u00e9gales<\/strong><\/span><\/h2>\n<p>&nbsp;<\/p>\n<h3 class=\"font-claude-response-body break-words whitespace-normal leading-[1.7]\"><span style=\"color: #99cc00;\"><strong>\u00c9diteur du site<\/strong><\/span><\/h3>\n<p class=\"font-claude-response-body break-words whitespace-normal leading-[1.7]\">Commune d&rsquo;\u00c9ole-en-Beauce 2 rue de la Mairie &#8211; Viabon &#8211; 28150 \u00c9ole-en-Beauce Email : <a class=\"underline underline underline-offset-2 decoration-1 decoration-current\/40 hover:decoration-current focus:decoration-current\" href=\"mailto:mairieeoleenbeauce@orange.fr\" target=\"_blank\" rel=\"noopener\">mairieeoleenbeauce@orange.fr<\/a> Maire : Julien Birre<\/p>\n<p>&nbsp;<\/p>\n<h3 class=\"font-claude-response-body break-words whitespace-normal leading-[1.7]\"><span style=\"color: #99cc00;\"><strong>H\u00e9bergement<\/strong><\/span><\/h3>\n<p class=\"font-claude-response-body break-words whitespace-normal leading-[1.7]\">OVH SAS 2 rue Kellermann &#8211; 59100 Roubaix &#8211; France Tel : 1007 <a class=\"underline underline underline-offset-2 decoration-1 decoration-current\/40 hover:decoration-current focus:decoration-current\" href=\"http:\/\/www.ovh.com\" target=\"_blank\" rel=\"noopener\">www.ovh.com<\/a><\/p>\n<p>&nbsp;<\/p>\n<h3 class=\"font-claude-response-body break-words whitespace-normal leading-[1.7]\"><span style=\"color: #99cc00;\"><strong>Propri\u00e9t\u00e9 intellectuelle<\/strong><\/span><\/h3>\n<p class=\"font-claude-response-body break-words whitespace-normal leading-[1.7]\">Le contenu de ce site (textes, images, graphismes) est la propri\u00e9t\u00e9 de la commune d&rsquo;\u00c9ole-en-Beauce. Toute reproduction, m\u00eame partielle, est interdite sans autorisation pr\u00e9alable.<\/p>\n<p>&nbsp;<\/p>\n<h3 class=\"font-claude-response-body break-words whitespace-normal leading-[1.7]\"><span style=\"color: #99cc00;\"><strong>Donn\u00e9es personnelles<\/strong> <\/span><\/h3>\n<p class=\"font-claude-response-body break-words whitespace-normal leading-[1.7]\">Conform\u00e9ment au R\u00e8glement G\u00e9n\u00e9ral sur la Protection des Donn\u00e9es (RGPD), vous disposez d&rsquo;un droit d&rsquo;acc\u00e8s, de rectification et de suppression des donn\u00e9es vous concernant. Pour exercer ce droit, contactez la mairie \u00e0 l&rsquo;adresse email ci-dessus.<\/p>\n<p>&nbsp;<\/p>\n<h3 class=\"font-claude-response-body break-words whitespace-normal leading-[1.7]\"><span style=\"color: #99cc00;\"><strong>Cookies<\/strong> <\/span><\/h3>\n<p class=\"font-claude-response-body break-words whitespace-normal leading-[1.7]\">Ce site utilise des cookies n\u00e9cessaires \u00e0 son bon fonctionnement. Vous pouvez les accepter ou les refuser via le bandeau de gestion des cookies.<\/p>\n<p>&nbsp;<\/p>\n<h3 class=\"font-claude-response-body break-words whitespace-normal leading-[1.7]\"><span style=\"color: #99cc00;\"><strong>Responsable de la publication<\/strong><\/span><\/h3>\n<p class=\"font-claude-response-body break-words whitespace-normal leading-[1.7]\">Julien Birre, Maire d&rsquo;\u00c9ole-en-Beauce<\/p>\n<p>&nbsp;<\/p>\n","protected":false},"excerpt":{"rendered":"<p>&nbsp; Mentions l\u00e9gales &nbsp; \u00c9diteur du site Commune d&rsquo;\u00c9ole-en-Beauce 2 rue de la Mairie &#8211; Viabon &#8211; 28150 \u00c9ole-en-Beauce Email [&hellip;]<\/p>\n","protected":false},"author":1,"featured_media":0,"parent":0,"menu_order":9,"comment_status":"closed","ping_status":"closed","template":"","meta":{"site-sidebar-layout":"default","site-content-layout":"","ast-site-content-layout":"default","site-content-style":"default","site-sidebar-style":"default","ast-global-header-display":"","ast-banner-title-visibility":"","ast-main-header-display":"","ast-hfb-above-header-display":"","ast-hfb-below-header-display":"","ast-hfb-mobile-header-display":"","site-post-title":"disabled","ast-breadcrumbs-content":"","ast-featured-img":"","footer-sml-layout":"","ast-disable-related-posts":"","theme-transparent-header-meta":"default","adv-header-id-meta":"","stick-header-meta":"","header-above-stick-meta":"","header-main-stick-meta":"","header-below-stick-meta":"","astra-migrate-meta-layouts":"set","ast-page-background-enabled":"default","ast-page-background-meta":{"desktop":{"background-color":"var(--ast-global-color-5)","background-image":"","background-repeat":"repeat","background-position":"center center","background-size":"auto","background-attachment":"scroll","background-type":"","background-media":"","overlay-type":"","overlay-color":"","overlay-opacity":"","overlay-gradient":""},"tablet":{"background-color":"","background-image":"","background-repeat":"repeat","background-position":"center center","background-size":"auto","background-attachment":"scroll","background-type":"","background-media":"","overlay-type":"","overlay-color":"","overlay-opacity":"","overlay-gradient":""},"mobile":{"background-color":"","background-image":"","background-repeat":"repeat","background-position":"center center","background-size":"auto","background-attachment":"scroll","background-type":"","background-media":"","overlay-type":"","overlay-color":"","overlay-opacity":"","overlay-gradient":""}},"ast-content-background-meta":{"desktop":{"background-color":"var(--ast-global-color-4)","background-image":"","background-repeat":"repeat","background-position":"center center","background-size":"auto","background-attachment":"scroll","background-type":"","background-media":"","overlay-type":"","overlay-color":"","overlay-opacity":"","overlay-gradient":""},"tablet":{"background-color":"var(--ast-global-color-4)","background-image":"","background-repeat":"repeat","background-position":"center center","background-size":"auto","background-attachment":"scroll","background-type":"","background-media":"","overlay-type":"","overlay-color":"","overlay-opacity":"","overlay-gradient":""},"mobile":{"background-color":"var(--ast-global-color-4)","background-image":"","background-repeat":"repeat","background-position":"center center","background-size":"auto","background-attachment":"scroll","background-type":"","background-media":"","overlay-type":"","overlay-color":"","overlay-opacity":"","overlay-gradient":""}},"footnotes":""},"class_list":["post-807","page","type-page","status-publish","hentry"],"_links":{"self":[{"href":"https:\/\/www.eoleenbeauce.fr\/?rest_route=\/wp\/v2\/pages\/807","targetHints":{"allow":["GET"]}}],"collection":[{"href":"https:\/\/www.eoleenbeauce.fr\/?rest_route=\/wp\/v2\/pages"}],"about":[{"href":"https:\/\/www.eoleenbeauce.fr\/?rest_route=\/wp\/v2\/types\/page"}],"author":[{"embeddable":true,"href":"https:\/\/www.eoleenbeauce.fr\/?rest_route=\/wp\/v2\/users\/1"}],"replies":[{"embeddable":true,"href":"https:\/\/www.eoleenbeauce.fr\/?rest_route=%2Fwp%2Fv2%2Fcomments&post=807"}],"version-history":[{"count":6,"href":"https:\/\/www.eoleenbeauce.fr\/?rest_route=\/wp\/v2\/pages\/807\/revisions"}],"predecessor-version":[{"id":2591,"href":"https:\/\/www.eoleenbeauce.fr\/?rest_route=\/wp\/v2\/pages\/807\/revisions\/2591"}],"wp:attachment":[{"href":"https:\/\/www.eoleenbeauce.fr\/?rest_route=%2Fwp%2Fv2%2Fmedia&parent=807"}],"curies":[{"name":"wp","href":"https:\/\/api.w.org\/{rel}","templated":true}]}}