{"id":60,"date":"2017-08-17T08:39:42","date_gmt":"2017-08-17T06:39:42","guid":{"rendered":"http:\/\/eoleenbeuv.cluster023.hosting.ovh.net\/?page_id=60"},"modified":"2026-03-05T22:07:10","modified_gmt":"2026-03-05T21:07:10","slug":"vie-municipale","status":"publish","type":"page","link":"https:\/\/www.eoleenbeauce.fr\/vie-municipale\/","title":{"rendered":"VIVRE ICI"},"content":{"rendered":"<div class=\"page\">\n<div class=\"hero-title-wrap\">\n<h1 class=\"hero-title\">Vivre \u00e0 \u00c9ole-en-Beauce<\/h1>\n<div class=\"hero-bar\"><\/div>\n<\/p><\/div>\n<p class=\"intro-text\">\u00c9ole-en-Beauce met tout en \u0153uvre pour faciliter le quotidien de ses 1 200 habitants. Que vous soyez un r\u00e9sident de longue date ou un nouvel arrivant, vous trouverez ici toutes les informations pratiques pour vivre sereinement dans notre commune.<\/p>\n<div class=\"vivre-grid\">\n<div class=\"vivre-btn\"><a href=\"https:\/\/www.eoleenbeauce.fr\/vie-municipale\/vivre-ensemble\/\">Vivre ensemble<\/a><\/div>\n<div class=\"vivre-btn\"><a href=\"https:\/\/www.eoleenbeauce.fr\/vie-municipale\/demarches-administratives\/\">D\u00e9marches administratives<\/a><\/div>\n<div class=\"vivre-btn\"><a href=\"https:\/\/www.eoleenbeauce.fr\/vie-municipale\/scolaire\/\">Scolaire<\/a><\/div>\n<div class=\"vivre-btn\"><a href=\"https:\/\/www.eoleenbeauce.fr\/nouveaux-arrivants\/\">D\u00e9marches nouveaux arrivants<\/a><\/div>\n<div class=\"vivre-btn\"><a href=\"https:\/\/www.eoleenbeauce.fr\/vie-municipale\/eau-et-assainissement\/\">Eau et assainissement<\/a><\/div>\n<div class=\"vivre-btn\"><a href=\"https:\/\/www.eoleenbeauce.fr\/vie-municipale\/demarches-administratives\/formulaires-durbanisme\/\">Urbanisme<\/a><\/div>\n<div class=\"vivre-btn\"><a href=\"https:\/\/www.eoleenbeauce.fr\/vie-municipale\/associations\/\">Associations<\/a><\/div>\n<div class=\"vivre-btn\"><a href=\"https:\/\/www.eoleenbeauce.fr\/vie-municipale\/artisans-commercants-de-notre-commune\/\">Artisans et commer\u00e7ants<\/a><\/div>\n<\/p><\/div>\n<\/div>\n","protected":false},"excerpt":{"rendered":"<p>Vivre \u00e0 \u00c9ole-en-Beauce \u00c9ole-en-Beauce met tout en \u0153uvre pour faciliter le quotidien de ses 1 200 habitants. Que vous soyez [&hellip;]<\/p>\n","protected":false},"author":1,"featured_media":0,"parent":0,"menu_order":2,"comment_status":"closed","ping_status":"closed","template":"","meta":{"site-sidebar-layout":"default","site-content-layout":"","ast-site-content-layout":"default","site-content-style":"unboxed","site-sidebar-style":"default","ast-global-header-display":"","ast-banner-title-visibility":"","ast-main-header-display":"","ast-hfb-above-header-display":"","ast-hfb-below-header-display":"","ast-hfb-mobile-header-display":"","site-post-title":"disabled","ast-breadcrumbs-content":"","ast-featured-img":"","footer-sml-layout":"","ast-disable-related-posts":"","theme-transparent-header-meta":"default","adv-header-id-meta":"","stick-header-meta":"","header-above-stick-meta":"","header-main-stick-meta":"","header-below-stick-meta":"","astra-migrate-meta-layouts":"set","ast-page-background-enabled":"default","ast-page-background-meta":{"desktop":{"background-color":"var(--ast-global-color-5)","background-image":"","background-repeat":"repeat","background-position":"center center","background-size":"auto","background-attachment":"scroll","background-type":"","background-media":"","overlay-type":"","overlay-color":"","overlay-opacity":"","overlay-gradient":""},"tablet":{"background-color":"","background-image":"","background-repeat":"repeat","background-position":"center center","background-size":"auto","background-attachment":"scroll","background-type":"","background-media":"","overlay-type":"","overlay-color":"","overlay-opacity":"","overlay-gradient":""},"mobile":{"background-color":"","background-image":"","background-repeat":"repeat","background-position":"center center","background-size":"auto","background-attachment":"scroll","background-type":"","background-media":"","overlay-type":"","overlay-color":"","overlay-opacity":"","overlay-gradient":""}},"ast-content-background-meta":{"desktop":{"background-color":"var(--ast-global-color-4)","background-image":"","background-repeat":"repeat","background-position":"center center","background-size":"auto","background-attachment":"scroll","background-type":"","background-media":"","overlay-type":"","overlay-color":"","overlay-opacity":"","overlay-gradient":""},"tablet":{"background-color":"var(--ast-global-color-4)","background-image":"","background-repeat":"repeat","background-position":"center center","background-size":"auto","background-attachment":"scroll","background-type":"","background-media":"","overlay-type":"","overlay-color":"","overlay-opacity":"","overlay-gradient":""},"mobile":{"background-color":"var(--ast-global-color-4)","background-image":"","background-repeat":"repeat","background-position":"center center","background-size":"auto","background-attachment":"scroll","background-type":"","background-media":"","overlay-type":"","overlay-color":"","overlay-opacity":"","overlay-gradient":""}},"footnotes":""},"class_list":["post-60","page","type-page","status-publish","hentry"],"_links":{"self":[{"href":"https:\/\/www.eoleenbeauce.fr\/?rest_route=\/wp\/v2\/pages\/60","targetHints":{"allow":["GET"]}}],"collection":[{"href":"https:\/\/www.eoleenbeauce.fr\/?rest_route=\/wp\/v2\/pages"}],"about":[{"href":"https:\/\/www.eoleenbeauce.fr\/?rest_route=\/wp\/v2\/types\/page"}],"author":[{"embeddable":true,"href":"https:\/\/www.eoleenbeauce.fr\/?rest_route=\/wp\/v2\/users\/1"}],"replies":[{"embeddable":true,"href":"https:\/\/www.eoleenbeauce.fr\/?rest_route=%2Fwp%2Fv2%2Fcomments&post=60"}],"version-history":[{"count":42,"href":"https:\/\/www.eoleenbeauce.fr\/?rest_route=\/wp\/v2\/pages\/60\/revisions"}],"predecessor-version":[{"id":3543,"href":"https:\/\/www.eoleenbeauce.fr\/?rest_route=\/wp\/v2\/pages\/60\/revisions\/3543"}],"wp:attachment":[{"href":"https:\/\/www.eoleenbeauce.fr\/?rest_route=%2Fwp%2Fv2%2Fmedia&parent=60"}],"curies":[{"name":"wp","href":"https:\/\/api.w.org\/{rel}","templated":true}]}}