{"id":3465,"date":"2026-03-05T08:41:06","date_gmt":"2026-03-05T07:41:06","guid":{"rendered":"https:\/\/www.eoleenbeauce.fr\/?page_id=3465"},"modified":"2026-04-02T23:53:23","modified_gmt":"2026-04-02T21:53:23","slug":"les-elus-2026","status":"publish","type":"page","link":"https:\/\/www.eoleenbeauce.fr\/notre-commune\/conseil-municipal-commissions\/les-elus-2026\/","title":{"rendered":"Les \u00e9lus 2026"},"content":{"rendered":"<p><!-- TITRE --><\/p>\n<div class=\"hero-title-wrap\">\n<h1 class=\"hero-title\">Les \u00c9lus<\/h1>\n<div class=\"hero-bar\"><\/div>\n<\/div>\n<p><!-- HERO --><\/p>\n<div class=\"hero\">\n  <img decoding=\"async\" src=\"https:\/\/www.eoleenbeauce.fr\/wp-content\/uploads\/2026\/03\/Groupe-scaled.png\" alt=\"Les \u00e9lus\"\/>\n<\/div>\n<div class=\"page\">\n<p>  <!-- MAIRE --><\/p>\n<div class=\"section-label\"><span>Le Maire<\/span><\/div>\n<div class=\"featured-wrap\">\n<div class=\"card featured\">\n      <img decoding=\"async\" src=\"https:\/\/www.eoleenbeauce.fr\/wp-content\/uploads\/2026\/03\/Julien-BIRRE-2026.png\" alt=\"Julien BIRRE\"\/><\/p>\n<div class=\"card-name\">Julien BIRRE<\/div>\n<div class=\"badge\">Conseiller communautaire<\/div>\n<\/p><\/div>\n<\/p><\/div>\n<hr class=\"divider\"\/>\n<p>  <!-- MAIRES D\u00c9L\u00c9GU\u00c9S --><\/p>\n<div class=\"section-label\"><span>Les Maires D\u00e9l\u00e9gu\u00e9s<\/span><\/div>\n<div class=\"grid-3\">\n<div class=\"card\">\n      <img decoding=\"async\" src=\"https:\/\/www.eoleenbeauce.fr\/wp-content\/uploads\/2026\/03\/Gwenaelle-VINCHON-2026.png\" alt=\"Gwena\u00eblle VINCHON\"\/><\/p>\n<div class=\"card-name\">Gwena\u00eblle VINCHON<\/div>\n<div class=\"card-village\">Baignolet<\/div>\n<div class=\"badge\">Conseill\u00e8re communautaire<\/div>\n<\/p><\/div>\n<div class=\"card\">\n      <img decoding=\"async\" src=\"https:\/\/www.eoleenbeauce.fr\/wp-content\/uploads\/2026\/03\/Vincent-FAUCHEUX-2026.png\" alt=\"Vincent FAUCHEUX\"\/><\/p>\n<div class=\"card-name\">Vincent FAUCHEUX<\/div>\n<div class=\"card-village\">Fains la Folie<\/div>\n<\/p><\/div>\n<div class=\"card\">\n      <img decoding=\"async\" src=\"https:\/\/www.eoleenbeauce.fr\/wp-content\/uploads\/2026\/03\/Corinne-BOUCHET-2026.png\" alt=\"Corinne BOUCHET\"\/><\/p>\n<div class=\"card-name\">Corinne BOUCHET<\/div>\n<div class=\"card-village\">Germignonville<\/div>\n<\/p><\/div>\n<\/p><\/div>\n<div class=\"grid-2-centered\">\n<div class=\"card\">\n      <img decoding=\"async\" src=\"https:\/\/www.eoleenbeauce.fr\/wp-content\/uploads\/2026\/03\/Francois-VASSORT-2026.png\" alt=\"Fran\u00e7ois VASSORT\"\/><\/p>\n<div class=\"card-name\">Fran\u00e7ois VASSORT<\/div>\n<div class=\"card-village\">Viabon<\/div>\n<div class=\"badge\">Conseiller communautaire<\/div>\n<\/p><\/div>\n<div class=\"card\">\n      <img decoding=\"async\" src=\"https:\/\/www.eoleenbeauce.fr\/wp-content\/uploads\/2026\/03\/Marc-HENRION-2026.png\" alt=\"Marc HENRION\"\/><\/p>\n<div class=\"card-name\">Marc HENRION<\/div>\n<div class=\"card-village\">Villeau<\/div>\n<\/p><\/div>\n<\/p><\/div>\n<hr class=\"divider\"\/>\n<p>  <!-- ADJOINT --><\/p>\n<div class=\"section-label\"><span>Les Adjoints au Maire<\/span><\/div>\n<div class=\"grid-2-centered\">\n<div class=\"card featured\">\n    <img decoding=\"async\" src=\"https:\/\/www.eoleenbeauce.fr\/wp-content\/uploads\/2026\/03\/Stephane-CHANCOLLON-2026.png\" alt=\"St\u00e9phane CHANCOLLON\"\/><\/p>\n<div class=\"card-name\">St\u00e9phane CHANCOLLON<\/div>\n<\/p><\/div>\n<div class=\"card featured\">\n    <img decoding=\"async\" src=\"https:\/\/www.eoleenbeauce.fr\/wp-content\/uploads\/2026\/03\/Vanessa-VOYET-2026.png\" alt=\"Vanessa VOYET\"\/><\/p>\n<div class=\"card-name\">Vanessa VOYET<\/div>\n<\/p><\/div>\n<\/div>\n<hr class=\"divider\"\/>\n<p>  <!-- CONSEILLERS MUNICIPAUX --><\/p>\n<div class=\"section-label\"><span>Les Conseillers Municipaux<\/span><\/div>\n<div class=\"grid-conseillers\">\n<div class=\"card\"><img decoding=\"async\" src=\"https:\/\/www.eoleenbeauce.fr\/wp-content\/uploads\/2026\/03\/Cindy-FERNANDES-2026.png\" alt=\"Cindy FERNANDES\"\/><\/p>\n<div class=\"card-name\">Cindy FERNANDES<\/div>\n<\/div>\n<div class=\"card\"><img decoding=\"async\" src=\"https:\/\/www.eoleenbeauce.fr\/wp-content\/uploads\/2026\/03\/Ludovic-GUESNET-2026.png\" alt=\"Ludovic GUESNET\"\/><\/p>\n<div class=\"card-name\">Ludovic GUESNET<\/div>\n<\/div>\n<div class=\"card\"><img decoding=\"async\" src=\"https:\/\/www.eoleenbeauce.fr\/wp-content\/uploads\/2026\/03\/Benoit-LHOSTE-2026.png\" alt=\"Benoit LHOSTE\"\/><\/p>\n<div class=\"card-name\">Benoit LHOSTE<\/div>\n<\/div>\n<div class=\"card\"><img decoding=\"async\" src=\"https:\/\/www.eoleenbeauce.fr\/wp-content\/uploads\/2026\/03\/Benjamin-LIROCHON-2026.png\" alt=\"Benjamin LIROCHON\"\/><\/p>\n<div class=\"card-name\">Benjamin LIROCHON<\/div>\n<\/div>\n<div class=\"card\"><img decoding=\"async\" src=\"https:\/\/www.eoleenbeauce.fr\/wp-content\/uploads\/2026\/03\/Valerie-MARTIN-2026.png\" alt=\"Val\u00e9rie MARTIN\"\/><\/p>\n<div class=\"card-name\">Val\u00e9rie MARTIN<\/div>\n<\/div>\n<div class=\"card\"><img decoding=\"async\" src=\"https:\/\/www.eoleenbeauce.fr\/wp-content\/uploads\/2026\/03\/Bruno-WISSOCQ-2026.png\" alt=\"Bruno WISSOCQ\"\/><\/p>\n<div class=\"card-name\">Bruno WISSOCQ<\/div>\n<\/div>\n<div class=\"card\"><img decoding=\"async\" src=\"https:\/\/www.eoleenbeauce.fr\/wp-content\/uploads\/2026\/03\/Chantal-LEMAIRE-2026.png\" alt=\"Chantal LEMAIRE\"\/><\/p>\n<div class=\"card-name\">Chantal LEMAIRE<\/div>\n<\/div>\n<div class=\"card\"><img decoding=\"async\" src=\"https:\/\/www.eoleenbeauce.fr\/wp-content\/uploads\/2026\/03\/Rebecca-BRAULT-2026.png\" alt=\"Rebecca BRAULT\"\/><\/p>\n<div class=\"card-name\">Rebecca BRAULT<\/div>\n<\/div>\n<div class=\"card\"><img decoding=\"async\" src=\"https:\/\/www.eoleenbeauce.fr\/wp-content\/uploads\/2026\/03\/Marien-KLIENKOFF-2026.png\" alt=\"Marine KLIENKOFF\"\/><\/p>\n<div class=\"card-name\">Marine KLIENKOFF<\/div>\n<\/div>\n<div class=\"card\"><img decoding=\"async\" src=\"https:\/\/www.eoleenbeauce.fr\/wp-content\/uploads\/2026\/03\/Laetitia-HOMMET-2026.png\" alt=\"Laetitia HOMMET\"\/><\/p>\n<div class=\"card-name\">Laetitia HOMMET<\/div>\n<\/div>\n<div class=\"card\"><img decoding=\"async\" src=\"https:\/\/www.eoleenbeauce.fr\/wp-content\/uploads\/2026\/03\/Morgan-LANDEAU-2026.png\" alt=\"Morgan LANDEAU\"\/><\/p>\n<div class=\"card-name\">Morgan LANDEAU<\/div>\n<\/div><\/div>\n<hr class=\"divider\"\/>\n<p>  <!-- SUPPL\u00c9ANTS --><\/p>\n<div class=\"section-label\"><span>Suppl\u00e9ants<\/span><\/div>\n<div class=\"grid-2-centered\">\n<div class=\"card\">\n      <img decoding=\"async\" src=\"https:\/\/www.eoleenbeauce.fr\/wp-content\/uploads\/2026\/03\/Priscilla-PIEDVACHE-2026.png\" alt=\"Priscilla PIEDVACHE\"\/><\/p>\n<div class=\"card-name\">Priscilla PIEDVACHE<\/div>\n<\/p><\/div>\n<div class=\"card\">\n      <img decoding=\"async\" src=\"https:\/\/www.eoleenbeauce.fr\/wp-content\/uploads\/2026\/03\/Remy-THEVENET-2026.png\" alt=\"R\u00e9mi TH\u00c9VENET\"\/><\/p>\n<div class=\"card-name\">R\u00e9mi TH\u00c9VENET<\/div>\n<\/p><\/div>\n<\/p><\/div>\n<\/div>\n<p><!-- \/page --><\/p>\n","protected":false},"excerpt":{"rendered":"<p>Les \u00c9lus Le Maire Julien BIRRE Conseiller communautaire Les Maires D\u00e9l\u00e9gu\u00e9s Gwena\u00eblle VINCHON Baignolet Conseill\u00e8re communautaire Vincent FAUCHEUX Fains la [&hellip;]<\/p>\n","protected":false},"author":1,"featured_media":0,"parent":2501,"menu_order":1,"comment_status":"closed","ping_status":"closed","template":"","meta":{"site-sidebar-layout":"default","site-content-layout":"","ast-site-content-layout":"default","site-content-style":"default","site-sidebar-style":"default","ast-global-header-display":"","ast-banner-title-visibility":"","ast-main-header-display":"","ast-hfb-above-header-display":"","ast-hfb-below-header-display":"","ast-hfb-mobile-header-display":"","site-post-title":"disabled","ast-breadcrumbs-content":"","ast-featured-img":"","footer-sml-layout":"","ast-disable-related-posts":"","theme-transparent-header-meta":"default","adv-header-id-meta":"","stick-header-meta":"","header-above-stick-meta":"","header-main-stick-meta":"","header-below-stick-meta":"","astra-migrate-meta-layouts":"set","ast-page-background-enabled":"default","ast-page-background-meta":{"desktop":{"background-color":"var(--ast-global-color-5)","background-image":"","background-repeat":"repeat","background-position":"center center","background-size":"auto","background-attachment":"scroll","background-type":"","background-media":"","overlay-type":"","overlay-color":"","overlay-opacity":"","overlay-gradient":""},"tablet":{"background-color":"","background-image":"","background-repeat":"repeat","background-position":"center center","background-size":"auto","background-attachment":"scroll","background-type":"","background-media":"","overlay-type":"","overlay-color":"","overlay-opacity":"","overlay-gradient":""},"mobile":{"background-color":"","background-image":"","background-repeat":"repeat","background-position":"center center","background-size":"auto","background-attachment":"scroll","background-type":"","background-media":"","overlay-type":"","overlay-color":"","overlay-opacity":"","overlay-gradient":""}},"ast-content-background-meta":{"desktop":{"background-color":"var(--ast-global-color-4)","background-image":"","background-repeat":"repeat","background-position":"center center","background-size":"auto","background-attachment":"scroll","background-type":"","background-media":"","overlay-type":"","overlay-color":"","overlay-opacity":"","overlay-gradient":""},"tablet":{"background-color":"var(--ast-global-color-4)","background-image":"","background-repeat":"repeat","background-position":"center center","background-size":"auto","background-attachment":"scroll","background-type":"","background-media":"","overlay-type":"","overlay-color":"","overlay-opacity":"","overlay-gradient":""},"mobile":{"background-color":"var(--ast-global-color-4)","background-image":"","background-repeat":"repeat","background-position":"center center","background-size":"auto","background-attachment":"scroll","background-type":"","background-media":"","overlay-type":"","overlay-color":"","overlay-opacity":"","overlay-gradient":""}},"footnotes":""},"class_list":["post-3465","page","type-page","status-publish","hentry"],"_links":{"self":[{"href":"https:\/\/www.eoleenbeauce.fr\/?rest_route=\/wp\/v2\/pages\/3465","targetHints":{"allow":["GET"]}}],"collection":[{"href":"https:\/\/www.eoleenbeauce.fr\/?rest_route=\/wp\/v2\/pages"}],"about":[{"href":"https:\/\/www.eoleenbeauce.fr\/?rest_route=\/wp\/v2\/types\/page"}],"author":[{"embeddable":true,"href":"https:\/\/www.eoleenbeauce.fr\/?rest_route=\/wp\/v2\/users\/1"}],"replies":[{"embeddable":true,"href":"https:\/\/www.eoleenbeauce.fr\/?rest_route=%2Fwp%2Fv2%2Fcomments&post=3465"}],"version-history":[{"count":4,"href":"https:\/\/www.eoleenbeauce.fr\/?rest_route=\/wp\/v2\/pages\/3465\/revisions"}],"predecessor-version":[{"id":4283,"href":"https:\/\/www.eoleenbeauce.fr\/?rest_route=\/wp\/v2\/pages\/3465\/revisions\/4283"}],"up":[{"embeddable":true,"href":"https:\/\/www.eoleenbeauce.fr\/?rest_route=\/wp\/v2\/pages\/2501"}],"wp:attachment":[{"href":"https:\/\/www.eoleenbeauce.fr\/?rest_route=%2Fwp%2Fv2%2Fmedia&parent=3465"}],"curies":[{"name":"wp","href":"https:\/\/api.w.org\/{rel}","templated":true}]}}