{"id":3340,"date":"2026-02-28T21:23:45","date_gmt":"2026-02-28T20:23:45","guid":{"rendered":"https:\/\/www.eoleenbeauce.fr\/?page_id=3340"},"modified":"2026-03-12T12:22:11","modified_gmt":"2026-03-12T11:22:11","slug":"actualites","status":"publish","type":"page","link":"https:\/\/www.eoleenbeauce.fr\/actualites\/","title":{"rendered":"ACTUALIT\u00c9S"},"content":{"rendered":"<div class=\"page\">\n<div class=\"hero-title-wrap\">\n<h1 class=\"hero-title\">Les Actualit\u00e9s \u00c9oloises<\/h1>\n<div class=\"hero-bar\"><\/div>\n<\/p><\/div>\n<p class=\"intro-text\">Notre commune d&rsquo;\u00c9ole-en-Beauce utilise plusieurs moyens de communication, tels que Panneau Pocket, des articles internet, des publications et un calendrier des manifestations pr\u00e9vues sur le territoire de notre commune.<\/p>\n<div class=\"actu-grid\">\n<div class=\"actu-card\">\n<div>\n<h3>\ud83d\udcf1 Panneau Pocket<\/h3>\n<p>Recevez en temps r\u00e9el les informations et alertes de votre commune directement sur votre smartphone. L&rsquo;application est gratuite et disponible pour tous les habitants.<\/p>\n<\/p><\/div>\n<div><a class=\"actu-btn\" href=\"https:\/\/www.eoleenbeauce.fr\/vie-municipale\/vie-locale\/panneau-pocket\/\">En savoir plus<\/a><\/div>\n<\/p><\/div>\n<div class=\"actu-card\">\n<div>\n<h3>\ud83d\udcf0 Articles<\/h3>\n<p>Retrouvez tous les articles publi\u00e9s par la mairie d&rsquo;\u00c9ole-en-Beauce : informations pratiques, actualit\u00e9s locales, travaux, \u00e9v\u00e9nements et bien plus encore.<\/p>\n<\/p><\/div>\n<div><a class=\"actu-btn\" href=\"https:\/\/www.eoleenbeauce.fr\/listes_articles\/\">Voir les articles<\/a><\/div>\n<\/p><\/div>\n<div class=\"actu-card\">\n<div>\n<h3>\ud83d\udcc4 Publications<\/h3>\n<p>Retrouvez toutes les publications de la mairie d&rsquo;\u00c9ole-en-Beauce : L&rsquo;\u00c9OLOIS &#8211; la gazette municipale et l&rsquo;\u00c9olois infos.<\/p>\n<\/p><\/div>\n<div><a class=\"actu-btn\" href=\"https:\/\/www.eoleenbeauce.fr\/actualites\/publications\/\">Voir les publications<\/a><\/div>\n<\/p><\/div>\n<div class=\"actu-card\">\n<div>\n<h3>\ud83d\udcc5 Calendrier des manifestations<\/h3>\n<p>Consultez toutes les manifestations organis\u00e9es sur le territoire d&rsquo;\u00c9ole-en-Beauce : f\u00eates, animations, r\u00e9unions publiques et autres \u00e9v\u00e9nements tout au long de l&rsquo;ann\u00e9e.<\/p>\n<\/p><\/div>\n<div><a class=\"actu-btn\" href=\"https:\/\/www.eoleenbeauce.fr\/vie-municipale\/vie-locale\/calendrier\/\">Voir le calendrier<\/a><\/div>\n<\/p><\/div>\n<\/p><\/div>\n<\/div>\n","protected":false},"excerpt":{"rendered":"<p>Les Actualit\u00e9s \u00c9oloises Notre commune d&rsquo;\u00c9ole-en-Beauce utilise plusieurs moyens de communication, tels que Panneau Pocket, des articles internet, des publications [&hellip;]<\/p>\n","protected":false},"author":1,"featured_media":0,"parent":0,"menu_order":4,"comment_status":"closed","ping_status":"closed","template":"","meta":{"site-sidebar-layout":"default","site-content-layout":"","ast-site-content-layout":"default","site-content-style":"default","site-sidebar-style":"default","ast-global-header-display":"","ast-banner-title-visibility":"","ast-main-header-display":"","ast-hfb-above-header-display":"","ast-hfb-below-header-display":"","ast-hfb-mobile-header-display":"","site-post-title":"disabled","ast-breadcrumbs-content":"","ast-featured-img":"","footer-sml-layout":"","ast-disable-related-posts":"","theme-transparent-header-meta":"default","adv-header-id-meta":"","stick-header-meta":"","header-above-stick-meta":"","header-main-stick-meta":"","header-below-stick-meta":"","astra-migrate-meta-layouts":"set","ast-page-background-enabled":"default","ast-page-background-meta":{"desktop":{"background-color":"var(--ast-global-color-5)","background-image":"","background-repeat":"repeat","background-position":"center center","background-size":"auto","background-attachment":"scroll","background-type":"","background-media":"","overlay-type":"","overlay-color":"","overlay-opacity":"","overlay-gradient":""},"tablet":{"background-color":"","background-image":"","background-repeat":"repeat","background-position":"center center","background-size":"auto","background-attachment":"scroll","background-type":"","background-media":"","overlay-type":"","overlay-color":"","overlay-opacity":"","overlay-gradient":""},"mobile":{"background-color":"","background-image":"","background-repeat":"repeat","background-position":"center center","background-size":"auto","background-attachment":"scroll","background-type":"","background-media":"","overlay-type":"","overlay-color":"","overlay-opacity":"","overlay-gradient":""}},"ast-content-background-meta":{"desktop":{"background-color":"var(--ast-global-color-4)","background-image":"","background-repeat":"repeat","background-position":"center center","background-size":"auto","background-attachment":"scroll","background-type":"","background-media":"","overlay-type":"","overlay-color":"","overlay-opacity":"","overlay-gradient":""},"tablet":{"background-color":"var(--ast-global-color-4)","background-image":"","background-repeat":"repeat","background-position":"center center","background-size":"auto","background-attachment":"scroll","background-type":"","background-media":"","overlay-type":"","overlay-color":"","overlay-opacity":"","overlay-gradient":""},"mobile":{"background-color":"var(--ast-global-color-4)","background-image":"","background-repeat":"repeat","background-position":"center center","background-size":"auto","background-attachment":"scroll","background-type":"","background-media":"","overlay-type":"","overlay-color":"","overlay-opacity":"","overlay-gradient":""}},"footnotes":""},"class_list":["post-3340","page","type-page","status-publish","hentry"],"_links":{"self":[{"href":"https:\/\/www.eoleenbeauce.fr\/?rest_route=\/wp\/v2\/pages\/3340","targetHints":{"allow":["GET"]}}],"collection":[{"href":"https:\/\/www.eoleenbeauce.fr\/?rest_route=\/wp\/v2\/pages"}],"about":[{"href":"https:\/\/www.eoleenbeauce.fr\/?rest_route=\/wp\/v2\/types\/page"}],"author":[{"embeddable":true,"href":"https:\/\/www.eoleenbeauce.fr\/?rest_route=\/wp\/v2\/users\/1"}],"replies":[{"embeddable":true,"href":"https:\/\/www.eoleenbeauce.fr\/?rest_route=%2Fwp%2Fv2%2Fcomments&post=3340"}],"version-history":[{"count":10,"href":"https:\/\/www.eoleenbeauce.fr\/?rest_route=\/wp\/v2\/pages\/3340\/revisions"}],"predecessor-version":[{"id":3583,"href":"https:\/\/www.eoleenbeauce.fr\/?rest_route=\/wp\/v2\/pages\/3340\/revisions\/3583"}],"wp:attachment":[{"href":"https:\/\/www.eoleenbeauce.fr\/?rest_route=%2Fwp%2Fv2%2Fmedia&parent=3340"}],"curies":[{"name":"wp","href":"https:\/\/api.w.org\/{rel}","templated":true}]}}