{"id":2990,"date":"2026-02-22T12:00:23","date_gmt":"2026-02-22T11:00:23","guid":{"rendered":"https:\/\/www.eoleenbeauce.fr\/?page_id=2990"},"modified":"2026-03-12T17:11:49","modified_gmt":"2026-03-12T16:11:49","slug":"calendrier","status":"publish","type":"page","link":"https:\/\/www.eoleenbeauce.fr\/actualites\/calendrier\/","title":{"rendered":"Calendrier"},"content":{"rendered":"<div class=\"page\">\n<div class=\"hero-title-wrap\">\n<h1 class=\"hero-title\">Calendrier des Manifestations 2026<\/h1>\n<div class=\"hero-bar\"><\/div>\n<\/div>\n<div class=\"cal-grid\">\n<div class=\"mois-card\">\n<div class=\"mois-header\">Janvier<\/div>\n<div class=\"mois-events\">\n<div class=\"event-item\">\n<div class=\"event-date\"><span class=\"event-jour\">Vendredi 16<\/span><span class=\"event-heure\">\u00e0 20h45<\/span><\/div>\n<div class=\"event-body\">\n<div class=\"event-titre\">Soir\u00e9e jeux<\/div>\n<div class=\"event-orga\">Familles Rurales de Viabon<\/div>\n<p><span class=\"event-lieu\">\ud83d\udccd Petite salle de la mairie \u2013 Viabon<\/span><\/p>\n<\/div>\n<\/div>\n<div class=\"event-sep\"><\/div>\n<div class=\"event-item\">\n<div class=\"event-date\"><span class=\"event-jour\">Mardi 20<\/span><span class=\"event-heure\">\u00e0 20h30<\/span><\/div>\n<div class=\"event-body\">\n<div class=\"event-titre\">Assembl\u00e9e G\u00e9n\u00e9rale<\/div>\n<div class=\"event-orga\">Familles Rurales de Viabon<\/div>\n<p><span class=\"event-lieu\">\ud83d\udccd Salle de Quartier \u2013 Viabon<\/span><\/p>\n<\/div>\n<\/div>\n<div class=\"event-sep\"><\/div>\n<div class=\"event-item\">\n<div class=\"event-date\"><span class=\"event-jour\">Samedi 24<\/span><\/div>\n<div class=\"event-body\">\n<div class=\"event-titre\">C\u00e9r\u00e9monie des v\u0153ux<\/div>\n<div class=\"event-orga\">\u00c9ole-en-Beauce<\/div>\n<p><span class=\"event-lieu\">\ud83d\udccd Salle de Quartier \u2013 Viabon<\/span><\/p>\n<\/div>\n<\/div>\n<div class=\"event-sep\"><\/div>\n<div class=\"event-item\">\n<div class=\"event-date\"><span class=\"event-jour\">Samedi 24<br \/>Dimanche 25<\/span><\/div>\n<div class=\"event-body\">\n<div class=\"event-titre\">Concours de chaloup\u00e9e<\/div>\n<div class=\"event-orga\">Vie La Joie Germignonville<\/div>\n<p><span class=\"event-lieu\">\ud83d\udccd Salle des F\u00eates \u2013 Germignonville<\/span><\/p>\n<\/div>\n<\/div>\n<\/div>\n<\/div>\n<div class=\"mois-card\">\n<div class=\"mois-header\">F\u00e9vrier<\/div>\n<div class=\"mois-events\">\n<div class=\"event-item\">\n<div class=\"event-date\"><span class=\"event-jour\">Vendredi 06<\/span><\/div>\n<div class=\"event-body\">\n<div class=\"event-titre\">Assembl\u00e9e G\u00e9n\u00e9rale<\/div>\n<div class=\"event-orga\">Vie La Joie de Germignonville<\/div>\n<p><span class=\"event-lieu\">\ud83d\udccd Salle Polyvalente \u2013 Fains-la-Folie<\/span><\/p>\n<\/div>\n<\/div>\n<div class=\"event-sep\"><\/div>\n<div class=\"event-item\">\n<div class=\"event-date\"><span class=\"event-jour\">Vendredi 13<\/span><span class=\"event-heure\">\u00e0 20h45<\/span><\/div>\n<div class=\"event-body\">\n<div class=\"event-titre\">Soir\u00e9e jeux<\/div>\n<div class=\"event-orga\">Familles Rurales de Viabon<\/div>\n<p><span class=\"event-lieu\">\ud83d\udccd Petite salle de la mairie \u2013 Viabon<\/span><\/p>\n<\/div>\n<\/div>\n<div class=\"event-sep\"><\/div>\n<div class=\"event-item\">\n<div class=\"event-date\"><span class=\"event-jour\">Vendredi 20<\/span><\/div>\n<div class=\"event-body\">\n<div class=\"event-titre\">Assembl\u00e9e G\u00e9n\u00e9rale<\/div>\n<div class=\"event-orga\">Familles Rurales de Fains-la-Folie<\/div>\n<p><span class=\"event-lieu\">\ud83d\udccd Salle Polyvalente \u2013 Fains-la-Folie<\/span><\/p>\n<\/div>\n<\/div>\n<\/div>\n<\/div>\n<div class=\"mois-card\">\n<div class=\"mois-header\">Mars<\/div>\n<div class=\"mois-events\">\n<div class=\"event-item\">\n<div class=\"event-date\"><span class=\"event-jour\">Vendredi 13<\/span><span class=\"event-heure\">\u00e0 20h45<\/span><\/div>\n<div class=\"event-body\">\n<div class=\"event-titre\">Soir\u00e9e jeux<\/div>\n<div class=\"event-orga\">Familles Rurales de Viabon<\/div>\n<p><span class=\"event-lieu\">\ud83d\udccd Petite salle de la mairie \u2013 Viabon<\/span><\/p>\n<\/div>\n<\/div>\n<div class=\"event-sep\"><\/div>\n<div class=\"event-item\">\n<div class=\"event-date\"><span class=\"event-jour\">Dimanche 15<\/span><\/div>\n<div class=\"event-body\">\n<div class=\"event-titre\">\u00c9lections municipales : 1er tour<\/div>\n<div class=\"event-orga\">\u00c9ole-en-Beauce<\/div>\n<\/div>\n<\/div>\n<div class=\"event-sep\"><\/div>\n<div class=\"event-item\">\n<div class=\"event-date\"><span class=\"event-jour\">Samedi 21<\/span><span class=\"event-heure\">\u00e0 14h30<\/span><\/div>\n<div class=\"event-body\">\n<div class=\"event-titre\">Apr\u00e8s-midi jeux et go\u00fbter \u00ab Le printemps est arriv\u00e9 ! \u00bb<\/div>\n<div class=\"event-orga\">Familles Rurales de Viabon<\/div>\n<p><span class=\"event-lieu\">\ud83d\udccd Petite salle de la mairie \u2013 Viabon<\/span><\/p>\n<\/div>\n<\/div>\n<div class=\"event-sep\"><\/div>\n<div class=\"event-item\">\n<div class=\"event-date\"><span class=\"event-jour\">Samedi 21<\/span><\/div>\n<div class=\"event-body\">\n<div class=\"event-titre\">C\u00e9r\u00e9monies comm\u00e9moratives<\/div>\n<div class=\"event-orga\">\u00c9ole-en-Beauce<\/div>\n<p><span class=\"event-lieu\">\ud83d\udccd Fains-la-Folie et Germignonville<\/span><\/p>\n<\/div>\n<\/div>\n<div class=\"event-sep\"><\/div>\n<div class=\"event-item\">\n<div class=\"event-date\"><span class=\"event-jour\">Dimanche 22<\/span><\/div>\n<div class=\"event-body\">\n<div class=\"event-titre\">\u00c9lections municipales : 2\u00e8me tour<\/div>\n<div class=\"event-orga\">\u00c9ole-en-Beauce<\/div>\n<\/div>\n<\/div>\n<div class=\"event-sep\"><\/div>\n<div class=\"event-item\">\n<div class=\"event-date\"><span class=\"event-jour\">Samedi 28<\/span><\/div>\n<div class=\"event-body\">\n<div class=\"event-titre\">Assembl\u00e9e G\u00e9n\u00e9rale<\/div>\n<div class=\"event-orga\">Amicale des sapeurs-pompiers de Viabon<\/div>\n<p><span class=\"event-lieu\">\ud83d\udccd Salle des f\u00eates \u2013 Germignonville<\/span><\/p>\n<\/div>\n<\/div>\n<\/div>\n<\/div>\n<div class=\"mois-card\">\n<div class=\"mois-header\">Avril<\/div>\n<div class=\"mois-events\">\n<div class=\"event-item\">\n<div class=\"event-date\"><span class=\"event-jour\">Dimanche 05<\/span><\/div>\n<div class=\"event-body\">\n<div class=\"event-titre\">Distribution de P\u00e2ques<\/div>\n<div class=\"event-orga\">Vie La Joie de Germignonville<\/div>\n<\/div>\n<\/div>\n<div class=\"event-sep\"><\/div>\n<div class=\"event-item\">\n<div class=\"event-date\"><span class=\"event-jour\">Lundi 06<\/span><span class=\"event-heure\">\u00e0 10h00<\/span><\/div>\n<div class=\"event-body\">\n<div class=\"event-titre\">Chasse aux \u0153ufs pour les enfants<\/div>\n<div class=\"event-orga\">Familles Rurales de Viabon<\/div>\n<p><span class=\"event-lieu\">\ud83d\udccd Parc de la mairie \u2013 Viabon<\/span><\/p>\n<\/div>\n<\/div>\n<div class=\"event-sep\"><\/div>\n<div class=\"event-item\">\n<div class=\"event-date\"><span class=\"event-jour\">Vendredi 10<\/span><span class=\"event-heure\">\u00e0 20h45<\/span><\/div>\n<div class=\"event-body\">\n<div class=\"event-titre\">Soir\u00e9e jeux<\/div>\n<div class=\"event-orga\">Familles Rurales de Viabon<\/div>\n<p><span class=\"event-lieu\">\ud83d\udccd Petite salle de la mairie \u2013 Viabon<\/span><\/p>\n<\/div>\n<\/div>\n<div class=\"event-sep\"><\/div>\n<div class=\"event-item\">\n<div class=\"event-date\"><span class=\"event-jour\">Samedi 25<\/span><\/div>\n<div class=\"event-body\">\n<div class=\"event-titre\">Soir\u00e9e karaok\u00e9<\/div>\n<div class=\"event-orga\">Amicale des sapeurs-pompiers de Viabon<\/div>\n<p><span class=\"event-lieu\">\ud83d\udccd Salle de Quartier \u2013 Viabon<\/span><\/p>\n<\/div>\n<\/div>\n<div class=\"event-sep\"><\/div>\n<div class=\"event-item\">\n<div class=\"event-date\"><span class=\"event-jour\">Dimanche 26<\/span><\/div>\n<div class=\"event-body\">\n<div class=\"event-titre\">Brocante<\/div>\n<div class=\"event-orga\">Comit\u00e9 des f\u00eates de Baignolet<\/div>\n<p><span class=\"event-lieu\">\ud83d\udccd Baignolet<\/span><\/p>\n<\/div>\n<\/div>\n<\/div>\n<\/div>\n<div class=\"mois-card\">\n<div class=\"mois-header\">Mai<\/div>\n<div class=\"mois-events\">\n<div class=\"event-item\">\n<div class=\"event-date\"><span class=\"event-jour\">Vendredi 08<\/span><\/div>\n<div class=\"event-body\">\n<div class=\"event-titre\">C\u00e9r\u00e9monies comm\u00e9moratives<\/div>\n<div class=\"event-orga\">\u00c9ole-en-Beauce<\/div>\n<\/div>\n<\/div>\n<div class=\"event-sep\"><\/div>\n<div class=\"event-item\">\n<div class=\"event-date\"><span class=\"event-jour\">Dimanche 17<\/span><span class=\"event-heure\">\u00e0 10h00<\/span><\/div>\n<div class=\"event-body\">\n<div class=\"event-titre\">Sortie v\u00e9lo<\/div>\n<div class=\"event-orga\">Familles Rurales de Viabon<\/div>\n<p><span class=\"event-lieu\">\ud83d\udccd D\u00e9part de la petite salle de la mairie \u2013 Viabon<\/span><\/p>\n<\/div>\n<\/div>\n<div class=\"event-sep\"><\/div>\n<div class=\"event-item\">\n<div class=\"event-date\"><span class=\"event-jour\">Vendredi 30<\/span><\/div>\n<div class=\"event-body\">\n<div class=\"event-titre\">F\u00eate des voisins<\/div>\n<div class=\"event-orga\">Comit\u00e9 des f\u00eates de Baignolet<\/div>\n<p><span class=\"event-lieu\">\ud83d\udccd Salle Polyvalente \u2013 Baignolet<\/span><\/p>\n<\/div>\n<\/div>\n<div class=\"event-sep\"><\/div>\n<div class=\"event-item\">\n<div class=\"event-date\"><span class=\"event-jour\">Vendredi 30<\/span><\/div>\n<div class=\"event-body\">\n<div class=\"event-titre\">Soir\u00e9e Esprit Guinguette<\/div>\n<div class=\"event-orga\">Vie La Joie Germignonville<\/div>\n<p><span class=\"event-lieu\">\ud83d\udccd Germignonville<\/span><\/p>\n<\/div>\n<\/div>\n<\/div>\n<\/div>\n<div class=\"mois-card\">\n<div class=\"mois-header\">Juin<\/div>\n<div class=\"mois-events\">\n<div class=\"event-item\">\n<div class=\"event-date\"><span class=\"event-jour\">Dimanche 07<\/span><span class=\"event-heure\">\u00e0 12h00<\/span><\/div>\n<div class=\"event-body\">\n<div class=\"event-titre\">Pique-nique \u00ab Cr\u00e9er le lien \u00bb<\/div>\n<div class=\"event-orga\">Familles Rurales de Viabon<\/div>\n<p><span class=\"event-lieu\">\ud83d\udccd Parc de la mairie \u2013 Viabon<\/span><\/p>\n<\/div>\n<\/div>\n<div class=\"event-sep\"><\/div>\n<div class=\"event-item\">\n<div class=\"event-date\"><span class=\"event-jour\">Samedi 14<\/span><\/div>\n<div class=\"event-body\">\n<div class=\"event-titre\">Foire \u00e0 tout<\/div>\n<div class=\"event-orga\">Familles Rurales de Fains-la-Folie<\/div>\n<p><span class=\"event-lieu\">\ud83d\udccd Villeau<\/span><\/p>\n<\/div>\n<\/div>\n<\/div>\n<\/div>\n<div class=\"mois-card\">\n<div class=\"mois-header\">Juillet<\/div>\n<div class=\"mois-events\">\n<div class=\"event-item\">\n<div class=\"event-date\"><span class=\"event-jour\">Vendredi 04<\/span><\/div>\n<div class=\"event-body\">\n<div class=\"event-titre\">Randonn\u00e9e du lavandin<\/div>\n<div class=\"event-orga\">Comit\u00e9 des f\u00eates de Baignolet<\/div>\n<p><span class=\"event-lieu\">\ud83d\udccd Salle Polyvalente \u2013 Baignolet<\/span><\/p>\n<\/div>\n<\/div>\n<div class=\"event-sep\"><\/div>\n<div class=\"event-item\">\n<div class=\"event-date\"><span class=\"event-jour\">Samedi 05<\/span><\/div>\n<div class=\"event-body\">\n<div class=\"event-titre\">Brocante \/ Vide-grenier<\/div>\n<div class=\"event-orga\">Vie La Joie Germignonville<\/div>\n<p><span class=\"event-lieu\">\ud83d\udccd Germignonville<\/span><\/p>\n<\/div>\n<\/div>\n<div class=\"event-sep\"><\/div>\n<div class=\"event-item\">\n<div class=\"event-date\"><span class=\"event-jour\">Samedi 24<br \/>Dimanche 25<\/span><\/div>\n<div class=\"event-body\">\n<div class=\"event-titre\">Festivit\u00e9s du 14 juillet<\/div>\n<div class=\"event-orga\">\u00c9ole-en-Beauce<\/div>\n<p><span class=\"event-lieu\">\ud83d\udccd Lieu \u00e0 d\u00e9finir<\/span><\/p>\n<\/div>\n<\/div>\n<\/div>\n<\/div>\n<div class=\"mois-card\">\n<div class=\"mois-header\">Ao\u00fbt<\/div>\n<div class=\"mois-events\">\n<div class=\"event-item\">\n<div class=\"event-date\"><span class=\"event-jour\">Vendredi 29<\/span><\/div>\n<div class=\"event-body\">\n<div class=\"event-titre\">Guinguette<\/div>\n<div class=\"event-orga\">Familles Rurales de Fains-la-Folie<\/div>\n<p><span class=\"event-lieu\">\ud83d\udccd Amoinville<\/span><\/p>\n<\/div>\n<\/div>\n<\/div>\n<\/div>\n<div class=\"mois-card\">\n<div class=\"mois-header\">Septembre<\/div>\n<div class=\"mois-events\">\n<div class=\"event-item\">\n<div class=\"event-date\"><span class=\"event-jour\">Samedi 12<\/span><span class=\"event-heure\">\u00e0 19h30<\/span><\/div>\n<div class=\"event-body\">\n<div class=\"event-titre\">Soir\u00e9e Paella<\/div>\n<div class=\"event-orga\">Familles Rurales de Viabon<\/div>\n<p><span class=\"event-lieu\">\ud83d\udccd Salle de Quartier \u2013 Viabon<\/span><\/p>\n<\/div>\n<\/div>\n<div class=\"event-sep\"><\/div>\n<div class=\"event-item\">\n<div class=\"event-date\"><span class=\"event-jour\">Samedi 12<\/span><\/div>\n<div class=\"event-body\">\n<div class=\"event-titre\">Sam dit jeux<\/div>\n<div class=\"event-orga\">Vie La Joie Germignonville<\/div>\n<p><span class=\"event-lieu\">\ud83d\udccd Salle des F\u00eates \u2013 Germignonville<\/span><\/p>\n<\/div>\n<\/div>\n<div class=\"event-sep\"><\/div>\n<div class=\"event-item\">\n<div class=\"event-date\"><span class=\"event-jour\">Samedi 26<\/span><\/div>\n<div class=\"event-body\">\n<div class=\"event-titre\">Sortie th\u00e9\u00e2tre \u00ab Au bout du rouleau \u00bb<\/div>\n<div class=\"event-orga\">Familles Rurales de Viabon<\/div>\n<p><span class=\"event-lieu\">\ud83d\udccd D\u00e9part de la mairie \u00e0 Viabon pour covoiturage<\/span><\/p>\n<\/div>\n<\/div>\n<\/div>\n<\/div>\n<div class=\"mois-card\">\n<div class=\"mois-header\">Octobre<\/div>\n<div class=\"mois-events\">\n<div class=\"event-item\">\n<div class=\"event-date\"><span class=\"event-jour\">Vendredi 09<\/span><span class=\"event-heure\">\u00e0 20h45<\/span><\/div>\n<div class=\"event-body\">\n<div class=\"event-titre\">Soir\u00e9e jeux<\/div>\n<div class=\"event-orga\">Familles Rurales de Viabon<\/div>\n<p><span class=\"event-lieu\">\ud83d\udccd Petite salle de la mairie \u2013 Viabon<\/span><\/p>\n<\/div>\n<\/div>\n<div class=\"event-sep\"><\/div>\n<div class=\"event-item\">\n<div class=\"event-date\"><span class=\"event-jour\">Samedi 10<\/span><\/div>\n<div class=\"event-body\">\n<div class=\"event-titre\">Soir\u00e9e dansante<\/div>\n<div class=\"event-orga\">Comit\u00e9 des f\u00eates de Baignolet<\/div>\n<p><span class=\"event-lieu\">\ud83d\udccd Salle Polyvalente \u2013 Baignolet<\/span><\/p>\n<\/div>\n<\/div>\n<div class=\"event-sep\"><\/div>\n<div class=\"event-item\">\n<div class=\"event-date\"><span class=\"event-jour\">Samedi 17<\/span><\/div>\n<div class=\"event-body\">\n<div class=\"event-titre\">Soir\u00e9e Mille et une Nuits<\/div>\n<div class=\"event-orga\">Vie La Joie Germignonville<\/div>\n<p><span class=\"event-lieu\">\ud83d\udccd Salle des F\u00eates \u2013 Germignonville<\/span><\/p>\n<\/div>\n<\/div>\n<div class=\"event-sep\"><\/div>\n<div class=\"event-item\">\n<div class=\"event-date\"><span class=\"event-jour\">Dimanche 18<\/span><span class=\"event-heure\">\u00e0 9h00<\/span><\/div>\n<div class=\"event-body\">\n<div class=\"event-titre\">Marche solidaire \u00ab La Viabonnaise \u00bb<\/div>\n<div class=\"event-orga\">Familles Rurales de Viabon<\/div>\n<p><span class=\"event-lieu\">\ud83d\udccd Salle de Quartier \u2013 Viabon<\/span><\/p>\n<\/div>\n<\/div>\n<div class=\"event-sep\"><\/div>\n<div class=\"event-item\">\n<div class=\"event-date\"><span class=\"event-jour\">Jeudi 30<\/span><\/div>\n<div class=\"event-body\">\n<div class=\"event-titre\">Halloween<\/div>\n<div class=\"event-orga\">Familles Rurales de Fains-la-Folie<\/div>\n<p><span class=\"event-lieu\">\ud83d\udccd Salle Polyvalente \u2013 Fains-la-Folie<\/span><\/p>\n<\/div>\n<\/div>\n<div class=\"event-sep\"><\/div>\n<div class=\"event-item\">\n<div class=\"event-date\"><span class=\"event-jour\">Samedi 31<\/span><span class=\"event-heure\">\u00e0 14h30<\/span><\/div>\n<div class=\"event-body\">\n<div class=\"event-titre\">Halloween<\/div>\n<div class=\"event-orga\">Familles Rurales de Viabon<\/div>\n<p><span class=\"event-lieu\">\ud83d\udccd Petite salle de la mairie \u2013 Viabon<\/span><\/p>\n<\/div>\n<\/div>\n<\/div>\n<\/div>\n<div class=\"mois-card\">\n<div class=\"mois-header\">Novembre<\/div>\n<div class=\"mois-events\">\n<div class=\"event-item\">\n<div class=\"event-date\"><span class=\"event-jour\">Samedi 08<\/span><\/div>\n<div class=\"event-body\">\n<div class=\"event-titre\">Trail \u00ab Les moustachus \u00bb<\/div>\n<div class=\"event-orga\">Amicale des sapeurs-pompiers de Viabon<\/div>\n<p><span class=\"event-lieu\">\ud83d\udccd Salle de Quartier \u2013 Viabon<\/span><\/p>\n<\/div>\n<\/div>\n<div class=\"event-sep\"><\/div>\n<div class=\"event-item\">\n<div class=\"event-date\"><span class=\"event-jour\">Mercredi 11<\/span><\/div>\n<div class=\"event-body\">\n<div class=\"event-titre\">C\u00e9r\u00e9monies comm\u00e9moratives<\/div>\n<div class=\"event-orga\">\u00c9ole-en-Beauce<\/div>\n<\/div>\n<\/div>\n<div class=\"event-sep\"><\/div>\n<div class=\"event-item\">\n<div class=\"event-date\"><span class=\"event-jour\">Samedi 14<\/span><span class=\"event-heure\">\u00e0 14h30<\/span><\/div>\n<div class=\"event-body\">\n<div class=\"event-titre\">Apr\u00e8s-midi jeux et go\u00fbter<\/div>\n<div class=\"event-orga\">Familles Rurales de Viabon<\/div>\n<p><span class=\"event-lieu\">\ud83d\udccd Salle de Quartier \u2013 Viabon<\/span><\/p>\n<\/div>\n<\/div>\n<div class=\"event-sep\"><\/div>\n<div class=\"event-item\">\n<div class=\"event-date\"><span class=\"event-jour\">Vendredi 27<\/span><span class=\"event-heure\">\u00e0 19h30<\/span><\/div>\n<div class=\"event-body\">\n<div class=\"event-titre\">Soir\u00e9e bowling<\/div>\n<div class=\"event-orga\">Familles Rurales de Viabon<\/div>\n<p><span class=\"event-lieu\">\ud83d\udccd Sur place \u00e0 Barjouville<\/span><\/p>\n<\/div>\n<\/div>\n<div class=\"event-sep\"><\/div>\n<div class=\"event-item\">\n<div class=\"event-date\"><span class=\"event-jour\">Samedi 29<\/span><\/div>\n<div class=\"event-body\">\n<div class=\"event-titre\">Vente de sapins<\/div>\n<div class=\"event-orga\">Familles Rurales de Fains-la-Folie<\/div>\n<p><span class=\"event-lieu\">\ud83d\udccd Salle Polyvalente \u2013 Fains-la-Folie<\/span><\/p>\n<\/div>\n<\/div>\n<\/div>\n<\/div>\n<div class=\"mois-card\">\n<div class=\"mois-header\">D\u00e9cembre<\/div>\n<div class=\"mois-events\">\n<div class=\"event-item\">\n<div class=\"event-date\"><span class=\"event-jour\">Vendredi 04<\/span><span class=\"event-heure\">\u00e0 20h45<\/span><\/div>\n<div class=\"event-body\">\n<div class=\"event-titre\">Soir\u00e9e jeux<\/div>\n<div class=\"event-orga\">Familles Rurales de Viabon<\/div>\n<p><span class=\"event-lieu\">\ud83d\udccd Petite salle de la mairie \u2013 Viabon<\/span><\/p>\n<\/div>\n<\/div>\n<div class=\"event-sep\"><\/div>\n<div class=\"event-item\">\n<div class=\"event-date\"><span class=\"event-jour\">Samedi 12<\/span><\/div>\n<div class=\"event-body\">\n<div class=\"event-titre\">Go\u00fbter de No\u00ebl<\/div>\n<div class=\"event-orga\">Comit\u00e9 des f\u00eates de Baignolet<\/div>\n<p><span class=\"event-lieu\">\ud83d\udccd Baignolet<\/span><\/p>\n<\/div>\n<\/div>\n<div class=\"event-sep\"><\/div>\n<div class=\"event-item\">\n<div class=\"event-date\"><span class=\"event-jour\">Samedi 12<\/span><\/div>\n<div class=\"event-body\">\n<div class=\"event-titre\">C\u00e9r\u00e9monie de Saint-Barbe<\/div>\n<div class=\"event-orga\">Amicale des sapeurs-pompiers de Viabon<\/div>\n<p><span class=\"event-lieu\">\ud83d\udccd Salle de Quartier \u2013 Viabon<\/span><\/p>\n<\/div>\n<\/div>\n<\/div>\n<\/div>\n<\/div>\n<\/div>\n","protected":false},"excerpt":{"rendered":"<p>Calendrier des Manifestations 2026 Janvier Vendredi 16\u00e0 20h45 Soir\u00e9e jeux Familles Rurales de Viabon \ud83d\udccd Petite salle de la mairie [&hellip;]<\/p>\n","protected":false},"author":1,"featured_media":0,"parent":3340,"menu_order":3,"comment_status":"closed","ping_status":"closed","template":"","meta":{"site-sidebar-layout":"default","site-content-layout":"","ast-site-content-layout":"default","site-content-style":"default","site-sidebar-style":"default","ast-global-header-display":"","ast-banner-title-visibility":"","ast-main-header-display":"","ast-hfb-above-header-display":"","ast-hfb-below-header-display":"","ast-hfb-mobile-header-display":"","site-post-title":"disabled","ast-breadcrumbs-content":"","ast-featured-img":"","footer-sml-layout":"","ast-disable-related-posts":"","theme-transparent-header-meta":"default","adv-header-id-meta":"","stick-header-meta":"","header-above-stick-meta":"","header-main-stick-meta":"","header-below-stick-meta":"","astra-migrate-meta-layouts":"set","ast-page-background-enabled":"default","ast-page-background-meta":{"desktop":{"background-color":"var(--ast-global-color-5)","background-image":"","background-repeat":"repeat","background-position":"center center","background-size":"auto","background-attachment":"scroll","background-type":"","background-media":"","overlay-type":"","overlay-color":"","overlay-opacity":"","overlay-gradient":""},"tablet":{"background-color":"","background-image":"","background-repeat":"repeat","background-position":"center center","background-size":"auto","background-attachment":"scroll","background-type":"","background-media":"","overlay-type":"","overlay-color":"","overlay-opacity":"","overlay-gradient":""},"mobile":{"background-color":"","background-image":"","background-repeat":"repeat","background-position":"center center","background-size":"auto","background-attachment":"scroll","background-type":"","background-media":"","overlay-type":"","overlay-color":"","overlay-opacity":"","overlay-gradient":""}},"ast-content-background-meta":{"desktop":{"background-color":"var(--ast-global-color-4)","background-image":"","background-repeat":"repeat","background-position":"center center","background-size":"auto","background-attachment":"scroll","background-type":"","background-media":"","overlay-type":"","overlay-color":"","overlay-opacity":"","overlay-gradient":""},"tablet":{"background-color":"var(--ast-global-color-4)","background-image":"","background-repeat":"repeat","background-position":"center center","background-size":"auto","background-attachment":"scroll","background-type":"","background-media":"","overlay-type":"","overlay-color":"","overlay-opacity":"","overlay-gradient":""},"mobile":{"background-color":"var(--ast-global-color-4)","background-image":"","background-repeat":"repeat","background-position":"center center","background-size":"auto","background-attachment":"scroll","background-type":"","background-media":"","overlay-type":"","overlay-color":"","overlay-opacity":"","overlay-gradient":""}},"footnotes":""},"class_list":["post-2990","page","type-page","status-publish","hentry"],"_links":{"self":[{"href":"https:\/\/www.eoleenbeauce.fr\/?rest_route=\/wp\/v2\/pages\/2990","targetHints":{"allow":["GET"]}}],"collection":[{"href":"https:\/\/www.eoleenbeauce.fr\/?rest_route=\/wp\/v2\/pages"}],"about":[{"href":"https:\/\/www.eoleenbeauce.fr\/?rest_route=\/wp\/v2\/types\/page"}],"author":[{"embeddable":true,"href":"https:\/\/www.eoleenbeauce.fr\/?rest_route=\/wp\/v2\/users\/1"}],"replies":[{"embeddable":true,"href":"https:\/\/www.eoleenbeauce.fr\/?rest_route=%2Fwp%2Fv2%2Fcomments&post=2990"}],"version-history":[{"count":21,"href":"https:\/\/www.eoleenbeauce.fr\/?rest_route=\/wp\/v2\/pages\/2990\/revisions"}],"predecessor-version":[{"id":4133,"href":"https:\/\/www.eoleenbeauce.fr\/?rest_route=\/wp\/v2\/pages\/2990\/revisions\/4133"}],"up":[{"embeddable":true,"href":"https:\/\/www.eoleenbeauce.fr\/?rest_route=\/wp\/v2\/pages\/3340"}],"wp:attachment":[{"href":"https:\/\/www.eoleenbeauce.fr\/?rest_route=%2Fwp%2Fv2%2Fmedia&parent=2990"}],"curies":[{"name":"wp","href":"https:\/\/api.w.org\/{rel}","templated":true}]}}