{"id":270,"date":"2017-08-18T13:35:31","date_gmt":"2017-08-18T11:35:31","guid":{"rendered":"http:\/\/eoleenbeuv.cluster023.hosting.ovh.net\/?page_id=270"},"modified":"2026-03-11T08:39:15","modified_gmt":"2026-03-11T07:39:15","slug":"presentation","status":"publish","type":"page","link":"https:\/\/www.eoleenbeauce.fr\/notre-commune\/presentation\/","title":{"rendered":"Pr\u00e9sentation"},"content":{"rendered":"<div class=\"page\">\n<div class=\"hero-title-wrap\">\n<h1 class=\"hero-title\">Pr\u00e9sentation de notre commune<\/h1>\n<div class=\"hero-bar\"><\/div>\n<\/p><\/div>\n<p>  <a class=\"carte-link\" href=\"https:\/\/www.eoleenbeauce.fr\/wp-content\/uploads\/2026\/02\/Carte-Eole-en-Beauce-3-page001-scaled.png\" target=\"_blank\"><br \/>\n    <img decoding=\"async\" src=\"https:\/\/www.eoleenbeauce.fr\/wp-content\/uploads\/2026\/02\/Carte-Eole-en-Beauce-3-page001-scaled.png\" alt=\"Carte \u00c9ole-en-Beauce\"\/><br \/>\n  <\/a><\/p>\n<div class=\"intro-text\">\n<p>Depuis le 1er janvier 2019, \u00c9ole-en-Beauce est une nouvelle commune issue de la fusion des <strong>5 communes dites historiques<\/strong>.<\/p>\n<p>D&rsquo;apr\u00e8s la base de la population l\u00e9gale au 1er janvier 2026, la commune compte <strong>1 242 \u00c9olois et \u00c9oloises<\/strong> sur une superficie de <strong>102,86 km\u00b2<\/strong>.<\/p>\n<p>Voici l&rsquo;ensemble des 34 villages, hameaux et fermes qui composent \u00c9ole-en-Beauce.<\/p>\n<\/p><\/div>\n<div class=\"communes-grid\">\n<div class=\"commune-card\">\n<div class=\"commune-title\"><a href=\"https:\/\/www.eoleenbeauce.fr\/?page_id=155\">Baignolet<\/a><\/div>\n<ul>\n<li>Auffains<\/li>\n<li>Baignolet<\/li>\n<\/ul><\/div>\n<div class=\"commune-card\">\n<div class=\"commune-title\"><a href=\"https:\/\/www.eoleenbeauce.fr\/?page_id=157\">Fains-la-Folie<\/a><\/div>\n<ul>\n<li>Amoinville<\/li>\n<li>Auffains<\/li>\n<li>Brainville<\/li>\n<li>Fains-la-Folie<\/li>\n<li>La Chardonni\u00e8re<\/li>\n<li>La Folie Herbault<\/li>\n<li>Martainville<\/li>\n<li>Tortois<\/li>\n<\/ul><\/div>\n<div class=\"commune-card\">\n<div class=\"commune-title\"><a href=\"https:\/\/www.eoleenbeauce.fr\/?page_id=159\">Germignonville<\/a><\/div>\n<ul>\n<li>Cambray<\/li>\n<li>Canonvilliers<\/li>\n<li>Germignonville<\/li>\n<li>Grandvilliers<\/li>\n<li>Marasson<\/li>\n<li>Saint-L\u00e9onard<\/li>\n<li>Sevestreville<\/li>\n<li>Toulifault<\/li>\n<\/ul><\/div>\n<div class=\"commune-card\">\n<div class=\"commune-title\"><a href=\"https:\/\/www.eoleenbeauce.fr\/?page_id=161\">Viabon<\/a><\/div>\n<ul>\n<li>\u00c9ranville<\/li>\n<li>Guesnier<\/li>\n<li>L&rsquo;Herbech\u00e8re<\/li>\n<li>Le Moulin<\/li>\n<li>Les Petites Bordes<\/li>\n<li>Lutz<\/li>\n<li>Mellay<\/li>\n<li>Morais<\/li>\n<li>Oh\u00e9<\/li>\n<li>Perthuis<\/li>\n<li>Reverseaux<\/li>\n<li>Teillay<\/li>\n<li>Viabon<\/li>\n<\/ul><\/div>\n<div class=\"commune-card\">\n<div class=\"commune-title\"><a href=\"https:\/\/www.eoleenbeauce.fr\/?page_id=1242\">Villeau<\/a><\/div>\n<ul>\n<li>Bessay<\/li>\n<li>Bisseau<\/li>\n<li>Tilleau<\/li>\n<li>Villeau<\/li>\n<\/ul><\/div>\n<\/p><\/div>\n<\/div>\n","protected":false},"excerpt":{"rendered":"<p>Pr\u00e9sentation de notre commune Depuis le 1er janvier 2019, \u00c9ole-en-Beauce est une nouvelle commune issue de la fusion des 5 [&hellip;]<\/p>\n","protected":false},"author":1,"featured_media":0,"parent":2495,"menu_order":1,"comment_status":"closed","ping_status":"closed","template":"","meta":{"site-sidebar-layout":"default","site-content-layout":"","ast-site-content-layout":"default","site-content-style":"default","site-sidebar-style":"default","ast-global-header-display":"","ast-banner-title-visibility":"","ast-main-header-display":"","ast-hfb-above-header-display":"","ast-hfb-below-header-display":"","ast-hfb-mobile-header-display":"","site-post-title":"disabled","ast-breadcrumbs-content":"","ast-featured-img":"","footer-sml-layout":"","ast-disable-related-posts":"","theme-transparent-header-meta":"default","adv-header-id-meta":"","stick-header-meta":"","header-above-stick-meta":"","header-main-stick-meta":"","header-below-stick-meta":"","astra-migrate-meta-layouts":"set","ast-page-background-enabled":"default","ast-page-background-meta":{"desktop":{"background-color":"var(--ast-global-color-5)","background-image":"","background-repeat":"repeat","background-position":"center center","background-size":"auto","background-attachment":"scroll","background-type":"","background-media":"","overlay-type":"","overlay-color":"","overlay-opacity":"","overlay-gradient":""},"tablet":{"background-color":"","background-image":"","background-repeat":"repeat","background-position":"center center","background-size":"auto","background-attachment":"scroll","background-type":"","background-media":"","overlay-type":"","overlay-color":"","overlay-opacity":"","overlay-gradient":""},"mobile":{"background-color":"","background-image":"","background-repeat":"repeat","background-position":"center center","background-size":"auto","background-attachment":"scroll","background-type":"","background-media":"","overlay-type":"","overlay-color":"","overlay-opacity":"","overlay-gradient":""}},"ast-content-background-meta":{"desktop":{"background-color":"var(--ast-global-color-4)","background-image":"","background-repeat":"repeat","background-position":"center center","background-size":"auto","background-attachment":"scroll","background-type":"","background-media":"","overlay-type":"","overlay-color":"","overlay-opacity":"","overlay-gradient":""},"tablet":{"background-color":"var(--ast-global-color-4)","background-image":"","background-repeat":"repeat","background-position":"center center","background-size":"auto","background-attachment":"scroll","background-type":"","background-media":"","overlay-type":"","overlay-color":"","overlay-opacity":"","overlay-gradient":""},"mobile":{"background-color":"var(--ast-global-color-4)","background-image":"","background-repeat":"repeat","background-position":"center center","background-size":"auto","background-attachment":"scroll","background-type":"","background-media":"","overlay-type":"","overlay-color":"","overlay-opacity":"","overlay-gradient":""}},"footnotes":""},"class_list":["post-270","page","type-page","status-publish","hentry"],"_links":{"self":[{"href":"https:\/\/www.eoleenbeauce.fr\/?rest_route=\/wp\/v2\/pages\/270","targetHints":{"allow":["GET"]}}],"collection":[{"href":"https:\/\/www.eoleenbeauce.fr\/?rest_route=\/wp\/v2\/pages"}],"about":[{"href":"https:\/\/www.eoleenbeauce.fr\/?rest_route=\/wp\/v2\/types\/page"}],"author":[{"embeddable":true,"href":"https:\/\/www.eoleenbeauce.fr\/?rest_route=\/wp\/v2\/users\/1"}],"replies":[{"embeddable":true,"href":"https:\/\/www.eoleenbeauce.fr\/?rest_route=%2Fwp%2Fv2%2Fcomments&post=270"}],"version-history":[{"count":43,"href":"https:\/\/www.eoleenbeauce.fr\/?rest_route=\/wp\/v2\/pages\/270\/revisions"}],"predecessor-version":[{"id":4029,"href":"https:\/\/www.eoleenbeauce.fr\/?rest_route=\/wp\/v2\/pages\/270\/revisions\/4029"}],"up":[{"embeddable":true,"href":"https:\/\/www.eoleenbeauce.fr\/?rest_route=\/wp\/v2\/pages\/2495"}],"wp:attachment":[{"href":"https:\/\/www.eoleenbeauce.fr\/?rest_route=%2Fwp%2Fv2%2Fmedia&parent=270"}],"curies":[{"name":"wp","href":"https:\/\/api.w.org\/{rel}","templated":true}]}}