{"id":27,"date":"2017-08-16T09:22:13","date_gmt":"2017-08-16T07:22:13","guid":{"rendered":"http:\/\/eoleenbeuv.cluster023.hosting.ovh.net\/?page_id=27"},"modified":"2026-04-29T23:28:34","modified_gmt":"2026-04-29T21:28:34","slug":"les-seances-du-conseil-municipal","status":"publish","type":"page","link":"https:\/\/www.eoleenbeauce.fr\/notre-commune\/conseil-municipal-commissions\/les-seances-du-conseil-municipal\/","title":{"rendered":"Comptes rendus"},"content":{"rendered":"<div class=\"page\">\n<div class=\"hero-title-wrap\">\n<h1 class=\"hero-title\">Les S\u00e9ances du Conseil Municipal<\/h1>\n<div class=\"hero-bar\"><\/div>\n<\/div>\n<p class=\"intro-text\">Sauf exception, les s\u00e9ances du Conseil Municipal ont lieu \u00e0 la Salle de Quartier \u00e0 Viabon.<\/p>\n<hr class=\"divider\" \/>\n<h2 class=\"section-title\">Prochaine S\u00e9ance<\/h2>\n<div class=\"next-session-box\">\n<a href=\"https:\/\/www.eoleenbeauce.fr\/wp-content\/uploads\/2026\/04\/Affichage-Conseil-Municipal-2026-04-23.pdf\" target=\"_blank\" rel=\"noopener\">CM du XX\/XX\/XXXX<\/a>\n<\/div>\n<hr class=\"divider\" \/>\n<h2 class=\"section-title\">Comptes-rendus des S\u00e9ances<\/h2>\n<p class=\"desc-text\">Retrouvez ci-dessous l&rsquo;ensemble des proc\u00e8s verbaux des s\u00e9ances du Conseil Municipal d&rsquo;\u00c9ole-en-Beauce. Ces documents sont mis \u00e0 disposition des habitants dans un souci de transparence et de bonne information.<\/p>\n<div class=\"pv-grid\">\n<div class=\"pv-card\">\n<div class=\"pv-year\">2026<\/div>\n<div class=\"pv-group\" style=\"line-height: 1.1;\"><a href=\"https:\/\/www.eoleenbeauce.fr\/wp-content\/uploads\/2026\/04\/Compte-rendu-CM-2026-04-23.pdf\" target=\"_blank\" rel=\"noopener\">CM du 23-04-2026<\/a><br \/>\n<a class=\"no-icon\" href=\"https:\/\/www.eoleenbeauce.fr\/wp-content\/uploads\/2026\/04\/Liste-des-deliberations-2026-04-23-avec-QR-Code.pdf\" target=\"_blank\" rel=\"noopener\">Liste des d\u00e9lib\u00e9rations du 23-04-2026<\/a><br \/>\n<a class=\"no-icon\" href=\"https:\/\/www.eoleenbeauce.fr\/wp-content\/uploads\/2026\/04\/Ensemble-des-deliberations-2026-04-23.pdf\" target=\"_blank\" rel=\"noopener\">D\u00e9libs CM du 23-04-2026<\/a><\/div>\n<div class=\"pv-group\" style=\"line-height: 1.1;\"><a href=\"https:\/\/www.eoleenbeauce.fr\/wp-content\/uploads\/2026\/04\/Compte-rendu-CM-2026-04-09.pdf\" target=\"_blank\" rel=\"noopener\">CM du 09-04-2026<\/a><br \/>\n<a class=\"no-icon\" href=\"https:\/\/www.eoleenbeauce.fr\/wp-content\/uploads\/2026\/04\/Liste-des-deliberations-2026-04-09-v1avec-QR-Code.pdf\" target=\"_blank\" rel=\"noopener\">Liste des d\u00e9lib\u00e9rations du 09-04-2026<\/a><br \/>\n<a class=\"no-icon\" href=\"https:\/\/www.eoleenbeauce.fr\/wp-content\/uploads\/2026\/04\/Ensemble-des-Delibs-2026-04-09.pdf\" target=\"_blank\" rel=\"noopener\">D\u00e9libs CM du 09-04-2026<\/a><\/div>\n<div class=\"pv-group\" style=\"line-height: 1.1;\"><a href=\"https:\/\/www.eoleenbeauce.fr\/wp-content\/uploads\/2026\/03\/Compte-rendu-CM-2026-03-22.pdf\" target=\"_blank\" rel=\"noopener\">CM du 22-03-2026<\/a><br \/>\n<a class=\"no-icon\" href=\"https:\/\/www.eoleenbeauce.fr\/wp-content\/uploads\/2026\/03\/Liste-des-deliberations-2026-03-22-v1-avec-QR-Code.pdf\" target=\"_blank\" rel=\"noopener\">Liste des d\u00e9lib\u00e9rations du 22-03-2026<\/a><br \/>\n<a class=\"no-icon\" href=\"https:\/\/www.eoleenbeauce.fr\/wp-content\/uploads\/2026\/03\/Delibs-2026-03-22.pdf\" target=\"_blank\" rel=\"noopener\">D\u00e9libs CM du 22-03-2026<\/a><\/div>\n<div class=\"pv-group\" style=\"line-height: 1.1;\"><a href=\"https:\/\/www.eoleenbeauce.fr\/wp-content\/uploads\/2026\/03\/PV-Compte-rendu-2026-03-12-V1-signe-1.pdf\" target=\"_blank\" rel=\"noopener\">CM du 12-03-2026<\/a><br \/>\n<a class=\"no-icon\" href=\"https:\/\/www.eoleenbeauce.fr\/wp-content\/uploads\/2026\/03\/Liste-des-deliberations-2026-03-12-v3-avec-QR-Code.pdf\" target=\"_blank\" rel=\"noopener\">Liste des d\u00e9lib\u00e9rations du 12-03-2026<\/a><br \/>\n<a class=\"no-icon\" href=\"https:\/\/www.eoleenbeauce.fr\/wp-content\/uploads\/2026\/03\/Delibs-2026-03-12.pdf\" target=\"_blank\" rel=\"noopener\">D\u00e9libs CM du 12-03-2026<\/a><\/div>\n<div class=\"pv-group\" style=\"line-height: 1.1;\"><a href=\"https:\/\/www.eoleenbeauce.fr\/wp-content\/uploads\/2026\/02\/CR-2026-01-27.pdf\" target=\"_blank\" rel=\"noopener\">CM du 27-01-2026<\/a><br \/>\n<a class=\"no-icon\" href=\"https:\/\/www.eoleenbeauce.fr\/wp-content\/uploads\/2026\/03\/Liste-des-deliberations-2026-01-27.pdf\" target=\"_blank\" rel=\"noopener\">Liste des d\u00e9lib\u00e9rations du 27-01-2026<\/a><br \/>\n<a class=\"no-icon\" href=\"https:\/\/www.eoleenbeauce.fr\/wp-content\/uploads\/2026\/03\/Delibs-CM-2026-01-27.pdf\" target=\"_blank\" rel=\"noopener\">D\u00e9libs CM du 27-01-2026<\/a><\/div>\n<\/div>\n<div class=\"pv-card\">\n<div class=\"pv-year\">2025<\/div>\n<p><a href=\"https:\/\/www.eoleenbeauce.fr\/wp-content\/uploads\/2026\/02\/CR-2025-12-18.pdf\" target=\"_blank\" rel=\"noopener\">CM du 18 d\u00e9cembre 2025<\/a><br \/>\n<a href=\"https:\/\/www.eoleenbeauce.fr\/wp-content\/uploads\/2026\/02\/CR-2025-11-10.pdf\" target=\"_blank\" rel=\"noopener\">CM du 10 novembre 2025<\/a><br \/>\n<a href=\"https:\/\/www.eoleenbeauce.fr\/wp-content\/uploads\/2026\/02\/CR-2025-09-30.pdf\" target=\"_blank\" rel=\"noopener\">CM du 30 septembre 2025<\/a><br \/>\n<a href=\"https:\/\/www.eoleenbeauce.fr\/wp-content\/uploads\/2026\/02\/CR-2025-06-24.pdf\" target=\"_blank\" rel=\"noopener\">CM du 24 juin 2025<\/a><br \/>\n<a href=\"https:\/\/www.eoleenbeauce.fr\/wp-content\/uploads\/2026\/02\/CR-2025-06-05.pdf\" target=\"_blank\" rel=\"noopener\">CM du 05 juin 2025<\/a><br \/>\n<a href=\"https:\/\/www.eoleenbeauce.fr\/wp-content\/uploads\/2026\/02\/CR-2025-04-09.pdf\" target=\"_blank\" rel=\"noopener\">CM du 09 avril 2025<\/a><br \/>\n<a href=\"https:\/\/www.eoleenbeauce.fr\/wp-content\/uploads\/2026\/02\/CR-2025-03-12.pdf\" target=\"_blank\" rel=\"noopener\">CM du 12 mars 2025<\/a><br \/>\n<a href=\"https:\/\/www.eoleenbeauce.fr\/wp-content\/uploads\/2026\/02\/CR-2025-01-09.pdf\" target=\"_blank\" rel=\"noopener\">CM du 09 janvier 2025<\/a>\n<\/div>\n<div class=\"pv-card\">\n<div class=\"pv-year\">2024<\/div>\n<p><a href=\"https:\/\/www.eoleenbeauce.fr\/wp-content\/uploads\/2026\/02\/CR-2024-12-17.pdf\" target=\"_blank\" rel=\"noopener\">CM du 17 d\u00e9cembre 2024<\/a><br \/>\n<a href=\"https:\/\/www.eoleenbeauce.fr\/wp-content\/uploads\/2026\/03\/CR-2024-11-14.pdf\" target=\"_blank\" rel=\"noopener\">CM du 14 novembre 2024<\/a><br \/>\n<a href=\"https:\/\/www.eoleenbeauce.fr\/wp-content\/uploads\/2026\/02\/CR-2024-11-03-V2.pdf\" target=\"_blank\" rel=\"noopener\">CM du 03 octobre 2024<\/a><br \/>\n<a href=\"https:\/\/www.eoleenbeauce.fr\/wp-content\/uploads\/2026\/02\/CR-2024-06-06.pdf\" target=\"_blank\" rel=\"noopener\">CM du 06 juin 2024<\/a><br \/>\n<a href=\"https:\/\/www.eoleenbeauce.fr\/wp-content\/uploads\/2026\/02\/CR-2024-04-11.pdf\" target=\"_blank\" rel=\"noopener\">CM du 11 avril 2024<\/a><br \/>\n<a href=\"https:\/\/www.eoleenbeauce.fr\/wp-content\/uploads\/2026\/02\/CR-2024-03-14.pdf\" target=\"_blank\" rel=\"noopener\">CM du 14 mars 2024<\/a><br \/>\n<a href=\"https:\/\/www.eoleenbeauce.fr\/wp-content\/uploads\/2026\/02\/CR-2024-01-09.pdf\" target=\"_blank\" rel=\"noopener\">CM du 09 janvier 2024<\/a><\/p>\n<\/div>\n<div class=\"pv-card\">\n<div class=\"pv-year\">2023<\/div>\n<p><a href=\"https:\/\/www.eoleenbeauce.fr\/wp-content\/uploads\/2026\/02\/CR-2023-12-20.pdf\" target=\"_blank\" rel=\"noopener\">CM du 20 d\u00e9cembre 2023<\/a><br \/>\n<a href=\"https:\/\/www.eoleenbeauce.fr\/wp-content\/uploads\/2023\/10\/Compte-rendu-seance-du-2023-10-19-signe.pdf\" target=\"_blank\" rel=\"noopener\">CM du 19 octobre 2023<\/a><br \/>\n<a href=\"https:\/\/www.eoleenbeauce.fr\/wp-content\/uploads\/2026\/02\/CR-2023-09-12.pdf\" target=\"_blank\" rel=\"noopener\">CM du 12 septembre 2023<\/a><br \/>\n<a href=\"https:\/\/www.eoleenbeauce.fr\/wp-content\/uploads\/2026\/02\/CR-2023-05-11.pdf\" target=\"_blank\" rel=\"noopener\">CM du 11 mai 2023<\/a><br \/>\n<a href=\"https:\/\/www.eoleenbeauce.fr\/wp-content\/uploads\/2023\/04\/CR-CM-2023-04-13.pdf\" target=\"_blank\" rel=\"noopener\">CM du 13 avril 2023<\/a><br \/>\n<a href=\"https:\/\/www.eoleenbeauce.fr\/wp-content\/uploads\/2023\/04\/CR-CM-2023-03-30.pdf\" target=\"_blank\" rel=\"noopener\">CM du 30 mars 2023<\/a><br \/>\n<a href=\"https:\/\/www.eoleenbeauce.fr\/wp-content\/uploads\/2023\/03\/CR-CM-2023-01-26.pdf\" target=\"_blank\" rel=\"noopener\">CM du 26 janvier 2023<\/a><br \/>\n<a href=\"https:\/\/www.eoleenbeauce.fr\/wp-content\/uploads\/2023\/03\/CM-05-01-23-Affichage.pdf\" target=\"_blank\" rel=\"noopener\">CM du 5 janvier 2023<\/a><\/p>\n<\/div>\n<div class=\"pv-card\">\n<div class=\"pv-year\">2022<\/div>\n<p><a href=\"https:\/\/www.eoleenbeauce.fr\/wp-content\/uploads\/2023\/03\/Proces-verbal-CM-du-08-12-2022.pdf\" target=\"_blank\" rel=\"noopener\">CM du 09 d\u00e9cembre 2022<\/a><br \/>\n<a href=\"https:\/\/www.eoleenbeauce.fr\/wp-content\/uploads\/2023\/03\/PROCES-VERBAL-du-29-09-22.pdf\" target=\"_blank\" rel=\"noopener\">CM du 29 septembre 2022<\/a><br \/>\n<a href=\"https:\/\/www.eoleenbeauce.fr\/wp-content\/uploads\/2022\/07\/CM-16-06-22-compte-rendu-pour-affichage.pdf\" target=\"_blank\" rel=\"noopener\">CM du 16 juin 2022<\/a><br \/>\n<a href=\"https:\/\/www.eoleenbeauce.fr\/wp-content\/uploads\/2022\/04\/CM-24-03-2022.pdf\" target=\"_blank\" rel=\"noopener\">CM du 24 mars 2022<\/a><br \/>\n<a href=\"https:\/\/www.eoleenbeauce.fr\/wp-content\/uploads\/2022\/04\/CM-03-03-2022.pdf\" target=\"_blank\" rel=\"noopener\">CM du 03 mars 2022<\/a><br \/>\n<a href=\"https:\/\/www.eoleenbeauce.fr\/wp-content\/uploads\/2022\/04\/CM-27-01-2022.pdf\" target=\"_blank\" rel=\"noopener\">CM du 27 janvier 2022<\/a><\/p>\n<\/div>\n<div class=\"pv-card\">\n<div class=\"pv-year\">2021<\/div>\n<p><a href=\"https:\/\/www.eoleenbeauce.fr\/wp-content\/uploads\/2022\/04\/CM-09-12-2021.pdf\" target=\"_blank\" rel=\"noopener\">CM du 09 d\u00e9cembre 2021<\/a><br \/>\n<a href=\"https:\/\/www.eoleenbeauce.fr\/wp-content\/uploads\/2022\/04\/CM-28-10-2021.pdf\" target=\"_blank\" rel=\"noopener\">CM du 28 octobre 2021<\/a><br \/>\n<a href=\"https:\/\/www.eoleenbeauce.fr\/wp-content\/uploads\/2022\/04\/CM-20-09-2021.pdf\" target=\"_blank\" rel=\"noopener\">CM du 20 septembre 2021<\/a><br \/>\n<a href=\"https:\/\/www.eoleenbeauce.fr\/wp-content\/uploads\/2021\/07\/CM-07-07-2021.pdf\" target=\"_blank\" rel=\"noopener\">CM du 07 juillet 2021<\/a><br \/>\n<a href=\"https:\/\/www.eoleenbeauce.fr\/wp-content\/uploads\/2021\/07\/CM-16-06-2021.pdf\" target=\"_blank\" rel=\"noopener\">CM du 16 juin 2021<\/a><br \/>\n<a href=\"https:\/\/www.eoleenbeauce.fr\/wp-content\/uploads\/2021\/07\/CM-06-05-2021-1-1.pdf\" target=\"_blank\" rel=\"noopener\">CM du 06 mai 2021<\/a><br \/>\n<a href=\"https:\/\/www.eoleenbeauce.fr\/wp-content\/uploads\/2021\/05\/SVIABON21041516540-2-1.pdfcompte-rendu-du-08.04.21-1-1.pdf\">CM du 08 avril 2021<\/a><br \/>\n<a href=\"https:\/\/www.eoleenbeauce.fr\/wp-content\/uploads\/2021\/04\/compte-rendu-du-11.03.21.pdf\" target=\"_blank\" rel=\"noopener\">CM du 11 mars 2021<\/a><br \/>\n<a href=\"https:\/\/www.eoleenbeauce.fr\/wp-content\/uploads\/2021\/03\/compte-rendu-18.03.2021.pdf\" target=\"_blank\" rel=\"noopener\">CM du 18 f\u00e9vrier 2021<\/a><br \/>\n<a href=\"https:\/\/www.eoleenbeauce.fr\/wp-content\/uploads\/2021\/02\/CR-du-27-01-2021-vise-du-maire.pdf\" target=\"_blank\" rel=\"noopener\">CM du 27 janvier 2021<\/a><\/p>\n<\/div>\n<div class=\"pv-card\">\n<div class=\"pv-year\">2020<\/div>\n<p><a href=\"https:\/\/www.eoleenbeauce.fr\/wp-content\/uploads\/2021\/02\/compte-rendu-du-10.12.20.pdf\" target=\"_blank\" rel=\"noopener\">CM du 10 d\u00e9cembre 2020<\/a><br \/>\n<a href=\"https:\/\/www.eoleenbeauce.fr\/wp-content\/uploads\/2021\/02\/Compte-rendu-du-20.10.2020-1.pdf\" target=\"_blank\" rel=\"noopener\">CM du 20 octobre 2020<\/a><br \/>\n<a href=\"https:\/\/www.eoleenbeauce.fr\/wp-content\/uploads\/2020\/10\/conseil-du-10.09.2020.pdf\" target=\"_blank\" rel=\"noopener\">CM du 10 septembre 2020<\/a><br \/>\n<a href=\"https:\/\/www.eoleenbeauce.fr\/wp-content\/uploads\/2020\/10\/CM-du-2020-07-10.pdf\" target=\"_blank\" rel=\"noopener\">CM du 10 juillet 2020<\/a><br \/>\n<a href=\"https:\/\/www.eoleenbeauce.fr\/wp-content\/uploads\/2020\/06\/compte-rendu17.06.2020.pdf\">CM du 17 juin 2020<\/a><br \/>\n<a href=\"https:\/\/www.eoleenbeauce.fr\/wp-content\/uploads\/2020\/06\/CR-CM-du-2020-06-02.pdf\">CM du 2 juin 2020<\/a><br \/>\n<a href=\"https:\/\/www.eoleenbeauce.fr\/wp-content\/uploads\/2020\/06\/CM-du-23.05.2020.pdf\">CM du 23 mai 2020<\/a><br \/>\n<a href=\"https:\/\/www.eoleenbeauce.fr\/wp-content\/uploads\/2020\/06\/CM-du-10.03.2020.pdf\">CM du 10 mars 2020<\/a><br \/>\n<a href=\"https:\/\/www.eoleenbeauce.fr\/wp-content\/uploads\/2020\/06\/CM-du-22.01.2020.pdf\">CM du 22 janvier 2020<\/a><\/p>\n<\/div>\n<div class=\"pv-card\">\n<div class=\"pv-year\">2019<\/div>\n<p><a href=\"https:\/\/www.eoleenbeauce.fr\/wp-content\/uploads\/2020\/06\/CR-2019-12-18.pdf\">CM du 18 d\u00e9cembre 2019<\/a><br \/>\n<a href=\"https:\/\/www.eoleenbeauce.fr\/wp-content\/uploads\/2020\/06\/CR-2019-11-04.pdf\">CM du 04 novembre 2019<\/a><br \/>\n<a href=\"https:\/\/www.eoleenbeauce.fr\/wp-content\/uploads\/2020\/06\/CR-2019-09-18.pdf\">CM du 18 septembre 2019<\/a><br \/>\n<a href=\"https:\/\/www.eoleenbeauce.fr\/wp-content\/uploads\/2020\/06\/CR-2019-06-20.pdf\">CM du 20 juin 2019<\/a><br \/>\n<a href=\"https:\/\/www.eoleenbeauce.fr\/wp-content\/uploads\/2020\/06\/CR-2019-04-08.pdf\">CM du 08 avril 2019<\/a><br \/>\n<a href=\"https:\/\/www.eoleenbeauce.fr\/wp-content\/uploads\/2019\/04\/compte-rendu-26.02.19.pdf\" target=\"_blank\" rel=\"noopener\">CM du 26 f\u00e9vrier 2019<\/a><br \/>\n<a href=\"https:\/\/www.eoleenbeauce.fr\/wp-content\/uploads\/2019\/02\/compte-rendu-du-08-01-2019.pdf\">CM du 08 janvier 2019<\/a><\/p>\n<\/div>\n<div class=\"pv-card\">\n<div class=\"pv-year\">2018<\/div>\n<p><a href=\"https:\/\/www.eoleenbeauce.fr\/wp-content\/uploads\/2019\/02\/compte-rendu-du-10-12-18.pdf\">CM du 10 d\u00e9cembre 2018<\/a><br \/>\n<a href=\"https:\/\/www.eoleenbeauce.fr\/wp-content\/uploads\/2019\/02\/compte-rendu-du-16.10.18.pdf\">CM du 16 octobre 2018<\/a><br \/>\n<a href=\"https:\/\/www.eoleenbeauce.fr\/wp-content\/uploads\/2019\/02\/compte-rendu-conseil-du-10.09.18.pdf\">CM du 10 septembre 2018<\/a><br \/>\n<a href=\"https:\/\/www.eoleenbeauce.fr\/wp-content\/uploads\/2019\/02\/compte-rendu-du-11.06.2018.pdf\">CM du 11 juin 2018<\/a><br \/>\n<a href=\"https:\/\/www.eoleenbeauce.fr\/wp-content\/uploads\/2018\/06\/compte-rendu-du-10.04.2018.pdf\" target=\"_blank\" rel=\"noopener\">CM du 10 avril 2018<\/a><br \/>\n<a href=\"https:\/\/www.eoleenbeauce.fr\/wp-content\/uploads\/2018\/02\/CM-du-23.01.2018.pdf\">CM du 23 janvier 2018<\/a><\/p>\n<\/div>\n<div class=\"pv-card\">\n<div class=\"pv-year\">2017<\/div>\n<p><a href=\"https:\/\/www.eoleenbeauce.fr\/wp-content\/uploads\/2018\/02\/CM-du-14-12-2017.pdf\">CM du 14 d\u00e9cembre 2017<\/a><br \/>\n<a href=\"https:\/\/www.eoleenbeauce.fr\/wp-content\/uploads\/2018\/02\/CM-du-14-12-2017.pdf\">CM du 25 octobre 2017<\/a><br \/>\n<a href=\"https:\/\/www.eoleenbeauce.fr\/wp-content\/uploads\/2017\/08\/CM-du-5-septembre-2017.pdf\" target=\"_blank\" rel=\"noopener\">CM du 05 septembre 2017<\/a><br \/>\n<a href=\"http:\/\/eoleenbeuv.cluster023.hosting.ovh.net\/wp-content\/uploads\/2017\/08\/CM-du-15-juin-2017.pdf\" target=\"_blank\" rel=\"noopener\">CM du 15 juin 2017<\/a><br \/>\n<a href=\"http:\/\/eoleenbeuv.cluster023.hosting.ovh.net\/wp-content\/uploads\/2017\/08\/CM-du-24-avril-2017.pdf\" target=\"_blank\" rel=\"noopener\">CM du 24 avril 2017<\/a><br \/>\n<a href=\"https:\/\/www.eoleenbeauce.fr\/wp-content\/uploads\/2026\/02\/CR-2017-04-03.pdf\" target=\"_blank\" rel=\"noopener\">CM du 03 avril 2017<\/a><br \/>\n<a href=\"http:\/\/eoleenbeuv.cluster023.hosting.ovh.net\/wp-content\/uploads\/2017\/08\/CM-du-7-f%C3%A9vrier-2017.pdf\" target=\"_blank\" rel=\"noopener\">CM du 07 f\u00e9vrier 2017<\/a><\/p>\n<\/div>\n<div class=\"pv-card\">\n<div class=\"pv-year\">2016<\/div>\n<p><a href=\"http:\/\/eoleenbeuv.cluster023.hosting.ovh.net\/wp-content\/uploads\/2017\/08\/21-NOVEMBRE-2016.pdf\" target=\"_blank\" rel=\"noopener\">CM du 21 novembre 2016<\/a><br \/>\n<a href=\"http:\/\/eoleenbeuv.cluster023.hosting.ovh.net\/wp-content\/uploads\/2017\/08\/26-Septembre-2016.pdf\" target=\"_blank\" rel=\"noopener\">CM du 26 septembre 2016<\/a><br \/>\n<a href=\"http:\/\/eoleenbeuv.cluster023.hosting.ovh.net\/wp-content\/uploads\/2017\/08\/06-JUILLET-2016.pdf\" target=\"_blank\" rel=\"noopener\">CM du 06 juillet 2016<\/a><br \/>\n<a href=\"http:\/\/eoleenbeuv.cluster023.hosting.ovh.net\/wp-content\/uploads\/2017\/08\/30-MAI-2016.pdf\" target=\"_blank\" rel=\"noopener\">CM du 30 mai 2016<\/a><br \/>\n<a href=\"http:\/\/eoleenbeuv.cluster023.hosting.ovh.net\/wp-content\/uploads\/2017\/08\/29-MARS-2016.pdf\" target=\"_blank\" rel=\"noopener\">CM du 29 mars 2016<\/a><br \/>\n<a href=\"http:\/\/eoleenbeuv.cluster023.hosting.ovh.net\/wp-content\/uploads\/2017\/08\/01er-fevrier-2016-.pdf\" target=\"_blank\" rel=\"noopener\">CM du 01 f\u00e9vrier 2016<\/a><br \/>\n<a href=\"http:\/\/eoleenbeuv.cluster023.hosting.ovh.net\/wp-content\/uploads\/2017\/08\/05-JANVIER-.16.pdf\" target=\"_blank\" rel=\"noopener\">CM du 05 janvier 2016<\/a><\/p>\n<\/div>\n<\/div>\n<\/div>\n","protected":false},"excerpt":{"rendered":"<p>Les S\u00e9ances du Conseil Municipal Sauf exception, les s\u00e9ances du Conseil Municipal ont lieu \u00e0 la Salle de Quartier \u00e0 [&hellip;]<\/p>\n","protected":false},"author":1,"featured_media":0,"parent":2501,"menu_order":4,"comment_status":"closed","ping_status":"closed","template":"","meta":{"site-sidebar-layout":"default","site-content-layout":"","ast-site-content-layout":"default","site-content-style":"default","site-sidebar-style":"default","ast-global-header-display":"","ast-banner-title-visibility":"","ast-main-header-display":"","ast-hfb-above-header-display":"","ast-hfb-below-header-display":"","ast-hfb-mobile-header-display":"","site-post-title":"disabled","ast-breadcrumbs-content":"","ast-featured-img":"","footer-sml-layout":"","ast-disable-related-posts":"","theme-transparent-header-meta":"default","adv-header-id-meta":"","stick-header-meta":"","header-above-stick-meta":"","header-main-stick-meta":"","header-below-stick-meta":"","astra-migrate-meta-layouts":"set","ast-page-background-enabled":"default","ast-page-background-meta":{"desktop":{"background-color":"var(--ast-global-color-5)","background-image":"","background-repeat":"repeat","background-position":"center center","background-size":"auto","background-attachment":"scroll","background-type":"","background-media":"","overlay-type":"","overlay-color":"","overlay-opacity":"","overlay-gradient":""},"tablet":{"background-color":"","background-image":"","background-repeat":"repeat","background-position":"center center","background-size":"auto","background-attachment":"scroll","background-type":"","background-media":"","overlay-type":"","overlay-color":"","overlay-opacity":"","overlay-gradient":""},"mobile":{"background-color":"","background-image":"","background-repeat":"repeat","background-position":"center center","background-size":"auto","background-attachment":"scroll","background-type":"","background-media":"","overlay-type":"","overlay-color":"","overlay-opacity":"","overlay-gradient":""}},"ast-content-background-meta":{"desktop":{"background-color":"var(--ast-global-color-4)","background-image":"","background-repeat":"repeat","background-position":"center center","background-size":"auto","background-attachment":"scroll","background-type":"","background-media":"","overlay-type":"","overlay-color":"","overlay-opacity":"","overlay-gradient":""},"tablet":{"background-color":"var(--ast-global-color-4)","background-image":"","background-repeat":"repeat","background-position":"center center","background-size":"auto","background-attachment":"scroll","background-type":"","background-media":"","overlay-type":"","overlay-color":"","overlay-opacity":"","overlay-gradient":""},"mobile":{"background-color":"var(--ast-global-color-4)","background-image":"","background-repeat":"repeat","background-position":"center center","background-size":"auto","background-attachment":"scroll","background-type":"","background-media":"","overlay-type":"","overlay-color":"","overlay-opacity":"","overlay-gradient":""}},"footnotes":""},"class_list":["post-27","page","type-page","status-publish","hentry"],"_links":{"self":[{"href":"https:\/\/www.eoleenbeauce.fr\/?rest_route=\/wp\/v2\/pages\/27","targetHints":{"allow":["GET"]}}],"collection":[{"href":"https:\/\/www.eoleenbeauce.fr\/?rest_route=\/wp\/v2\/pages"}],"about":[{"href":"https:\/\/www.eoleenbeauce.fr\/?rest_route=\/wp\/v2\/types\/page"}],"author":[{"embeddable":true,"href":"https:\/\/www.eoleenbeauce.fr\/?rest_route=\/wp\/v2\/users\/1"}],"replies":[{"embeddable":true,"href":"https:\/\/www.eoleenbeauce.fr\/?rest_route=%2Fwp%2Fv2%2Fcomments&post=27"}],"version-history":[{"count":147,"href":"https:\/\/www.eoleenbeauce.fr\/?rest_route=\/wp\/v2\/pages\/27\/revisions"}],"predecessor-version":[{"id":4356,"href":"https:\/\/www.eoleenbeauce.fr\/?rest_route=\/wp\/v2\/pages\/27\/revisions\/4356"}],"up":[{"embeddable":true,"href":"https:\/\/www.eoleenbeauce.fr\/?rest_route=\/wp\/v2\/pages\/2501"}],"wp:attachment":[{"href":"https:\/\/www.eoleenbeauce.fr\/?rest_route=%2Fwp%2Fv2%2Fmedia&parent=27"}],"curies":[{"name":"wp","href":"https:\/\/api.w.org\/{rel}","templated":true}]}}