{"id":2545,"date":"2026-02-19T21:59:22","date_gmt":"2026-02-19T20:59:22","guid":{"rendered":"https:\/\/www.eoleenbeauce.fr\/?page_id=2545"},"modified":"2026-03-09T08:21:07","modified_gmt":"2026-03-09T07:21:07","slug":"nouveaux-arrivants","status":"publish","type":"page","link":"https:\/\/www.eoleenbeauce.fr\/vie-municipale\/nouveaux-arrivants\/","title":{"rendered":"Nouveaux arrivants"},"content":{"rendered":"<div class=\"page\">\n<div class=\"hero-title-wrap\">\n<h1 class=\"hero-title\">Les D\u00e9marches pour les Nouveaux Arrivants<\/h1>\n<div class=\"hero-bar\"><\/div>\n<\/p><\/div>\n<div class=\"intro-text\">\n<p><strong>Bienvenue \u00e0 \u00c9ole-en-Beauce !<\/strong><\/p>\n<p>Vous venez de vous installer dans notre commune ? La mairie vous souhaite la bienvenue et vous accompagne dans vos premi\u00e8res d\u00e9marches.<\/p>\n<\/p><\/div>\n<div class=\"bloc-card\">\n    <img decoding=\"async\" src=\"https:\/\/www.eoleenbeauce.fr\/wp-content\/uploads\/2026\/02\/stampf-water-tap-1066626_1280.png\" alt=\"Eau et assainissement\"\/><\/p>\n<div class=\"bloc-card-content\">\n<h3>Eau &amp; assainissement<\/h3>\n<p>En vue de votre arriv\u00e9e sur la commune, vous devez pr\u00e9venir la mairie afin qu&rsquo;un relev\u00e9 du compteur soit effectu\u00e9 et souscrire un contrat d&rsquo;abonnement au service de l&rsquo;eau potable.<\/p>\n<p>La facturation est semestrielle.<\/p>\n<p>En cas de cr\u00e9ation de compteur, une demande est \u00e0 adresser en mairie avant le d\u00e9but de la construction.<\/p>\n<p class=\"notice-red\">\u00c0 venir : R\u00e8glement &amp; Contrat abonnement eau<\/p>\n<\/p><\/div>\n<\/p><\/div>\n<div class=\"bloc-card\">\n    <img decoding=\"async\" src=\"https:\/\/www.eoleenbeauce.fr\/wp-content\/uploads\/2026\/02\/sepurbenne.jpg\" alt=\"Ramassage des d\u00e9chets\"\/><\/p>\n<div class=\"bloc-card-content\">\n<h3>Ramassage des d\u00e9chets<\/h3>\n<p>Le ramassage des ordures m\u00e9nag\u00e8res et des d\u00e9chets recyclables est effectu\u00e9 par le <a href=\"https:\/\/www.sictom-region-auneau.com\/fr\/pages\/nouvel-arrivant-6.html\" target=\"_blank\">SICTOM de la R\u00e9gion d&rsquo;Auneau<\/a>.<\/p>\n<ul>\n<li><a href=\"https:\/\/www.eoleenbeauce.fr\/wp-content\/uploads\/2026\/02\/Calendrier-SICTOM-2026.pdf\" target=\"_blank\">Calendrier de collecte 2026<\/a><\/li>\n<li><a href=\"https:\/\/www.eoleenbeauce.fr\/wp-content\/uploads\/2026\/02\/1_memo_tri_sictom_auneau.jpg\" target=\"_blank\">M\u00e9mo du tri<\/a><\/li>\n<li><a href=\"https:\/\/www.eoleenbeauce.fr\/wp-content\/uploads\/2026\/02\/formulaire_bac_demande_d0intervention_attestation_vol.pdf\" target=\"_blank\">Formulaire demande de bac<\/a><\/li>\n<li><a href=\"https:\/\/www.eoleenbeauce.fr\/wp-content\/uploads\/2026\/02\/reglement_du_service_de_la_collecte_des_dechets_du_sictom_ra_version_2018_06_26.pdf\" target=\"_blank\">R\u00e8glement du service de collecte des d\u00e9chets<\/a><\/li>\n<li><a href=\"https:\/\/www.sictom-region-auneau.com\/public\/Medias\/document\/2024\/sictom_8pages_2023_24_150dpi.pdf\" target=\"_blank\">Guide d&rsquo;information<\/a> sur le service de collecte des d\u00e9chets<\/li>\n<\/ul><\/div>\n<\/p><\/div>\n<div class=\"bloc-card\">\n    <img decoding=\"async\" src=\"https:\/\/www.eoleenbeauce.fr\/wp-content\/uploads\/2026\/02\/election-liste-logo.png\" alt=\"Inscription sur les listes \u00e9lectorales\"\/><\/p>\n<div class=\"bloc-card-content\">\n<h3>Inscription sur les listes \u00e9lectorales<\/h3>\n<p>Vous pouvez vous inscrire sur la liste \u00e9lectorale de la commune aupr\u00e8s du secr\u00e9tariat de mairie ou par le biais d&rsquo;un t\u00e9l\u00e9service avec un compte service-public.fr ou via France Connect. Il est possible de s&rsquo;inscrire toute l&rsquo;ann\u00e9e.<\/p>\n<\/p><\/div>\n<\/p><\/div>\n<div class=\"bloc-card\">\n    <img decoding=\"async\" src=\"https:\/\/www.eoleenbeauce.fr\/wp-content\/uploads\/2026\/02\/darkmoon_art-students-3518726_1280.jpg\" alt=\"Inscription scolaire\"\/><\/p>\n<div class=\"bloc-card-content\">\n<h3>Inscription scolaire<\/h3>\n<p>Vous avez des enfants en \u00e2ge d&rsquo;\u00eatre scolaris\u00e9s ? Contactez la <a href=\"https:\/\/www.coeurdebeauce.fr\/familles-scolaire\/vie-scolaire\/\" target=\"_blank\"><strong>Communaut\u00e9 de Communes C\u0153ur de Beauce<\/strong><\/a> afin de conna\u00eetre les modalit\u00e9s d&rsquo;inscription dans les \u00e9coles de la commune.<\/p>\n<\/p><\/div>\n<\/p><\/div>\n<div class=\"bloc-card\">\n    <img decoding=\"async\" src=\"https:\/\/www.eoleenbeauce.fr\/wp-content\/uploads\/2026\/02\/qyou-contact-1166590_1280.png\" alt=\"Contacts utiles\"\/><\/p>\n<div class=\"bloc-card-content\">\n<h3>Contacts utiles<\/h3>\n<ul>\n<li>Mairie d&rsquo;\u00c9ole-en-Beauce : <a href=\"mailto:mairieeoleenbeauce@orange.fr\">mairieeoleenbeauce@orange.fr<\/a><\/li>\n<li>Communaut\u00e9 de Communes C\u0153ur de Beauce : <a href=\"http:\/\/www.coeurdebeauce.fr\" target=\"_blank\">coeurdebeauce.fr<\/a><\/li>\n<li>Conseil D\u00e9partemental d&rsquo;Eure-et-Loir : <a href=\"https:\/\/eurelien.fr\/\" target=\"_blank\">eurelien.fr<\/a><\/li>\n<li>Services de l&rsquo;\u00c9tat en Eure-et-Loir : <a href=\"https:\/\/www.eure-et-loir.gouv.fr\" target=\"_blank\">eure-et-loir.gouv.fr<\/a><\/li>\n<\/ul><\/div>\n<\/p><\/div>\n<\/div>\n","protected":false},"excerpt":{"rendered":"<p>Les D\u00e9marches pour les Nouveaux Arrivants Bienvenue \u00e0 \u00c9ole-en-Beauce ! Vous venez de vous installer dans notre commune ? La [&hellip;]<\/p>\n","protected":false},"author":1,"featured_media":0,"parent":60,"menu_order":4,"comment_status":"closed","ping_status":"closed","template":"","meta":{"site-sidebar-layout":"default","site-content-layout":"","ast-site-content-layout":"default","site-content-style":"default","site-sidebar-style":"default","ast-global-header-display":"","ast-banner-title-visibility":"","ast-main-header-display":"","ast-hfb-above-header-display":"","ast-hfb-below-header-display":"","ast-hfb-mobile-header-display":"","site-post-title":"disabled","ast-breadcrumbs-content":"","ast-featured-img":"","footer-sml-layout":"","ast-disable-related-posts":"","theme-transparent-header-meta":"default","adv-header-id-meta":"","stick-header-meta":"","header-above-stick-meta":"","header-main-stick-meta":"","header-below-stick-meta":"","astra-migrate-meta-layouts":"set","ast-page-background-enabled":"default","ast-page-background-meta":{"desktop":{"background-color":"var(--ast-global-color-5)","background-image":"","background-repeat":"repeat","background-position":"center center","background-size":"auto","background-attachment":"scroll","background-type":"","background-media":"","overlay-type":"","overlay-color":"","overlay-opacity":"","overlay-gradient":""},"tablet":{"background-color":"","background-image":"","background-repeat":"repeat","background-position":"center center","background-size":"auto","background-attachment":"scroll","background-type":"","background-media":"","overlay-type":"","overlay-color":"","overlay-opacity":"","overlay-gradient":""},"mobile":{"background-color":"","background-image":"","background-repeat":"repeat","background-position":"center center","background-size":"auto","background-attachment":"scroll","background-type":"","background-media":"","overlay-type":"","overlay-color":"","overlay-opacity":"","overlay-gradient":""}},"ast-content-background-meta":{"desktop":{"background-color":"var(--ast-global-color-4)","background-image":"","background-repeat":"repeat","background-position":"center center","background-size":"auto","background-attachment":"scroll","background-type":"","background-media":"","overlay-type":"","overlay-color":"","overlay-opacity":"","overlay-gradient":""},"tablet":{"background-color":"var(--ast-global-color-4)","background-image":"","background-repeat":"repeat","background-position":"center center","background-size":"auto","background-attachment":"scroll","background-type":"","background-media":"","overlay-type":"","overlay-color":"","overlay-opacity":"","overlay-gradient":""},"mobile":{"background-color":"var(--ast-global-color-4)","background-image":"","background-repeat":"repeat","background-position":"center center","background-size":"auto","background-attachment":"scroll","background-type":"","background-media":"","overlay-type":"","overlay-color":"","overlay-opacity":"","overlay-gradient":""}},"footnotes":""},"class_list":["post-2545","page","type-page","status-publish","hentry"],"_links":{"self":[{"href":"https:\/\/www.eoleenbeauce.fr\/?rest_route=\/wp\/v2\/pages\/2545","targetHints":{"allow":["GET"]}}],"collection":[{"href":"https:\/\/www.eoleenbeauce.fr\/?rest_route=\/wp\/v2\/pages"}],"about":[{"href":"https:\/\/www.eoleenbeauce.fr\/?rest_route=\/wp\/v2\/types\/page"}],"author":[{"embeddable":true,"href":"https:\/\/www.eoleenbeauce.fr\/?rest_route=\/wp\/v2\/users\/1"}],"replies":[{"embeddable":true,"href":"https:\/\/www.eoleenbeauce.fr\/?rest_route=%2Fwp%2Fv2%2Fcomments&post=2545"}],"version-history":[{"count":24,"href":"https:\/\/www.eoleenbeauce.fr\/?rest_route=\/wp\/v2\/pages\/2545\/revisions"}],"predecessor-version":[{"id":3840,"href":"https:\/\/www.eoleenbeauce.fr\/?rest_route=\/wp\/v2\/pages\/2545\/revisions\/3840"}],"up":[{"embeddable":true,"href":"https:\/\/www.eoleenbeauce.fr\/?rest_route=\/wp\/v2\/pages\/60"}],"wp:attachment":[{"href":"https:\/\/www.eoleenbeauce.fr\/?rest_route=%2Fwp%2Fv2%2Fmedia&parent=2545"}],"curies":[{"name":"wp","href":"https:\/\/api.w.org\/{rel}","templated":true}]}}