{"id":2501,"date":"2026-02-19T21:17:07","date_gmt":"2026-02-19T20:17:07","guid":{"rendered":"https:\/\/www.eoleenbeauce.fr\/?page_id=2501"},"modified":"2026-03-22T17:01:11","modified_gmt":"2026-03-22T16:01:11","slug":"conseil-municipal-commissions","status":"publish","type":"page","link":"https:\/\/www.eoleenbeauce.fr\/notre-commune\/conseil-municipal-commissions\/","title":{"rendered":"Conseil Municipal &#038; commissions"},"content":{"rendered":"<p><\/p>\n<h1 class=\"cm-titre\">Le Conseil Municipal et les commissions<\/h1>\n<div class=\"cm-boutons\">\n<div class=\"btn-salle\"><a href=\"https:\/\/www.eoleenbeauce.fr\/notre-commune\/conseil-municipal-commissions\/les-elus-2026\/\">Les \u00e9lus<\/a><\/div>\n<div class=\"btn-salle\"><a href=\"https:\/\/www.eoleenbeauce.fr\/vie-municipale\/les-commissions\/\">Les commissions communales<\/a><\/div>\n<div class=\"btn-salle\"><a href=\"https:\/\/www.eoleenbeauce.fr\/notre-commune\/conseil-municipal-commissions\/representants\/\">Les repr\u00e9sentants de la commune<\/a><\/div>\n<div class=\"btn-salle\"><a href=\"https:\/\/www.eoleenbeauce.fr\/notre-commune\/conseil-municipal-commissions\/les-seances-du-conseil-municipal\/\">Les s\u00e9ances du conseil municipal<\/a><\/div>\n<div class=\"btn-salle\"><a href=\"https:\/\/www.eoleenbeauce.fr\/actualites\/publications\/\">Les publications communales<\/a><\/div>\n<div class=\"btn-salle\"><a href=\"https:\/\/www.eoleenbeauce.fr\/notre-commune\/conseil-municipal-commissions\/arretes-municipaux\/\">Les arr\u00eat\u00e9s municipaux<\/a><\/div>\n<\/div>\n","protected":false},"excerpt":{"rendered":"<p>Le Conseil Municipal et les commissions Les \u00e9lus Les commissions communales Les repr\u00e9sentants de la commune Les s\u00e9ances du conseil [&hellip;]<\/p>\n","protected":false},"author":1,"featured_media":0,"parent":2495,"menu_order":2,"comment_status":"closed","ping_status":"closed","template":"","meta":{"site-sidebar-layout":"default","site-content-layout":"","ast-site-content-layout":"default","site-content-style":"default","site-sidebar-style":"default","ast-global-header-display":"","ast-banner-title-visibility":"","ast-main-header-display":"","ast-hfb-above-header-display":"","ast-hfb-below-header-display":"","ast-hfb-mobile-header-display":"","site-post-title":"disabled","ast-breadcrumbs-content":"","ast-featured-img":"","footer-sml-layout":"","ast-disable-related-posts":"","theme-transparent-header-meta":"default","adv-header-id-meta":"","stick-header-meta":"","header-above-stick-meta":"","header-main-stick-meta":"","header-below-stick-meta":"","astra-migrate-meta-layouts":"set","ast-page-background-enabled":"default","ast-page-background-meta":{"desktop":{"background-color":"var(--ast-global-color-5)","background-image":"","background-repeat":"repeat","background-position":"center center","background-size":"auto","background-attachment":"scroll","background-type":"","background-media":"","overlay-type":"","overlay-color":"","overlay-opacity":"","overlay-gradient":""},"tablet":{"background-color":"","background-image":"","background-repeat":"repeat","background-position":"center center","background-size":"auto","background-attachment":"scroll","background-type":"","background-media":"","overlay-type":"","overlay-color":"","overlay-opacity":"","overlay-gradient":""},"mobile":{"background-color":"","background-image":"","background-repeat":"repeat","background-position":"center center","background-size":"auto","background-attachment":"scroll","background-type":"","background-media":"","overlay-type":"","overlay-color":"","overlay-opacity":"","overlay-gradient":""}},"ast-content-background-meta":{"desktop":{"background-color":"var(--ast-global-color-4)","background-image":"","background-repeat":"repeat","background-position":"center center","background-size":"auto","background-attachment":"scroll","background-type":"","background-media":"","overlay-type":"","overlay-color":"","overlay-opacity":"","overlay-gradient":""},"tablet":{"background-color":"var(--ast-global-color-4)","background-image":"","background-repeat":"repeat","background-position":"center center","background-size":"auto","background-attachment":"scroll","background-type":"","background-media":"","overlay-type":"","overlay-color":"","overlay-opacity":"","overlay-gradient":""},"mobile":{"background-color":"var(--ast-global-color-4)","background-image":"","background-repeat":"repeat","background-position":"center center","background-size":"auto","background-attachment":"scroll","background-type":"","background-media":"","overlay-type":"","overlay-color":"","overlay-opacity":"","overlay-gradient":""}},"footnotes":""},"class_list":["post-2501","page","type-page","status-publish","hentry"],"_links":{"self":[{"href":"https:\/\/www.eoleenbeauce.fr\/?rest_route=\/wp\/v2\/pages\/2501","targetHints":{"allow":["GET"]}}],"collection":[{"href":"https:\/\/www.eoleenbeauce.fr\/?rest_route=\/wp\/v2\/pages"}],"about":[{"href":"https:\/\/www.eoleenbeauce.fr\/?rest_route=\/wp\/v2\/types\/page"}],"author":[{"embeddable":true,"href":"https:\/\/www.eoleenbeauce.fr\/?rest_route=\/wp\/v2\/users\/1"}],"replies":[{"embeddable":true,"href":"https:\/\/www.eoleenbeauce.fr\/?rest_route=%2Fwp%2Fv2%2Fcomments&post=2501"}],"version-history":[{"count":27,"href":"https:\/\/www.eoleenbeauce.fr\/?rest_route=\/wp\/v2\/pages\/2501\/revisions"}],"predecessor-version":[{"id":4254,"href":"https:\/\/www.eoleenbeauce.fr\/?rest_route=\/wp\/v2\/pages\/2501\/revisions\/4254"}],"up":[{"embeddable":true,"href":"https:\/\/www.eoleenbeauce.fr\/?rest_route=\/wp\/v2\/pages\/2495"}],"wp:attachment":[{"href":"https:\/\/www.eoleenbeauce.fr\/?rest_route=%2Fwp%2Fv2%2Fmedia&parent=2501"}],"curies":[{"name":"wp","href":"https:\/\/api.w.org\/{rel}","templated":true}]}}