{"id":2495,"date":"2026-02-19T21:10:49","date_gmt":"2026-02-19T20:10:49","guid":{"rendered":"https:\/\/www.eoleenbeauce.fr\/?page_id=2495"},"modified":"2026-03-05T21:50:14","modified_gmt":"2026-03-05T20:50:14","slug":"notre-commune","status":"publish","type":"page","link":"https:\/\/www.eoleenbeauce.fr\/notre-commune\/","title":{"rendered":"NOTRE COMMUNE"},"content":{"rendered":"<div class=\"page\">\n<div class=\"hero-title-wrap\">\n<h1 class=\"hero-title\">Notre Commune<\/h1>\n<div class=\"hero-bar\"><\/div>\n<\/p><\/div>\n<div class=\"nav-section\">\n<div class=\"section-label\"><span>Pr\u00e9sentation<\/span><\/div>\n<div class=\"nav-btn-grid\">\n<div class=\"nav-btn\"><a href=\"https:\/\/www.eoleenbeauce.fr\/presentation\/\">Pr\u00e9sentation g\u00e9n\u00e9rale<\/a><\/div>\n<div class=\"nav-btn\"><a href=\"https:\/\/www.eoleenbeauce.fr\/presentation\/baignolet\/\">Baignolet<\/a><\/div>\n<div class=\"nav-btn\"><a href=\"https:\/\/www.eoleenbeauce.fr\/presentation\/fains-la-folie\/\">Fains-la-Folie<\/a><\/div>\n<div class=\"nav-btn\"><a href=\"https:\/\/www.eoleenbeauce.fr\/presentation\/germignonville\/\">Germignonville<\/a><\/div>\n<div class=\"nav-btn\"><a href=\"https:\/\/www.eoleenbeauce.fr\/presentation\/viabon\/\">Viabon<\/a><\/div>\n<div class=\"nav-btn\"><a href=\"https:\/\/www.eoleenbeauce.fr\/presentation\/villeau\/\">Villeau<\/a><\/div>\n<\/p><\/div>\n<\/p><\/div>\n<hr class=\"divider\"\/>\n<div class=\"nav-section\">\n<div class=\"section-label\"><span>Conseil Municipal et Commissions<\/span><\/div>\n<div class=\"nav-btn-grid\">\n<div class=\"nav-btn\"><a href=\"https:\/\/www.eoleenbeauce.fr\/notre-commune\/conseil-municipal-commissions\/le-conseil-municipal\/\">\u00c9lus<\/a><\/div>\n<div class=\"nav-btn\"><a href=\"https:\/\/www.eoleenbeauce.fr\/notre-commune\/conseil-municipal-commissions\/les-commissions\/\">Commissions<\/a><\/div>\n<div class=\"nav-btn\"><a href=\"https:\/\/www.eoleenbeauce.fr\/notre-commune\/conseil-municipal-commissions\/representants\/\">Repr\u00e9sentants<\/a><\/div>\n<div class=\"nav-btn\"><a href=\"https:\/\/www.eoleenbeauce.fr\/notre-commune\/conseil-municipal-commissions\/les-seances-du-conseil-municipal\/\">Comptes-rendus<\/a><\/div>\n<div class=\"nav-btn\"><a href=\"https:\/\/www.eoleenbeauce.fr\/notre-commune\/conseil-municipal-commissions\/arretes-municipaux\/\">Arr\u00eat\u00e9s municipaux<\/a><\/div>\n<\/p><\/div>\n<\/p><\/div>\n<hr class=\"divider\"\/>\n<div class=\"nav-section\">\n<div class=\"section-label\"><span>Personnel Communal<\/span><\/div>\n<div class=\"nav-btn-grid single\">\n<div class=\"nav-btn center-col\"><a href=\"https:\/\/www.eoleenbeauce.fr\/notre-commune\/personnel-communal\/\">Personnel communal<\/a><\/div>\n<\/p><\/div>\n<\/p><\/div>\n<hr class=\"divider\"\/>\n<div class=\"nav-section\">\n<div class=\"section-label\"><span>Location de Salles<\/span><\/div>\n<div class=\"nav-btn-grid single\">\n<div class=\"nav-btn center-col\"><a href=\"https:\/\/www.eoleenbeauce.fr\/notre-commune\/les-salles-communales\/\">Location de salles<\/a><\/div>\n<\/p><\/div>\n<\/p><\/div>\n<hr class=\"divider\"\/>\n<div class=\"nav-section\">\n<div class=\"section-label\"><span>Communaut\u00e9 de Communes<\/span><\/div>\n<div class=\"nav-btn-grid single\">\n<div class=\"nav-btn center-col\"><a href=\"https:\/\/www.eoleenbeauce.fr\/presentation\/c-c-c-b\/\">Communaut\u00e9 de Communes<\/a><\/div>\n<\/p><\/div>\n<\/p><\/div>\n<\/div>\n","protected":false},"excerpt":{"rendered":"<p>Notre Commune Pr\u00e9sentation Pr\u00e9sentation g\u00e9n\u00e9rale Baignolet Fains-la-Folie Germignonville Viabon Villeau Conseil Municipal et Commissions \u00c9lus Commissions Repr\u00e9sentants Comptes-rendus Arr\u00eat\u00e9s municipaux [&hellip;]<\/p>\n","protected":false},"author":1,"featured_media":0,"parent":0,"menu_order":1,"comment_status":"closed","ping_status":"closed","template":"","meta":{"site-sidebar-layout":"default","site-content-layout":"","ast-site-content-layout":"default","site-content-style":"default","site-sidebar-style":"default","ast-global-header-display":"","ast-banner-title-visibility":"","ast-main-header-display":"","ast-hfb-above-header-display":"","ast-hfb-below-header-display":"","ast-hfb-mobile-header-display":"","site-post-title":"disabled","ast-breadcrumbs-content":"","ast-featured-img":"","footer-sml-layout":"","ast-disable-related-posts":"","theme-transparent-header-meta":"default","adv-header-id-meta":"","stick-header-meta":"","header-above-stick-meta":"","header-main-stick-meta":"","header-below-stick-meta":"","astra-migrate-meta-layouts":"set","ast-page-background-enabled":"default","ast-page-background-meta":{"desktop":{"background-color":"var(--ast-global-color-5)","background-image":"","background-repeat":"repeat","background-position":"center center","background-size":"auto","background-attachment":"scroll","background-type":"","background-media":"","overlay-type":"","overlay-color":"","overlay-opacity":"","overlay-gradient":""},"tablet":{"background-color":"","background-image":"","background-repeat":"repeat","background-position":"center center","background-size":"auto","background-attachment":"scroll","background-type":"","background-media":"","overlay-type":"","overlay-color":"","overlay-opacity":"","overlay-gradient":""},"mobile":{"background-color":"","background-image":"","background-repeat":"repeat","background-position":"center center","background-size":"auto","background-attachment":"scroll","background-type":"","background-media":"","overlay-type":"","overlay-color":"","overlay-opacity":"","overlay-gradient":""}},"ast-content-background-meta":{"desktop":{"background-color":"var(--ast-global-color-4)","background-image":"","background-repeat":"repeat","background-position":"center center","background-size":"auto","background-attachment":"scroll","background-type":"","background-media":"","overlay-type":"","overlay-color":"","overlay-opacity":"","overlay-gradient":""},"tablet":{"background-color":"var(--ast-global-color-4)","background-image":"","background-repeat":"repeat","background-position":"center center","background-size":"auto","background-attachment":"scroll","background-type":"","background-media":"","overlay-type":"","overlay-color":"","overlay-opacity":"","overlay-gradient":""},"mobile":{"background-color":"var(--ast-global-color-4)","background-image":"","background-repeat":"repeat","background-position":"center center","background-size":"auto","background-attachment":"scroll","background-type":"","background-media":"","overlay-type":"","overlay-color":"","overlay-opacity":"","overlay-gradient":""}},"footnotes":""},"class_list":["post-2495","page","type-page","status-publish","hentry"],"_links":{"self":[{"href":"https:\/\/www.eoleenbeauce.fr\/?rest_route=\/wp\/v2\/pages\/2495","targetHints":{"allow":["GET"]}}],"collection":[{"href":"https:\/\/www.eoleenbeauce.fr\/?rest_route=\/wp\/v2\/pages"}],"about":[{"href":"https:\/\/www.eoleenbeauce.fr\/?rest_route=\/wp\/v2\/types\/page"}],"author":[{"embeddable":true,"href":"https:\/\/www.eoleenbeauce.fr\/?rest_route=\/wp\/v2\/users\/1"}],"replies":[{"embeddable":true,"href":"https:\/\/www.eoleenbeauce.fr\/?rest_route=%2Fwp%2Fv2%2Fcomments&post=2495"}],"version-history":[{"count":13,"href":"https:\/\/www.eoleenbeauce.fr\/?rest_route=\/wp\/v2\/pages\/2495\/revisions"}],"predecessor-version":[{"id":3528,"href":"https:\/\/www.eoleenbeauce.fr\/?rest_route=\/wp\/v2\/pages\/2495\/revisions\/3528"}],"wp:attachment":[{"href":"https:\/\/www.eoleenbeauce.fr\/?rest_route=%2Fwp%2Fv2%2Fmedia&parent=2495"}],"curies":[{"name":"wp","href":"https:\/\/api.w.org\/{rel}","templated":true}]}}