{"id":2370,"date":"2026-02-19T08:09:01","date_gmt":"2026-02-19T07:09:01","guid":{"rendered":"https:\/\/www.eoleenbeauce.fr\/?page_id=2370"},"modified":"2026-03-06T06:47:08","modified_gmt":"2026-03-06T05:47:08","slug":"panneau-pocket","status":"publish","type":"page","link":"https:\/\/www.eoleenbeauce.fr\/actualites\/panneau-pocket\/","title":{"rendered":"Panneau Pocket"},"content":{"rendered":"<div class=\"page\">\n<div class=\"hero-title-wrap\">\n<h1 class=\"hero-title\">Panneau Pocket<\/h1>\n<div class=\"hero-bar\"><\/div>\n<\/p><\/div>\n<div class=\"iframe-wrap\">\n    <iframe src=\"https:\/\/app.panneaupocket.com\/embeded\/1937907948?mode=widgetConfig&amp;autoNavigation=0&amp;widgetConfigId=1f10d695-2d17-648a-ad9c-0703d97bccc6\"><\/iframe>\n  <\/div>\n<div class=\"info-card\">\n<h3>L&rsquo;information qui va vers l&rsquo;habitant gratuitement !<\/h3>\n<p>L&rsquo;application mobile d&rsquo;informations et d&rsquo;alertes n\u00b01 en France avec plus de 13 500 collectivit\u00e9s \u00e9quip\u00e9es. Mairies, Gendarmeries, Intercommunalit\u00e9s, Ecoles, RPI des enfants, Syndicats des eaux\u2026 les citoyens retrouvent leur vie locale dans une seule et unique application sur leur smartphone. La population re\u00e7oit en temps r\u00e9el les notifications des actualit\u00e9s de leur territoire : c&rsquo;est l&rsquo;information qui va vers l&rsquo;habitant !<\/p>\n<\/p><\/div>\n<div class=\"info-card\">\n<h3>Votre mairie utilise PanneauPocket pour vous informer ?<\/h3>\n<p>Installez l&rsquo;application gratuitement sur votre smartphone et consultez l&rsquo;actualit\u00e9 des communes, Gendarmeries, Communaut\u00e9s de communes, Syndicats d\u00e9j\u00e0 utilisateurs autour de vous. Mettez en favoris les entit\u00e9s qui vous int\u00e9ressent pour recevoir leurs notifications \u00e0 chaque publication.<\/p>\n<\/p><\/div>\n<div class=\"btn-center\">\n    <a class=\"pp-btn\" href=\"https:\/\/www.eoleenbeauce.fr\/wp-content\/uploads\/2026\/02\/guide-telechargement-Panneau-Pocket.pdf\" target=\"_blank\">Besoin d&rsquo;aide ? Suivez le guide<\/a>\n  <\/div>\n<div class=\"info-card\">\n<h3>Une application pr\u00e9vue \u00e9galement en version ordinateur !<\/h3>\n<p>Retrouvez toute l&rsquo;actualit\u00e9 de votre commune depuis votre ordinateur ou votre tablette.<\/p>\n<\/p><\/div>\n<div class=\"btn-center\">\n    <a class=\"pp-btn\" href=\"https:\/\/app.panneaupocket.com\/\" target=\"_blank\">Acc\u00e9der \u00e0 Panneau Pocket<\/a>\n  <\/div>\n<\/div>\n","protected":false},"excerpt":{"rendered":"<p>Panneau Pocket L&rsquo;information qui va vers l&rsquo;habitant gratuitement ! L&rsquo;application mobile d&rsquo;informations et d&rsquo;alertes n\u00b01 en France avec plus de [&hellip;]<\/p>\n","protected":false},"author":1,"featured_media":0,"parent":3340,"menu_order":1,"comment_status":"closed","ping_status":"closed","template":"","meta":{"site-sidebar-layout":"default","site-content-layout":"","ast-site-content-layout":"default","site-content-style":"default","site-sidebar-style":"default","ast-global-header-display":"","ast-banner-title-visibility":"","ast-main-header-display":"","ast-hfb-above-header-display":"","ast-hfb-below-header-display":"","ast-hfb-mobile-header-display":"","site-post-title":"disabled","ast-breadcrumbs-content":"","ast-featured-img":"","footer-sml-layout":"","ast-disable-related-posts":"","theme-transparent-header-meta":"default","adv-header-id-meta":"","stick-header-meta":"","header-above-stick-meta":"","header-main-stick-meta":"","header-below-stick-meta":"","astra-migrate-meta-layouts":"set","ast-page-background-enabled":"default","ast-page-background-meta":{"desktop":{"background-color":"var(--ast-global-color-5)","background-image":"","background-repeat":"repeat","background-position":"center center","background-size":"auto","background-attachment":"scroll","background-type":"","background-media":"","overlay-type":"","overlay-color":"","overlay-opacity":"","overlay-gradient":""},"tablet":{"background-color":"","background-image":"","background-repeat":"repeat","background-position":"center center","background-size":"auto","background-attachment":"scroll","background-type":"","background-media":"","overlay-type":"","overlay-color":"","overlay-opacity":"","overlay-gradient":""},"mobile":{"background-color":"","background-image":"","background-repeat":"repeat","background-position":"center center","background-size":"auto","background-attachment":"scroll","background-type":"","background-media":"","overlay-type":"","overlay-color":"","overlay-opacity":"","overlay-gradient":""}},"ast-content-background-meta":{"desktop":{"background-color":"var(--ast-global-color-4)","background-image":"","background-repeat":"repeat","background-position":"center center","background-size":"auto","background-attachment":"scroll","background-type":"","background-media":"","overlay-type":"","overlay-color":"","overlay-opacity":"","overlay-gradient":""},"tablet":{"background-color":"var(--ast-global-color-4)","background-image":"","background-repeat":"repeat","background-position":"center center","background-size":"auto","background-attachment":"scroll","background-type":"","background-media":"","overlay-type":"","overlay-color":"","overlay-opacity":"","overlay-gradient":""},"mobile":{"background-color":"var(--ast-global-color-4)","background-image":"","background-repeat":"repeat","background-position":"center center","background-size":"auto","background-attachment":"scroll","background-type":"","background-media":"","overlay-type":"","overlay-color":"","overlay-opacity":"","overlay-gradient":""}},"footnotes":""},"class_list":["post-2370","page","type-page","status-publish","hentry"],"_links":{"self":[{"href":"https:\/\/www.eoleenbeauce.fr\/?rest_route=\/wp\/v2\/pages\/2370","targetHints":{"allow":["GET"]}}],"collection":[{"href":"https:\/\/www.eoleenbeauce.fr\/?rest_route=\/wp\/v2\/pages"}],"about":[{"href":"https:\/\/www.eoleenbeauce.fr\/?rest_route=\/wp\/v2\/types\/page"}],"author":[{"embeddable":true,"href":"https:\/\/www.eoleenbeauce.fr\/?rest_route=\/wp\/v2\/users\/1"}],"replies":[{"embeddable":true,"href":"https:\/\/www.eoleenbeauce.fr\/?rest_route=%2Fwp%2Fv2%2Fcomments&post=2370"}],"version-history":[{"count":32,"href":"https:\/\/www.eoleenbeauce.fr\/?rest_route=\/wp\/v2\/pages\/2370\/revisions"}],"predecessor-version":[{"id":3586,"href":"https:\/\/www.eoleenbeauce.fr\/?rest_route=\/wp\/v2\/pages\/2370\/revisions\/3586"}],"up":[{"embeddable":true,"href":"https:\/\/www.eoleenbeauce.fr\/?rest_route=\/wp\/v2\/pages\/3340"}],"wp:attachment":[{"href":"https:\/\/www.eoleenbeauce.fr\/?rest_route=%2Fwp%2Fv2%2Fmedia&parent=2370"}],"curies":[{"name":"wp","href":"https:\/\/api.w.org\/{rel}","templated":true}]}}