{"id":22,"date":"2017-08-16T08:59:00","date_gmt":"2017-08-16T06:59:00","guid":{"rendered":"http:\/\/eoleenbeuv.cluster023.hosting.ovh.net\/?page_id=22"},"modified":"2026-03-09T08:22:44","modified_gmt":"2026-03-09T07:22:44","slug":"le-conseil-municipal","status":"publish","type":"page","link":"https:\/\/www.eoleenbeauce.fr\/notre-commune\/conseil-municipal-commissions\/le-conseil-municipal\/","title":{"rendered":"\u00c9lus"},"content":{"rendered":"<p><!-- TITRE --><\/p>\n<div class=\"hero-title-wrap\">\n<h1 class=\"hero-title\">Les \u00c9lus<\/h1>\n<div class=\"hero-bar\"><\/div>\n<\/div>\n<p><!-- HERO --><\/p>\n<div class=\"hero\">\n  <img decoding=\"async\" src=\"https:\/\/www.eoleenbeauce.fr\/wp-content\/uploads\/2023\/03\/DSC_0167-scaled.jpg\" alt=\"Les \u00e9lus\"\/>\n<\/div>\n<div class=\"page\">\n<p>  <!-- MAIRE --><\/p>\n<div class=\"section-label\"><span>Le Maire<\/span><\/div>\n<div class=\"featured-wrap\">\n<div class=\"card featured\">\n      <img decoding=\"async\" src=\"https:\/\/www.eoleenbeauce.fr\/wp-content\/uploads\/2020\/06\/DSC_0222-1-scaled.jpg\" alt=\"Julien BIRRE\"\/><\/p>\n<div class=\"card-name\">Julien BIRRE<\/div>\n<div class=\"badge\">Conseiller communautaire<\/div>\n<\/p><\/div>\n<\/p><\/div>\n<hr class=\"divider\"\/>\n<p>  <!-- MAIRES D\u00c9L\u00c9GU\u00c9S --><\/p>\n<div class=\"section-label\"><span>Les Maires D\u00e9l\u00e9gu\u00e9s<\/span><\/div>\n<div class=\"grid-3\">\n<div class=\"card\">\n      <img decoding=\"async\" src=\"https:\/\/www.eoleenbeauce.fr\/wp-content\/uploads\/2020\/06\/DSC_0120-1-scaled.jpg\" alt=\"Gwena\u00eblle VINCHON\"\/><\/p>\n<div class=\"card-name\">Gwena\u00eblle VINCHON<\/div>\n<div class=\"card-village\">Baignolet<\/div>\n<div class=\"badge\">Conseill\u00e8re communautaire<\/div>\n<\/p><\/div>\n<div class=\"card\">\n      <img decoding=\"async\" src=\"https:\/\/www.eoleenbeauce.fr\/wp-content\/uploads\/2020\/06\/DSC_0147-scaled.jpg\" alt=\"Vincent FAUCHEUX\"\/><\/p>\n<div class=\"card-name\">Vincent FAUCHEUX<\/div>\n<div class=\"card-village\">Fains-la-Folie<\/div>\n<\/p><\/div>\n<div class=\"card\">\n      <img decoding=\"async\" src=\"https:\/\/www.eoleenbeauce.fr\/wp-content\/uploads\/2020\/06\/DSC_0236-scaled.jpg\" alt=\"Bernadette MARTIN\"\/><\/p>\n<div class=\"card-name\">Bernadette MARTIN<\/div>\n<div class=\"card-village\">Germignonville<\/div>\n<\/p><\/div>\n<\/p><\/div>\n<div class=\"grid-2-centered\">\n<div class=\"card\">\n      <img decoding=\"async\" src=\"https:\/\/www.eoleenbeauce.fr\/wp-content\/uploads\/2020\/06\/DSC_0146-scaled.jpg\" alt=\"Fran\u00e7ois VASSORT\"\/><\/p>\n<div class=\"card-name\">Fran\u00e7ois VASSORT<\/div>\n<div class=\"card-village\">Viabon<\/div>\n<div class=\"badge\">Conseiller communautaire<\/div>\n<\/p><\/div>\n<div class=\"card\">\n      <img decoding=\"async\" src=\"https:\/\/www.eoleenbeauce.fr\/wp-content\/uploads\/2020\/06\/DSC_0097-scaled.jpg\" alt=\"Marc HENRION\"\/><\/p>\n<div class=\"card-name\">Marc HENRION<\/div>\n<div class=\"card-village\">Villeau<\/div>\n<\/p><\/div>\n<\/p><\/div>\n<hr class=\"divider\"\/>\n<p>  <!-- ADJOINT --><\/p>\n<div class=\"section-label\"><span>L&rsquo;Adjoint au Maire<\/span><\/div>\n<div class=\"featured-wrap\">\n<div class=\"card featured\">\n      <img decoding=\"async\" src=\"https:\/\/www.eoleenbeauce.fr\/wp-content\/uploads\/2020\/06\/DSC_0208-scaled.jpg\" alt=\"St\u00e9phane CHANCOLLON\"\/><\/p>\n<div class=\"card-name\">St\u00e9phane CHANCOLLON<\/div>\n<\/p><\/div>\n<\/p><\/div>\n<hr class=\"divider\"\/>\n<p>  <!-- CONSEILLERS MUNICIPAUX --><\/p>\n<div class=\"section-label\"><span>Les Conseillers Municipaux<\/span><\/div>\n<div class=\"grid-conseillers\">\n<div class=\"card\"><img decoding=\"async\" src=\"https:\/\/www.eoleenbeauce.fr\/wp-content\/uploads\/2026\/02\/DSC_0111-scaled.jpg\" alt=\"Catherine ARRONDEAU\"\/><\/p>\n<div class=\"card-name\">Catherine ARRONDEAU<\/div>\n<\/div>\n<div class=\"card\"><img decoding=\"async\" src=\"https:\/\/www.eoleenbeauce.fr\/wp-content\/uploads\/2026\/02\/DSC_0107-scaled.jpg\" alt=\"Corinne BOUCHET\"\/><\/p>\n<div class=\"card-name\">Corinne BOUCHET<\/div>\n<\/div>\n<div class=\"card\"><img decoding=\"async\" src=\"https:\/\/www.eoleenbeauce.fr\/wp-content\/uploads\/2026\/02\/DSC_0116-scaled.jpg\" alt=\"Cindy FERNANDES\"\/><\/p>\n<div class=\"card-name\">Cindy FERNANDES<\/div>\n<\/div>\n<div class=\"card\"><img decoding=\"async\" src=\"https:\/\/www.eoleenbeauce.fr\/wp-content\/uploads\/2026\/02\/DSC_0186-scaled.jpg\" alt=\"G\u00e9raldine GRILLON\"\/><\/p>\n<div class=\"card-name\">G\u00e9raldine GRILLON<\/div>\n<\/div>\n<div class=\"card\"><img decoding=\"async\" src=\"https:\/\/www.eoleenbeauce.fr\/wp-content\/uploads\/2026\/02\/DSC_0140-scaled.jpg\" alt=\"Ludovic GUESNET\"\/><\/p>\n<div class=\"card-name\">Ludovic GUESNET<\/div>\n<\/div>\n<div class=\"card\"><img decoding=\"async\" src=\"https:\/\/www.eoleenbeauce.fr\/wp-content\/uploads\/2026\/02\/DSC_0217-scaled.jpg\" alt=\"Fran\u00e7ois ISAMBERT\"\/><\/p>\n<div class=\"card-name\">Fran\u00e7ois ISAMBERT<\/div>\n<\/div>\n<div class=\"card\"><img decoding=\"async\" src=\"https:\/\/www.eoleenbeauce.fr\/wp-content\/uploads\/2026\/02\/DSC_0094.jpg\" alt=\"Benoit LHOSTE\"\/><\/p>\n<div class=\"card-name\">Benoit LHOSTE<\/div>\n<\/div>\n<div class=\"card\"><img decoding=\"async\" src=\"https:\/\/www.eoleenbeauce.fr\/wp-content\/uploads\/2026\/02\/DSC_0203-scaled.jpg\" alt=\"Benjamin LIROCHON\"\/><\/p>\n<div class=\"card-name\">Benjamin LIROCHON<\/div>\n<\/div>\n<div class=\"card\"><img decoding=\"async\" src=\"https:\/\/www.eoleenbeauce.fr\/wp-content\/uploads\/2026\/02\/DSC_0136-scaled.jpg\" alt=\"Val\u00e9rie MARTIN\"\/><\/p>\n<div class=\"card-name\">Val\u00e9rie MARTIN<\/div>\n<\/div>\n<div class=\"card\"><img decoding=\"async\" src=\"https:\/\/www.eoleenbeauce.fr\/wp-content\/uploads\/2026\/02\/DSC_0201-scaled.jpg\" alt=\"Florence TICOT\"\/><\/p>\n<div class=\"card-name\">Florence TICOT<\/div>\n<\/div>\n<div class=\"card\"><img decoding=\"async\" src=\"https:\/\/www.eoleenbeauce.fr\/wp-content\/uploads\/2026\/02\/DSC_0192-scaled.jpg\" alt=\"Vanessa VOYET\"\/><\/p>\n<div class=\"card-name\">Vanessa VOYET<\/div>\n<\/div>\n<div class=\"card\"><img decoding=\"async\" src=\"https:\/\/www.eoleenbeauce.fr\/wp-content\/uploads\/2026\/02\/DSC_0196-scaled.jpg\" alt=\"Bruno WISSOCQ\"\/><\/p>\n<div class=\"card-name\">Bruno WISSOCQ<\/div>\n<\/div><\/div>\n<hr class=\"divider\"\/>\n<p>  <!-- SUPPL\u00c9ANT --><\/p>\n<div class=\"section-label\"><span>Suppl\u00e9ant<\/span><\/div>\n<div class=\"featured-wrap\">\n<div class=\"card featured\">\n      <img decoding=\"async\" src=\"https:\/\/www.eoleenbeauce.fr\/wp-content\/uploads\/2026\/02\/DSC_0101.jpg\" alt=\"St\u00e9phane POUPAUX\"\/><\/p>\n<div class=\"card-name\">St\u00e9phane POUPAUX<\/div>\n<div class=\"card-village\">Suppl\u00e9ant<\/div>\n<\/p><\/div>\n<\/p><\/div>\n<\/div>\n<p><!-- \/page --><\/p>\n","protected":false},"excerpt":{"rendered":"<p>Les \u00c9lus Le Maire Julien BIRRE Conseiller communautaire Les Maires D\u00e9l\u00e9gu\u00e9s Gwena\u00eblle VINCHON Baignolet Conseill\u00e8re communautaire Vincent FAUCHEUX Fains-la-Folie Bernadette [&hellip;]<\/p>\n","protected":false},"author":1,"featured_media":0,"parent":2501,"menu_order":1,"comment_status":"closed","ping_status":"closed","template":"","meta":{"site-sidebar-layout":"default","site-content-layout":"","ast-site-content-layout":"default","site-content-style":"default","site-sidebar-style":"default","ast-global-header-display":"","ast-banner-title-visibility":"","ast-main-header-display":"","ast-hfb-above-header-display":"","ast-hfb-below-header-display":"","ast-hfb-mobile-header-display":"","site-post-title":"disabled","ast-breadcrumbs-content":"","ast-featured-img":"","footer-sml-layout":"","ast-disable-related-posts":"","theme-transparent-header-meta":"default","adv-header-id-meta":"","stick-header-meta":"","header-above-stick-meta":"","header-main-stick-meta":"","header-below-stick-meta":"","astra-migrate-meta-layouts":"set","ast-page-background-enabled":"default","ast-page-background-meta":{"desktop":{"background-color":"var(--ast-global-color-5)","background-image":"","background-repeat":"repeat","background-position":"center center","background-size":"auto","background-attachment":"scroll","background-type":"","background-media":"","overlay-type":"","overlay-color":"","overlay-opacity":"","overlay-gradient":""},"tablet":{"background-color":"","background-image":"","background-repeat":"repeat","background-position":"center center","background-size":"auto","background-attachment":"scroll","background-type":"","background-media":"","overlay-type":"","overlay-color":"","overlay-opacity":"","overlay-gradient":""},"mobile":{"background-color":"","background-image":"","background-repeat":"repeat","background-position":"center center","background-size":"auto","background-attachment":"scroll","background-type":"","background-media":"","overlay-type":"","overlay-color":"","overlay-opacity":"","overlay-gradient":""}},"ast-content-background-meta":{"desktop":{"background-color":"var(--ast-global-color-4)","background-image":"","background-repeat":"repeat","background-position":"center center","background-size":"auto","background-attachment":"scroll","background-type":"","background-media":"","overlay-type":"","overlay-color":"","overlay-opacity":"","overlay-gradient":""},"tablet":{"background-color":"var(--ast-global-color-4)","background-image":"","background-repeat":"repeat","background-position":"center center","background-size":"auto","background-attachment":"scroll","background-type":"","background-media":"","overlay-type":"","overlay-color":"","overlay-opacity":"","overlay-gradient":""},"mobile":{"background-color":"var(--ast-global-color-4)","background-image":"","background-repeat":"repeat","background-position":"center center","background-size":"auto","background-attachment":"scroll","background-type":"","background-media":"","overlay-type":"","overlay-color":"","overlay-opacity":"","overlay-gradient":""}},"footnotes":""},"class_list":["post-22","page","type-page","status-publish","hentry"],"_links":{"self":[{"href":"https:\/\/www.eoleenbeauce.fr\/?rest_route=\/wp\/v2\/pages\/22","targetHints":{"allow":["GET"]}}],"collection":[{"href":"https:\/\/www.eoleenbeauce.fr\/?rest_route=\/wp\/v2\/pages"}],"about":[{"href":"https:\/\/www.eoleenbeauce.fr\/?rest_route=\/wp\/v2\/types\/page"}],"author":[{"embeddable":true,"href":"https:\/\/www.eoleenbeauce.fr\/?rest_route=\/wp\/v2\/users\/1"}],"replies":[{"embeddable":true,"href":"https:\/\/www.eoleenbeauce.fr\/?rest_route=%2Fwp%2Fv2%2Fcomments&post=22"}],"version-history":[{"count":58,"href":"https:\/\/www.eoleenbeauce.fr\/?rest_route=\/wp\/v2\/pages\/22\/revisions"}],"predecessor-version":[{"id":3841,"href":"https:\/\/www.eoleenbeauce.fr\/?rest_route=\/wp\/v2\/pages\/22\/revisions\/3841"}],"up":[{"embeddable":true,"href":"https:\/\/www.eoleenbeauce.fr\/?rest_route=\/wp\/v2\/pages\/2501"}],"wp:attachment":[{"href":"https:\/\/www.eoleenbeauce.fr\/?rest_route=%2Fwp%2Fv2%2Fmedia&parent=22"}],"curies":[{"name":"wp","href":"https:\/\/api.w.org\/{rel}","templated":true}]}}