{"id":2,"date":"2017-08-15T21:37:13","date_gmt":"2017-08-15T19:37:13","guid":{"rendered":"http:\/\/eoleenbeuv.cluster023.hosting.ovh.net\/?page_id=2"},"modified":"2026-03-11T01:15:18","modified_gmt":"2026-03-11T00:15:18","slug":"eoleenbeauce","status":"publish","type":"page","link":"https:\/\/www.eoleenbeauce.fr\/","title":{"rendered":"\u00c9OLE EN BEAUCE"},"content":{"rendered":"<div class=\"page\">\n<div class=\"accueil-wrap\">\n<p><a class=\"hero-photo\" href=\"https:\/\/www.eoleenbeauce.fr\/wp-content\/uploads\/2026\/02\/AH04382-Bienvenue-BLANC-scaled.jpg\" target=\"_blank\" rel=\"noopener\"><br \/>\n<img decoding=\"async\" src=\"https:\/\/www.eoleenbeauce.fr\/wp-content\/uploads\/2026\/02\/AH04382-Bienvenue-BLANC-scaled.jpg\" alt=\"Bienvenue \u00e0 \u00c9ole-en-Beauce\" \/><br \/>\n<\/a><\/p>\n<div class=\"accueil-grid\">\n<div class=\"info-card\">\n<h2>Petite pr\u00e9sentation\u2026<\/h2>\n<p>\u00c9ole-en-Beauce est une commune du d\u00e9partement d&rsquo;Eure-et-Loir (28), n\u00e9e de la fusion de cinq communes historiques : Baignolet, Fains-la-Folie, Germignonville, Viabon et Villeau.<\/p>\n<\/div>\n<div class=\"info-card\">\n<h2>Mairie d&rsquo;\u00c9ole-en-Beauce<\/h2>\n<p>2 rue de la Mairie \u2013 Viabon \u2013 28150 \u00c9ole-en-Beauce<\/p>\n<p>\ud83d\udce7 <a href=\"mailto:mairieeoleenbeauce@orange.fr\">mairieeoleenbeauce@orange.fr<\/a><\/p>\n<\/div>\n<div class=\"info-card\">\n<h2>Horaires d&rsquo;ouverture (hors p\u00e9riode hivernale)<\/h2>\n<ul class=\"horaires-list\">\n<li><span class=\"jour\">Lundi<\/span> 14h \u2013 17h30 \u00a0(<a href=\"https:\/\/www.eoleenbeauce.fr\/?page_id=155\">Baignolet<\/a>)<\/li>\n<li><span class=\"jour\">Mardi<\/span> 9h \u2013 12h30 \u00a0(<a href=\"https:\/\/www.eoleenbeauce.fr\/?page_id=159\">Germignonville<\/a>)<\/li>\n<li><span class=\"jour\">Mercredi<\/span> 9h \u2013 12h30 \u00a0(<a href=\"https:\/\/www.eoleenbeauce.fr\/?page_id=161\">Viabon<\/a>)<\/li>\n<li><span class=\"jour\">Jeudi<\/span> 14h \u2013 17h30 \u00a0(<a href=\"https:\/\/www.eoleenbeauce.fr\/?page_id=157\">Fains la Folie<\/a>)<\/li>\n<li><span class=\"jour\">Vendredi<\/span> 14h \u2013 17h30 \u00a0(<a href=\"https:\/\/www.eoleenbeauce.fr\/notre-commune\/presentation\/villeau\/\">Villeau<\/a>)<\/li>\n<li><span class=\"jour\">Samedi<\/span> Sur rendez-vous<\/li>\n<\/ul>\n<\/div>\n<\/div>\n<\/div>\n<\/div>\n","protected":false},"excerpt":{"rendered":"<p>Petite pr\u00e9sentation\u2026 \u00c9ole-en-Beauce est une commune du d\u00e9partement d&rsquo;Eure-et-Loir (28), n\u00e9e de la fusion de cinq communes historiques : Baignolet, [&hellip;]<\/p>\n","protected":false},"author":1,"featured_media":0,"parent":0,"menu_order":0,"comment_status":"closed","ping_status":"closed","template":"","meta":{"site-sidebar-layout":"right-sidebar","site-content-layout":"","ast-site-content-layout":"default","site-content-style":"default","site-sidebar-style":"default","ast-global-header-display":"","ast-banner-title-visibility":"","ast-main-header-display":"","ast-hfb-above-header-display":"","ast-hfb-below-header-display":"","ast-hfb-mobile-header-display":"","site-post-title":"disabled","ast-breadcrumbs-content":"","ast-featured-img":"","footer-sml-layout":"disabled","ast-disable-related-posts":"","theme-transparent-header-meta":"default","adv-header-id-meta":"","stick-header-meta":"","header-above-stick-meta":"","header-main-stick-meta":"","header-below-stick-meta":"","astra-migrate-meta-layouts":"set","ast-page-background-enabled":"default","ast-page-background-meta":{"desktop":{"background-color":"var(--ast-global-color-5)","background-image":"","background-repeat":"repeat","background-position":"center center","background-size":"auto","background-attachment":"scroll","background-type":"","background-media":"","overlay-type":"","overlay-color":"","overlay-opacity":"","overlay-gradient":""},"tablet":{"background-color":"","background-image":"","background-repeat":"repeat","background-position":"center center","background-size":"auto","background-attachment":"scroll","background-type":"","background-media":"","overlay-type":"","overlay-color":"","overlay-opacity":"","overlay-gradient":""},"mobile":{"background-color":"","background-image":"","background-repeat":"repeat","background-position":"center center","background-size":"auto","background-attachment":"scroll","background-type":"","background-media":"","overlay-type":"","overlay-color":"","overlay-opacity":"","overlay-gradient":""}},"ast-content-background-meta":{"desktop":{"background-color":"var(--ast-global-color-4)","background-image":"","background-repeat":"repeat","background-position":"center center","background-size":"auto","background-attachment":"scroll","background-type":"","background-media":"","overlay-type":"","overlay-color":"","overlay-opacity":"","overlay-gradient":""},"tablet":{"background-color":"var(--ast-global-color-4)","background-image":"","background-repeat":"repeat","background-position":"center center","background-size":"auto","background-attachment":"scroll","background-type":"","background-media":"","overlay-type":"","overlay-color":"","overlay-opacity":"","overlay-gradient":""},"mobile":{"background-color":"var(--ast-global-color-4)","background-image":"","background-repeat":"repeat","background-position":"center center","background-size":"auto","background-attachment":"scroll","background-type":"","background-media":"","overlay-type":"","overlay-color":"","overlay-opacity":"","overlay-gradient":""}},"footnotes":""},"class_list":["post-2","page","type-page","status-publish","hentry"],"_links":{"self":[{"href":"https:\/\/www.eoleenbeauce.fr\/?rest_route=\/wp\/v2\/pages\/2","targetHints":{"allow":["GET"]}}],"collection":[{"href":"https:\/\/www.eoleenbeauce.fr\/?rest_route=\/wp\/v2\/pages"}],"about":[{"href":"https:\/\/www.eoleenbeauce.fr\/?rest_route=\/wp\/v2\/types\/page"}],"author":[{"embeddable":true,"href":"https:\/\/www.eoleenbeauce.fr\/?rest_route=\/wp\/v2\/users\/1"}],"replies":[{"embeddable":true,"href":"https:\/\/www.eoleenbeauce.fr\/?rest_route=%2Fwp%2Fv2%2Fcomments&post=2"}],"version-history":[{"count":59,"href":"https:\/\/www.eoleenbeauce.fr\/?rest_route=\/wp\/v2\/pages\/2\/revisions"}],"predecessor-version":[{"id":3944,"href":"https:\/\/www.eoleenbeauce.fr\/?rest_route=\/wp\/v2\/pages\/2\/revisions\/3944"}],"wp:attachment":[{"href":"https:\/\/www.eoleenbeauce.fr\/?rest_route=%2Fwp%2Fv2%2Fmedia&parent=2"}],"curies":[{"name":"wp","href":"https:\/\/api.w.org\/{rel}","templated":true}]}}