{"id":161,"date":"2017-08-18T09:47:54","date_gmt":"2017-08-18T07:47:54","guid":{"rendered":"http:\/\/eoleenbeuv.cluster023.hosting.ovh.net\/?page_id=161"},"modified":"2026-04-02T23:58:43","modified_gmt":"2026-04-02T21:58:43","slug":"viabon","status":"publish","type":"page","link":"https:\/\/www.eoleenbeauce.fr\/notre-commune\/presentation\/viabon\/","title":{"rendered":"La commune d\u00e9l\u00e9gu\u00e9e de Viabon"},"content":{"rendered":"<div class=\"page\">\n<div class=\"hero-title-wrap\">\n<h1 class=\"hero-title\">La commune d\u00e9l\u00e9gu\u00e9e de Viabon<\/h1>\n<div class=\"hero-bar\"><\/div>\n<\/p><\/div>\n<p>  <a class=\"carte-link\" href=\"https:\/\/www.eoleenbeauce.fr\/wp-content\/uploads\/2017\/08\/DSCN1949.jpg\" target=\"_blank\"><br \/>\n    <img decoding=\"async\" src=\"https:\/\/www.eoleenbeauce.fr\/wp-content\/uploads\/2017\/08\/DSCN1949.jpg\" alt=\"Mairie d'\u00c9ole-en-Beauce \u00e0 Viabon\"\/><br \/>\n  <\/a><\/p>\n<hr class=\"divider\"\/>\n<div class=\"section-label\"><span>Quelques Informations<\/span><\/div>\n<div class=\"info-box\">\n<ul>\n<li>Fran\u00e7ois VASSORT, maire d\u00e9l\u00e9gu\u00e9 de Viabon<\/li>\n<li>36,43 km\u00b2<\/li>\n<li>11 hameaux et fermes seules<\/li>\n<\/ul><\/div>\n<hr class=\"divider\"\/>\n<div class=\"section-label\"><span>Mairie d&rsquo;\u00c9ole-en-Beauce \u2013 Viabon<\/span><\/div>\n<div class=\"contact-box\">\n    \ud83d\udccd 2 rue de la Mairie &#8211; Viabon &#8211; 28150 \u00c9ole-en-Beauce<br \/>\n    \ud83d\udcde <strong>02.37.99.03.16<\/strong> &nbsp;\u2014&nbsp; \ud83d\udce7 <a href=\"mailto:mairieeoleenbeauce@orange.fr\">mairieeoleenbeauce@orange.fr<\/a><br \/>\n    \ud83d\udd50 Permanence : le mercredi de 09h00 \u00e0 12h30\n  <\/div>\n<hr class=\"divider\"\/>\n<div class=\"section-label\"><span>Les autres communes d\u00e9l\u00e9gu\u00e9es<\/span><\/div>\n<div class=\"communes-list\">\n<div class=\"commune-btn\"><a href=\"https:\/\/www.eoleenbeauce.fr\/?page_id=155\">Baignolet<\/a><\/div>\n<div class=\"commune-btn\"><a href=\"https:\/\/www.eoleenbeauce.fr\/?page_id=157\">Fains-la-Folie<\/a><\/div>\n<div class=\"commune-btn\"><a href=\"https:\/\/www.eoleenbeauce.fr\/?page_id=159\">Germignonville<\/a><\/div>\n<div class=\"commune-btn\"><a href=\"https:\/\/www.eoleenbeauce.fr\/?page_id=1242\">Villeau<\/a><\/div>\n<\/p><\/div>\n<\/div>\n","protected":false},"excerpt":{"rendered":"<p>La commune d\u00e9l\u00e9gu\u00e9e de Viabon Quelques Informations Fran\u00e7ois VASSORT, maire d\u00e9l\u00e9gu\u00e9 de Viabon 36,43 km\u00b2 11 hameaux et fermes seules [&hellip;]<\/p>\n","protected":false},"author":1,"featured_media":0,"parent":270,"menu_order":4,"comment_status":"closed","ping_status":"closed","template":"","meta":{"site-sidebar-layout":"default","site-content-layout":"","ast-site-content-layout":"default","site-content-style":"default","site-sidebar-style":"default","ast-global-header-display":"","ast-banner-title-visibility":"","ast-main-header-display":"","ast-hfb-above-header-display":"","ast-hfb-below-header-display":"","ast-hfb-mobile-header-display":"","site-post-title":"disabled","ast-breadcrumbs-content":"","ast-featured-img":"","footer-sml-layout":"","ast-disable-related-posts":"","theme-transparent-header-meta":"default","adv-header-id-meta":"","stick-header-meta":"","header-above-stick-meta":"","header-main-stick-meta":"","header-below-stick-meta":"","astra-migrate-meta-layouts":"set","ast-page-background-enabled":"default","ast-page-background-meta":{"desktop":{"background-color":"var(--ast-global-color-5)","background-image":"","background-repeat":"repeat","background-position":"center center","background-size":"auto","background-attachment":"scroll","background-type":"","background-media":"","overlay-type":"","overlay-color":"","overlay-opacity":"","overlay-gradient":""},"tablet":{"background-color":"","background-image":"","background-repeat":"repeat","background-position":"center center","background-size":"auto","background-attachment":"scroll","background-type":"","background-media":"","overlay-type":"","overlay-color":"","overlay-opacity":"","overlay-gradient":""},"mobile":{"background-color":"","background-image":"","background-repeat":"repeat","background-position":"center center","background-size":"auto","background-attachment":"scroll","background-type":"","background-media":"","overlay-type":"","overlay-color":"","overlay-opacity":"","overlay-gradient":""}},"ast-content-background-meta":{"desktop":{"background-color":"var(--ast-global-color-4)","background-image":"","background-repeat":"repeat","background-position":"center center","background-size":"auto","background-attachment":"scroll","background-type":"","background-media":"","overlay-type":"","overlay-color":"","overlay-opacity":"","overlay-gradient":""},"tablet":{"background-color":"var(--ast-global-color-4)","background-image":"","background-repeat":"repeat","background-position":"center center","background-size":"auto","background-attachment":"scroll","background-type":"","background-media":"","overlay-type":"","overlay-color":"","overlay-opacity":"","overlay-gradient":""},"mobile":{"background-color":"var(--ast-global-color-4)","background-image":"","background-repeat":"repeat","background-position":"center center","background-size":"auto","background-attachment":"scroll","background-type":"","background-media":"","overlay-type":"","overlay-color":"","overlay-opacity":"","overlay-gradient":""}},"footnotes":""},"class_list":["post-161","page","type-page","status-publish","hentry"],"_links":{"self":[{"href":"https:\/\/www.eoleenbeauce.fr\/?rest_route=\/wp\/v2\/pages\/161","targetHints":{"allow":["GET"]}}],"collection":[{"href":"https:\/\/www.eoleenbeauce.fr\/?rest_route=\/wp\/v2\/pages"}],"about":[{"href":"https:\/\/www.eoleenbeauce.fr\/?rest_route=\/wp\/v2\/types\/page"}],"author":[{"embeddable":true,"href":"https:\/\/www.eoleenbeauce.fr\/?rest_route=\/wp\/v2\/users\/1"}],"replies":[{"embeddable":true,"href":"https:\/\/www.eoleenbeauce.fr\/?rest_route=%2Fwp%2Fv2%2Fcomments&post=161"}],"version-history":[{"count":22,"href":"https:\/\/www.eoleenbeauce.fr\/?rest_route=\/wp\/v2\/pages\/161\/revisions"}],"predecessor-version":[{"id":4287,"href":"https:\/\/www.eoleenbeauce.fr\/?rest_route=\/wp\/v2\/pages\/161\/revisions\/4287"}],"up":[{"embeddable":true,"href":"https:\/\/www.eoleenbeauce.fr\/?rest_route=\/wp\/v2\/pages\/270"}],"wp:attachment":[{"href":"https:\/\/www.eoleenbeauce.fr\/?rest_route=%2Fwp%2Fv2%2Fmedia&parent=161"}],"curies":[{"name":"wp","href":"https:\/\/api.w.org\/{rel}","templated":true}]}}