{"id":1464,"date":"2019-03-05T06:52:32","date_gmt":"2019-03-05T05:52:32","guid":{"rendered":"http:\/\/www.eoleenbeauce.fr\/?page_id=1464"},"modified":"2026-02-26T07:59:27","modified_gmt":"2026-02-26T06:59:27","slug":"vie-locale","status":"publish","type":"page","link":"https:\/\/www.eoleenbeauce.fr\/vie-municipale\/vie-locale\/","title":{"rendered":"Vie locale"},"content":{"rendered":"<p>&nbsp;<\/p>\n<h2 style=\"text-align: center;\"><span style=\"color: #339966;\"><strong>La vie locale \u00e0 \u00c9ole-en-Beauce<\/strong><\/span><\/h2>\n<p>La vie locale d&rsquo;\u00c9ole-en-Beauce est riche et vari\u00e9e. Notre commune s&rsquo;engage \u00e0 soutenir les initiatives qui font la vitalit\u00e9 de notre territoire.<\/p>\n<p>&nbsp;<\/p>\n<div class=\"vielocale-grid\" style=\"display: grid; grid-template-columns: repeat(3, 1fr); gap: 15px; margin: 15px 0;\">\n<div style=\"border: 4px solid #339966; border-radius: 12px; padding: 20px; background-color: #f0f9f5;\">\n<h3 style=\"color: #99cc00; text-align: center;\"><strong><a style=\"color: #99cc00; text-decoration: none;\" href=\"https:\/\/www.eoleenbeauce.fr\/vie-municipale\/vie-locale\/associations\/\">Associations<\/a><\/strong><\/h3>\n<p>Notre commune compte plusieurs associations actives qui animent la vie locale tout au long de l&rsquo;ann\u00e9e. Comit\u00e9s des f\u00eates, familles rurales&#8230;<\/p>\n<\/div>\n<div style=\"border: 4px solid #339966; border-radius: 12px; padding: 20px; background-color: #f0f9f5;\">\n<h3 style=\"color: #99cc00; text-align: center;\"><strong><a style=\"color: #99cc00; text-decoration: none;\" href=\"https:\/\/www.eoleenbeauce.fr\/vie-locale\/artisans-commercants-de-notre-commune\/\">Artisans et commer\u00e7ants<\/a><\/strong><\/h3>\n<p>\u00c9ole-en-Beauce compte plusieurs artisans et commer\u00e7ants locaux. Faites vivre l&rsquo;\u00e9conomie locale en les soutenant !<\/p>\n<\/div>\n<div style=\"border: 4px solid #339966; border-radius: 12px; padding: 20px; background-color: #f0f9f5;\">\n<h3 style=\"color: #99cc00; text-align: center;\"><strong><a style=\"color: #99cc00; text-decoration: none;\" href=\"https:\/\/www.eoleenbeauce.fr\/vie-municipale\/vie-locale\/les-salles-communales\/\">Location de salle<\/a><\/strong><\/h3>\n<p>\u00c9ole-en-Beauce poss\u00e8de plusieurs salles disponibles \u00e0 la location pour vos \u00e9v\u00e9nements.<\/p>\n<\/div>\n<div style=\"border: 4px solid #339966; border-radius: 12px; padding: 20px; background-color: #f0f9f5;\">\n<h3 style=\"color: #99cc00; text-align: center;\"><strong><a style=\"color: #99cc00; text-decoration: none;\" href=\"https:\/\/www.eoleenbeauce.fr\/vie-municipale\/vie-locale\/panneau-pocket\/\">Panneau Pocket<\/a><\/strong><\/h3>\n<p>Panneau Pocket est l&rsquo;application mobile d&rsquo;informations et d&rsquo;alertes de notre commune. Recevez en temps r\u00e9el les actualit\u00e9s, les alertes et les \u00e9v\u00e9nements d&rsquo;\u00c9ole-en-Beauce directement sur votre smartphone.<\/p>\n<p>Son acc\u00e8s est <strong>gratuit<\/strong>.<\/p>\n<\/div>\n<div style=\"border: 4px solid #339966; border-radius: 12px; padding: 20px; background-color: #f0f9f5;\">\n<h3 style=\"color: #99cc00; text-align: center;\"><strong><a style=\"color: #99cc00; text-decoration: none;\" href=\"https:\/\/www.eoleenbeauce.fr\/calendrier\/\">Calendrier des manifestations<\/a><\/strong><\/h3>\n<p>Retrouvez toutes les prochaines manifestations organis\u00e9es sur le territoire d&rsquo;\u00c9ole-en-Beauce : f\u00eates, animations, r\u00e9unions publiques et bien d&rsquo;autres \u00e9v\u00e9nements qui rythment la vie de notre commune.<\/p>\n<\/div>\n<\/div>\n","protected":false},"excerpt":{"rendered":"<p>&nbsp; La vie locale \u00e0 \u00c9ole-en-Beauce La vie locale d&rsquo;\u00c9ole-en-Beauce est riche et vari\u00e9e. Notre commune s&rsquo;engage \u00e0 soutenir les [&hellip;]<\/p>\n","protected":false},"author":1,"featured_media":0,"parent":60,"menu_order":7,"comment_status":"closed","ping_status":"closed","template":"","meta":{"site-sidebar-layout":"default","site-content-layout":"","ast-site-content-layout":"default","site-content-style":"default","site-sidebar-style":"default","ast-global-header-display":"","ast-banner-title-visibility":"","ast-main-header-display":"","ast-hfb-above-header-display":"","ast-hfb-below-header-display":"","ast-hfb-mobile-header-display":"","site-post-title":"disabled","ast-breadcrumbs-content":"","ast-featured-img":"","footer-sml-layout":"","ast-disable-related-posts":"","theme-transparent-header-meta":"default","adv-header-id-meta":"","stick-header-meta":"","header-above-stick-meta":"","header-main-stick-meta":"","header-below-stick-meta":"","astra-migrate-meta-layouts":"set","ast-page-background-enabled":"default","ast-page-background-meta":{"desktop":{"background-color":"var(--ast-global-color-5)","background-image":"","background-repeat":"repeat","background-position":"center center","background-size":"auto","background-attachment":"scroll","background-type":"","background-media":"","overlay-type":"","overlay-color":"","overlay-opacity":"","overlay-gradient":""},"tablet":{"background-color":"","background-image":"","background-repeat":"repeat","background-position":"center center","background-size":"auto","background-attachment":"scroll","background-type":"","background-media":"","overlay-type":"","overlay-color":"","overlay-opacity":"","overlay-gradient":""},"mobile":{"background-color":"","background-image":"","background-repeat":"repeat","background-position":"center center","background-size":"auto","background-attachment":"scroll","background-type":"","background-media":"","overlay-type":"","overlay-color":"","overlay-opacity":"","overlay-gradient":""}},"ast-content-background-meta":{"desktop":{"background-color":"var(--ast-global-color-4)","background-image":"","background-repeat":"repeat","background-position":"center center","background-size":"auto","background-attachment":"scroll","background-type":"","background-media":"","overlay-type":"","overlay-color":"","overlay-opacity":"","overlay-gradient":""},"tablet":{"background-color":"var(--ast-global-color-4)","background-image":"","background-repeat":"repeat","background-position":"center center","background-size":"auto","background-attachment":"scroll","background-type":"","background-media":"","overlay-type":"","overlay-color":"","overlay-opacity":"","overlay-gradient":""},"mobile":{"background-color":"var(--ast-global-color-4)","background-image":"","background-repeat":"repeat","background-position":"center center","background-size":"auto","background-attachment":"scroll","background-type":"","background-media":"","overlay-type":"","overlay-color":"","overlay-opacity":"","overlay-gradient":""}},"footnotes":""},"class_list":["post-1464","page","type-page","status-publish","hentry"],"_links":{"self":[{"href":"https:\/\/www.eoleenbeauce.fr\/?rest_route=\/wp\/v2\/pages\/1464","targetHints":{"allow":["GET"]}}],"collection":[{"href":"https:\/\/www.eoleenbeauce.fr\/?rest_route=\/wp\/v2\/pages"}],"about":[{"href":"https:\/\/www.eoleenbeauce.fr\/?rest_route=\/wp\/v2\/types\/page"}],"author":[{"embeddable":true,"href":"https:\/\/www.eoleenbeauce.fr\/?rest_route=\/wp\/v2\/users\/1"}],"replies":[{"embeddable":true,"href":"https:\/\/www.eoleenbeauce.fr\/?rest_route=%2Fwp%2Fv2%2Fcomments&post=1464"}],"version-history":[{"count":32,"href":"https:\/\/www.eoleenbeauce.fr\/?rest_route=\/wp\/v2\/pages\/1464\/revisions"}],"predecessor-version":[{"id":3305,"href":"https:\/\/www.eoleenbeauce.fr\/?rest_route=\/wp\/v2\/pages\/1464\/revisions\/3305"}],"up":[{"embeddable":true,"href":"https:\/\/www.eoleenbeauce.fr\/?rest_route=\/wp\/v2\/pages\/60"}],"wp:attachment":[{"href":"https:\/\/www.eoleenbeauce.fr\/?rest_route=%2Fwp%2Fv2%2Fmedia&parent=1464"}],"curies":[{"name":"wp","href":"https:\/\/api.w.org\/{rel}","templated":true}]}}