{"id":1317,"date":"2019-03-04T10:28:48","date_gmt":"2019-03-04T09:28:48","guid":{"rendered":"http:\/\/www.eoleenbeauce.fr\/?page_id=1317"},"modified":"2026-03-06T06:29:00","modified_gmt":"2026-03-06T05:29:00","slug":"eau-et-assainissement","status":"publish","type":"page","link":"https:\/\/www.eoleenbeauce.fr\/vie-municipale\/eau-et-assainissement\/","title":{"rendered":"Eau et assainissement"},"content":{"rendered":"<div class=\"page\">\n<div class=\"hero-title-wrap\">\n<h1 class=\"hero-title\">L&rsquo;Eau et l&rsquo;Assainissement Non Collectif<\/h1>\n<div class=\"hero-bar\"><\/div>\n<\/p><\/div>\n<div class=\"main-card\">\n<h3>L&rsquo;eau potable<\/h3>\n<p>L&rsquo;eau potable est s\u00e9par\u00e9e en deux parties distinctes : la production et la distribution.<\/p>\n<div class=\"sub-card\">\n<h4>Le service de production de l&rsquo;eau potable<\/h4>\n<p>La Communaut\u00e9 de Communes C\u0153ur de Beauce assure uniquement la production d&rsquo;eau potable sur l&rsquo;ensemble de son territoire. L&rsquo;eau est capt\u00e9e dans la nappe souterraine gr\u00e2ce \u00e0 12 forages qui alimentent 4 stations d&rsquo;eau potable. Ces stations sont r\u00e9parties sur le territoire :<\/p>\n<ul>\n<li>1 station sur la commune de Loigny-la-Bataille aliment\u00e9e par 2 forages sur Loigny-la-Bataille et 1 forage sur Terminiers<\/li>\n<li>1 station sur la commune de Guillonville aliment\u00e9e par 2 forages sur Pruneville (Guillonville) et 1 forage sur P\u00e9ronville<\/li>\n<li>1 station sur la commune de Janville-en-Beauce aliment\u00e9e par 2 forages sur Le Puiset (Janville-en-Beauce)<\/li>\n<li>1 station sur la commune de Moutiers-en-Beauce aliment\u00e9e par 2 forages sur Moutiers-en-Beauce et 2 forages sur Prasville<\/li>\n<\/ul>\n<p>Le service est exploit\u00e9 en r\u00e9gie avec un prestataire de service pour la maintenance de la station de pompage. La communaut\u00e9 de communes a sign\u00e9 un contrat avec VEOLIA le 1er juillet 2019.<\/p>\n<\/p><\/div>\n<div class=\"sub-card\">\n<h4>Le service de distribution de l&rsquo;eau potable<\/h4>\n<p>La commune d&rsquo;\u00c9ole-en-Beauce assure uniquement le service de distribution de l&rsquo;eau potable depuis ses 5 ch\u00e2teaux d&rsquo;eau :<\/p>\n<ul>\n<li>Baignolet<\/li>\n<li>Fains la Folie<\/li>\n<li>Germignonville<\/li>\n<li>Viabon<\/li>\n<li>Villeau<\/li>\n<\/ul><\/div>\n<\/p><\/div>\n<div class=\"main-card\">\n<h3>L&rsquo;assainissement non collectif<\/h3>\n<p>Il s&rsquo;agit du traitement des eaux us\u00e9es domestiques produites par une habitation qui n&rsquo;est pas raccord\u00e9e au r\u00e9seau public de collecte des eaux us\u00e9es (tout \u00e0 l&rsquo;\u00e9gout).<\/p>\n<p>On trouve \u00e9galement ce mode d&rsquo;assainissement (fosses septiques par exemple) en <strong>milieu rural<\/strong>, car il est adapt\u00e9 aux habitations isol\u00e9es, techniquement et financi\u00e8rement. Ces installations peuvent pr\u00e9senter un risque pour la sant\u00e9 ou l&rsquo;environnement si elles sont d\u00e9fectueuses, mal install\u00e9es ou mal entretenues. C&rsquo;est pourquoi l&rsquo;installation doit \u00eatre <strong>entretenue et contr\u00f4l\u00e9e r\u00e9guli\u00e8rement<\/strong> par le service public d&rsquo;assainissement non collectif (SPANC) et faire l&rsquo;objet, si n\u00e9cessaire, de travaux de r\u00e9habilitation.<\/p>\n<p>Depuis le 1er juillet 2012, une nouvelle r\u00e9glementation s&rsquo;applique pour le contr\u00f4le des installations d&rsquo;assainissement non collectif. L&rsquo;objectif est <strong>d&rsquo;\u00e9tablir des r\u00e8gles plus claires<\/strong> de contr\u00f4le de ces installations, en pr\u00e9cisant les points contr\u00f4l\u00e9s et les r\u00e8gles d&rsquo;interpr\u00e9tation.<\/p>\n<div class=\"sub-card\">\n<h4>Les campagnes de vidange group\u00e9e<\/h4>\n<h5>\u00c0 quel prix ?<\/h5>\n<p>Le SPANC de la Communaut\u00e9 de Communes propose aux usagers du service un prestataire pour effectuer <strong>l&rsquo;entretien des installations d&rsquo;assainissement non collectif.<\/strong><\/p>\n<p>Ce service est facultatif, il sera ex\u00e9cut\u00e9 par la Soci\u00e9t\u00e9 AVD, retenue apr\u00e8s appel d&rsquo;offres. RAPPEL : le propri\u00e9taire d&rsquo;une installation d&rsquo;assainissement non collectif reste libre de faire appel \u00e0 un prestataire de son choix.<\/p>\n<h5>Comment faire pour b\u00e9n\u00e9ficier de ce service ?<\/h5>\n<p>Le Service Public d&rsquo;Assainissement Non Collectif (SPANC) de la Communaut\u00e9 de Communes vous propose une solution simple et \u00e9conomique pour la vidange de votre installation.<\/p>\n<p>Sur simple appel, inscrivez-vous pour la <strong>vidange<\/strong> de votre installation d&rsquo;assainissement non collectif aupr\u00e8s du SPANC (02.37.90.15.41).<\/p>\n<p>Vous pouvez t\u00e9l\u00e9charger la convention pour l&rsquo;entretien de votre installation d&rsquo;assainissement non collectif (Vidange) que vous retournerez sign\u00e9e et accompagn\u00e9e de votre ch\u00e8que \u00e0 l&rsquo;ordre du Tr\u00e9sor Public au SPANC pour valider votre inscription.<\/p>\n<p>La soci\u00e9t\u00e9 de vidange vous rappellera pour prendre rendez-vous (selon le calendrier de campagne de vidange).<\/p>\n<p>Apr\u00e8s le passage du vidangeur, vous recevrez une facture \u00e9tablie par le SPANC correspondant au montant de la prestation r\u00e9alis\u00e9e.<\/p>\n<\/p><\/div>\n<div class=\"sub-card\">\n<h4>Pour en savoir plus<\/h4>\n<ul>\n<li><a href=\"https:\/\/www.coeurdebeauce.fr\/vie-pratique\/habitat-environnement-mobilite\/assainissement-non-collectif\/\" target=\"_blank\">Informations SPANC<\/a><\/li>\n<li><a href=\"https:\/\/www.coeurdebeauce.fr\/vie-pratique\/habitat-environnement-mobilite\/assainissement-non-collectif\/\" target=\"_blank\">Information sur la vidange CCCB<\/a><\/li>\n<\/ul><\/div>\n<\/p><\/div>\n<\/div>\n","protected":false},"excerpt":{"rendered":"<p>L&rsquo;Eau et l&rsquo;Assainissement Non Collectif L&rsquo;eau potable L&rsquo;eau potable est s\u00e9par\u00e9e en deux parties distinctes : la production et la [&hellip;]<\/p>\n","protected":false},"author":1,"featured_media":0,"parent":60,"menu_order":6,"comment_status":"closed","ping_status":"closed","template":"","meta":{"site-sidebar-layout":"default","site-content-layout":"","ast-site-content-layout":"default","site-content-style":"default","site-sidebar-style":"default","ast-global-header-display":"","ast-banner-title-visibility":"","ast-main-header-display":"","ast-hfb-above-header-display":"","ast-hfb-below-header-display":"","ast-hfb-mobile-header-display":"","site-post-title":"disabled","ast-breadcrumbs-content":"","ast-featured-img":"","footer-sml-layout":"","ast-disable-related-posts":"","theme-transparent-header-meta":"default","adv-header-id-meta":"","stick-header-meta":"","header-above-stick-meta":"","header-main-stick-meta":"","header-below-stick-meta":"","astra-migrate-meta-layouts":"set","ast-page-background-enabled":"default","ast-page-background-meta":{"desktop":{"background-color":"var(--ast-global-color-5)","background-image":"","background-repeat":"repeat","background-position":"center center","background-size":"auto","background-attachment":"scroll","background-type":"","background-media":"","overlay-type":"","overlay-color":"","overlay-opacity":"","overlay-gradient":""},"tablet":{"background-color":"","background-image":"","background-repeat":"repeat","background-position":"center center","background-size":"auto","background-attachment":"scroll","background-type":"","background-media":"","overlay-type":"","overlay-color":"","overlay-opacity":"","overlay-gradient":""},"mobile":{"background-color":"","background-image":"","background-repeat":"repeat","background-position":"center center","background-size":"auto","background-attachment":"scroll","background-type":"","background-media":"","overlay-type":"","overlay-color":"","overlay-opacity":"","overlay-gradient":""}},"ast-content-background-meta":{"desktop":{"background-color":"var(--ast-global-color-4)","background-image":"","background-repeat":"repeat","background-position":"center center","background-size":"auto","background-attachment":"scroll","background-type":"","background-media":"","overlay-type":"","overlay-color":"","overlay-opacity":"","overlay-gradient":""},"tablet":{"background-color":"var(--ast-global-color-4)","background-image":"","background-repeat":"repeat","background-position":"center center","background-size":"auto","background-attachment":"scroll","background-type":"","background-media":"","overlay-type":"","overlay-color":"","overlay-opacity":"","overlay-gradient":""},"mobile":{"background-color":"var(--ast-global-color-4)","background-image":"","background-repeat":"repeat","background-position":"center center","background-size":"auto","background-attachment":"scroll","background-type":"","background-media":"","overlay-type":"","overlay-color":"","overlay-opacity":"","overlay-gradient":""}},"footnotes":""},"class_list":["post-1317","page","type-page","status-publish","hentry"],"_links":{"self":[{"href":"https:\/\/www.eoleenbeauce.fr\/?rest_route=\/wp\/v2\/pages\/1317","targetHints":{"allow":["GET"]}}],"collection":[{"href":"https:\/\/www.eoleenbeauce.fr\/?rest_route=\/wp\/v2\/pages"}],"about":[{"href":"https:\/\/www.eoleenbeauce.fr\/?rest_route=\/wp\/v2\/types\/page"}],"author":[{"embeddable":true,"href":"https:\/\/www.eoleenbeauce.fr\/?rest_route=\/wp\/v2\/users\/1"}],"replies":[{"embeddable":true,"href":"https:\/\/www.eoleenbeauce.fr\/?rest_route=%2Fwp%2Fv2%2Fcomments&post=1317"}],"version-history":[{"count":15,"href":"https:\/\/www.eoleenbeauce.fr\/?rest_route=\/wp\/v2\/pages\/1317\/revisions"}],"predecessor-version":[{"id":3565,"href":"https:\/\/www.eoleenbeauce.fr\/?rest_route=\/wp\/v2\/pages\/1317\/revisions\/3565"}],"up":[{"embeddable":true,"href":"https:\/\/www.eoleenbeauce.fr\/?rest_route=\/wp\/v2\/pages\/60"}],"wp:attachment":[{"href":"https:\/\/www.eoleenbeauce.fr\/?rest_route=%2Fwp%2Fv2%2Fmedia&parent=1317"}],"curies":[{"name":"wp","href":"https:\/\/api.w.org\/{rel}","templated":true}]}}